{"id":996,"date":"2024-03-14T19:57:39","date_gmt":"2024-03-14T18:57:39","guid":{"rendered":"https:\/\/www.gruasybasculantesdac.com\/?post_type=product&#038;p=996"},"modified":"2024-03-14T19:57:39","modified_gmt":"2024-03-14T18:57:39","slug":"pk-295-tec","status":"publish","type":"product","link":"https:\/\/www.gruasybasculantesdac.com\/en\/pk-295-tec\/","title":{"rendered":"PK 295 TEC"},"content":{"rendered":"<p>Optimice su trabajo de manera significativa con la gr\u00faa articulada de carga Palfinger PK 295 TEC, dise\u00f1ada para ofrecer una experiencia de operaci\u00f3n superior y eficiencia sin igual. Esta avanzada maquinaria se beneficia del control electr\u00f3nico PALTRONIC 180, que garantiza una operaci\u00f3n precisa y eficiente en todas las condiciones de trabajo.<\/p>\n<p>Su estructura, dotada de un sistema de brazo P-Profile, destaca por ser extremadamente r\u00edgida y ligera, permitiendo una maniobrabilidad y rendimiento excepcionales. La facilidad de uso se ve enormemente mejorada gracias al innovador mando por radio PALcom P7, espec\u00edficamente desarrollado por PALFINGER para ofrecer un control intuitivo y respuesta inmediata.<\/p>\n<p>Experimente una eficiencia mejorada con el accesorio fly-jib, optimizado por el sistema DPS-P, que facilita el alcance y precisi\u00f3n en el posicionamiento de cargas. Adem\u00e1s, la incorporaci\u00f3n de la tecnolog\u00eda HPSC (High Performance Stability Control) ampliado maximiza la utilizaci\u00f3n del rango de trabajo, proporcionando un nivel superior de seguridad y flexibilidad operativa.<\/p>\n<p>La potencia de elevaci\u00f3n alcanza nuevos est\u00e1ndares gracias al sistema S-HPLS (Sistema de Potencia de Elevaci\u00f3n de Alta Velocidad), asegurando que la Palfinger PK 295 TEC ofrezca un rendimiento de elevaci\u00f3n \u00f3ptimo bajo cualquier circunstancia. Adem\u00e1s, su dise\u00f1o no solo es pr\u00e1ctico y funcional, facilitando las operaciones diarias, sino que tambi\u00e9n presenta una est\u00e9tica atractiva que refleja la calidad y la innovaci\u00f3n de PALFINGER.<\/p>\n<p>Con la Palfinger PK 295 TEC, disfrutar\u00e1 de una combinaci\u00f3n perfecta de tecnolog\u00eda avanzada, eficiencia operativa y dise\u00f1o excepcional, estableciendo un nuevo est\u00e1ndar en el manejo de materiales y elevaci\u00f3n de cargas.<\/p>","protected":false},"excerpt":{"rendered":"<h2 class=\"titulointerior\">Comprar Palfinger PK 295 TEC<\/h2>\n<div class=\"elementor-element elementor-element-d18684c jedv-enabled--yes elementor-widget-divider--view-line elementor-widget elementor-widget-divider\" data-id=\"d18684c\" data-element_type=\"widget\" data-widget_type=\"divider.default\">\n<div class=\"elementor-widget-container\">\n<div class=\"elementor-divider\">\n\t\t\t<span class=\"elementor-divider-separator\"><br \/>\n\t\t\t\t\t\t<\/span>\n\t\t<\/div>\n<\/p><\/div>\n<\/p><\/div>\n<p>\t\t\t\u00bfEst\u00e1s interesado en comprar la Palfinger PK 295 TEC y optimizar tu proceso de trabajo y alcanzar nuevos niveles de productividad?<br \/>\n\t\t\tGr\u00faas y basculantes DAC vende maquinaria de Palfinger, en concreto la Palfinger PK 295 TEC. Esta innovadora herramienta redefine los est\u00e1ndares de eficiencia y rendimiento.  <br \/>Esta m\u00e1quina cuenta con caracter\u00edsticas de vanguardia dise\u00f1adas para ofrecer resultados excepcionales. Desde su tecnolog\u00eda de \u00faltima generaci\u00f3n hasta su dise\u00f1o ergon\u00f3mico, cada detalle ha sido cuidadosamente considerado para satisfacer las demandas de los profesionales m\u00e1s exigentes.<br \/>Si est\u00e1s interesado en comprar la Palfinger PK 295 TEC no lo dudes, ll\u00e1manos o escr\u00edbenos para poder disfrutar de una maquinaria l\u00edder en el mercado <\/p>","protected":false},"featured_media":997,"comment_status":"closed","ping_status":"closed","template":"","meta":[],"product_brand":[],"product_cat":[20,34],"product_tag":[],"class_list":{"0":"post-996","1":"product","2":"type-product","3":"status-publish","4":"has-post-thumbnail","6":"product_cat-gruas-hidraulicas-articuladas","7":"product_cat-gama-media","9":"first","10":"instock","11":"shipping-taxable","12":"product-type-simple"},"_links":{"self":[{"href":"https:\/\/www.gruasybasculantesdac.com\/en\/wp-json\/wp\/v2\/product\/996","targetHints":{"allow":["GET"]}}],"collection":[{"href":"https:\/\/www.gruasybasculantesdac.com\/en\/wp-json\/wp\/v2\/product"}],"about":[{"href":"https:\/\/www.gruasybasculantesdac.com\/en\/wp-json\/wp\/v2\/types\/product"}],"replies":[{"embeddable":true,"href":"https:\/\/www.gruasybasculantesdac.com\/en\/wp-json\/wp\/v2\/comments?post=996"}],"wp:featuredmedia":[{"embeddable":true,"href":"https:\/\/www.gruasybasculantesdac.com\/en\/wp-json\/wp\/v2\/media\/997"}],"wp:attachment":[{"href":"https:\/\/www.gruasybasculantesdac.com\/en\/wp-json\/wp\/v2\/media?parent=996"}],"wp:term":[{"taxonomy":"product_brand","embeddable":true,"href":"https:\/\/www.gruasybasculantesdac.com\/en\/wp-json\/wp\/v2\/product_brand?post=996"},{"taxonomy":"product_cat","embeddable":true,"href":"https:\/\/www.gruasybasculantesdac.com\/en\/wp-json\/wp\/v2\/product_cat?post=996"},{"taxonomy":"product_tag","embeddable":true,"href":"https:\/\/www.gruasybasculantesdac.com\/en\/wp-json\/wp\/v2\/product_tag?post=996"}],"curies":[{"name":"wp","href":"https:\/\/api.w.org\/{rel}","templated":true}]}}