{"id":989,"date":"2024-03-14T19:47:32","date_gmt":"2024-03-14T18:47:32","guid":{"rendered":"https:\/\/www.gruasybasculantesdac.com\/?post_type=product&#038;p=989"},"modified":"2024-03-14T19:47:33","modified_gmt":"2024-03-14T18:47:33","slug":"pk-27002-sh-high-performance","status":"publish","type":"product","link":"https:\/\/www.gruasybasculantesdac.com\/en\/pk-27002-sh-high-performance\/","title":{"rendered":"PK 27002 SH High Performance"},"content":{"rendered":"<p>La Palfinger PK 27002 SH High Performance redefine el concepto de eficiencia y funcionalidad en el \u00e1mbito de las gr\u00faas articuladas de carga. Su dise\u00f1o innovador no solo mejora la est\u00e9tica, sino que tambi\u00e9n protege eficazmente los componentes m\u00e1s delicados, asegurando as\u00ed un valor residual superior y una mayor durabilidad.<\/p>\n<p>Este modelo se destaca por su sistema de giro continuo, que agiliza las operaciones y aumenta la eficiencia de trabajo. Adem\u00e1s, el sistema Power Link Plus expande significativamente las posibilidades de aplicaci\u00f3n de la gr\u00faa, permitiendo su uso en una variedad a\u00fan mayor de contextos.<\/p>\n<p>La Palfinger PK 27002 SH High Performance se beneficia de un dise\u00f1o inteligente que reduce la necesidad de mantenimiento, especialmente en su sistema de prolongas, lo que se traduce en una mayor disponibilidad de la gr\u00faa para trabajar. Asimismo, su ingeniosa construcci\u00f3n ligera no compromete su robustez, ofreciendo una capacidad de carga superior.<\/p>\n<p>El confort y la seguridad son prioritarios en este modelo, dotado de un sistema de detenci\u00f3n progresiva que asegura operaciones m\u00e1s suaves y controladas.<\/p>\n<p>Descubra la perfecci\u00f3n en acci\u00f3n con la Palfinger PK 27002 SH High Performance, una gr\u00faa que eleva los est\u00e1ndares de rendimiento, versatilidad y fiabilidad.<\/p>","protected":false},"excerpt":{"rendered":"<h2 class=\"titulointerior\">Comprar Palfinger PK 27002 SH High Performance<\/h2>\n<div class=\"elementor-element elementor-element-d18684c jedv-enabled--yes elementor-widget-divider--view-line elementor-widget elementor-widget-divider\" data-id=\"d18684c\" data-element_type=\"widget\" data-widget_type=\"divider.default\">\n<div class=\"elementor-widget-container\">\n<div class=\"elementor-divider\">\n\t\t\t<span class=\"elementor-divider-separator\"><br \/>\n\t\t\t\t\t\t<\/span>\n\t\t<\/div>\n<\/p><\/div>\n<\/p><\/div>\n<p>\t\t\t\u00bfEst\u00e1s interesado en comprar la Palfinger PK 27002 SH High Performance y optimizar tu proceso de trabajo y alcanzar nuevos niveles de productividad?<br \/>\n\t\t\tGr\u00faas y basculantes DAC vende maquinaria de Palfinger, en concreto la Palfinger PK 27002 SH High Performance. Esta innovadora herramienta redefine los est\u00e1ndares de eficiencia y rendimiento.  <br \/>Esta m\u00e1quina cuenta con caracter\u00edsticas de vanguardia dise\u00f1adas para ofrecer resultados excepcionales. Desde su tecnolog\u00eda de \u00faltima generaci\u00f3n hasta su dise\u00f1o ergon\u00f3mico, cada detalle ha sido cuidadosamente considerado para satisfacer las demandas de los profesionales m\u00e1s exigentes.<br \/>Si est\u00e1s interesado en comprar la Palfinger PK 27002 SH High Performance no lo dudes, ll\u00e1manos o escr\u00edbenos para poder disfrutar de una maquinaria l\u00edder en el mercado <\/p>","protected":false},"featured_media":990,"comment_status":"closed","ping_status":"closed","template":"","meta":[],"product_brand":[],"product_cat":[20,34],"product_tag":[],"class_list":{"0":"post-989","1":"product","2":"type-product","3":"status-publish","4":"has-post-thumbnail","6":"product_cat-gruas-hidraulicas-articuladas","7":"product_cat-gama-media","9":"first","10":"instock","11":"shipping-taxable","12":"product-type-simple"},"_links":{"self":[{"href":"https:\/\/www.gruasybasculantesdac.com\/en\/wp-json\/wp\/v2\/product\/989","targetHints":{"allow":["GET"]}}],"collection":[{"href":"https:\/\/www.gruasybasculantesdac.com\/en\/wp-json\/wp\/v2\/product"}],"about":[{"href":"https:\/\/www.gruasybasculantesdac.com\/en\/wp-json\/wp\/v2\/types\/product"}],"replies":[{"embeddable":true,"href":"https:\/\/www.gruasybasculantesdac.com\/en\/wp-json\/wp\/v2\/comments?post=989"}],"wp:featuredmedia":[{"embeddable":true,"href":"https:\/\/www.gruasybasculantesdac.com\/en\/wp-json\/wp\/v2\/media\/990"}],"wp:attachment":[{"href":"https:\/\/www.gruasybasculantesdac.com\/en\/wp-json\/wp\/v2\/media?parent=989"}],"wp:term":[{"taxonomy":"product_brand","embeddable":true,"href":"https:\/\/www.gruasybasculantesdac.com\/en\/wp-json\/wp\/v2\/product_brand?post=989"},{"taxonomy":"product_cat","embeddable":true,"href":"https:\/\/www.gruasybasculantesdac.com\/en\/wp-json\/wp\/v2\/product_cat?post=989"},{"taxonomy":"product_tag","embeddable":true,"href":"https:\/\/www.gruasybasculantesdac.com\/en\/wp-json\/wp\/v2\/product_tag?post=989"}],"curies":[{"name":"wp","href":"https:\/\/api.w.org\/{rel}","templated":true}]}}