{"id":981,"date":"2024-03-14T19:36:40","date_gmt":"2024-03-14T18:36:40","guid":{"rendered":"https:\/\/www.gruasybasculantesdac.com\/?post_type=product&#038;p=981"},"modified":"2024-03-14T19:36:41","modified_gmt":"2024-03-14T18:36:41","slug":"pk-27001-eh-high-performance","status":"publish","type":"product","link":"https:\/\/www.gruasybasculantesdac.com\/en\/pk-27001-eh-high-performance\/","title":{"rendered":"PK 27001-EH High Performance"},"content":{"rendered":"<p>La gr\u00faa articulada de carga Palfinger PK 27001-EH High Performance se distingue por su versatilidad y rendimiento superior, incluso en las condiciones m\u00e1s exigentes. Equipada con la innovaci\u00f3n Single Link Plus, esta gr\u00faa ampl\u00eda sus posibilidades de aplicaci\u00f3n, asegurando un desempe\u00f1o \u00f3ptimo en una amplia gama de tareas.<\/p>\n<p>Gracias al sistema E-HPLS, la Palfinger PK 27001-EH High Performance sobresale por su incrementada capacidad de elevaci\u00f3n, permitiendo manejar cargas m\u00e1s pesadas con facilidad y eficiencia. Adem\u00e1s, su durabilidad est\u00e1 garantizada por el revestimiento KTL, que contribuye a un alto valor residual del equipo.<\/p>\n<p>La maximizaci\u00f3n del \u00e1rea de trabajo es posible gracias al sistema HPSC, que optimiza el rendimiento en cualquier espacio, permitiendo una utilizaci\u00f3n completa de las capacidades de la gr\u00faa. Este modelo tambi\u00e9n destaca por su mayor disponibilidad, ya que el dise\u00f1o del sistema de prolongas reduce significativamente la necesidad de mantenimiento, asegurando as\u00ed una mayor productividad.<\/p>\n<p>Para mejorar la experiencia del usuario, la Palfinger PK 27001-EH High Performance ofrece la opci\u00f3n de un control remoto por radio, que facilita su operaci\u00f3n, haciendo el trabajo m\u00e1s intuitivo y menos fatigoso para el operador.<\/p>\n<p>En conclusi\u00f3n, la Palfinger PK 27001-EH High Performance es sin\u00f3nimo de \u00abPerfecci\u00f3n en Acci\u00f3n\u00bb, combinando avanzadas tecnolog\u00edas y caracter\u00edsticas dise\u00f1adas para ofrecer una soluci\u00f3n de elevaci\u00f3n de alta eficiencia y confiabilidad.<\/p>","protected":false},"excerpt":{"rendered":"<h2 class=\"titulointerior\">Comprar Palfinger PK 27001-EH High Performance<\/h2>\n<div class=\"elementor-element elementor-element-d18684c jedv-enabled--yes elementor-widget-divider--view-line elementor-widget elementor-widget-divider\" data-id=\"d18684c\" data-element_type=\"widget\" data-widget_type=\"divider.default\">\n<div class=\"elementor-widget-container\">\n<div class=\"elementor-divider\">\n\t\t\t<span class=\"elementor-divider-separator\"><br \/>\n\t\t\t\t\t\t<\/span>\n\t\t<\/div>\n<\/p><\/div>\n<\/p><\/div>\n<p>\t\t\t\u00bfEst\u00e1s interesado en comprar la Palfinger PK 27001-EH High Performance y optimizar tu proceso de trabajo y alcanzar nuevos niveles de productividad?<br \/>\n\t\t\tGr\u00faas y basculantes DAC vende maquinaria de Palfinger, en concreto la Palfinger PK 27001-EH High Performance. Esta innovadora herramienta redefine los est\u00e1ndares de eficiencia y rendimiento.  <br \/>Esta m\u00e1quina cuenta con caracter\u00edsticas de vanguardia dise\u00f1adas para ofrecer resultados excepcionales. Desde su tecnolog\u00eda de \u00faltima generaci\u00f3n hasta su dise\u00f1o ergon\u00f3mico, cada detalle ha sido cuidadosamente considerado para satisfacer las demandas de los profesionales m\u00e1s exigentes.<br \/>Si est\u00e1s interesado en comprar la Palfinger PK 27001-EH High Performance no lo dudes, ll\u00e1manos o escr\u00edbenos para poder disfrutar de una maquinaria l\u00edder en el mercado <\/p>","protected":false},"featured_media":982,"comment_status":"closed","ping_status":"closed","template":"","meta":[],"product_brand":[],"product_cat":[20,34],"product_tag":[],"class_list":{"0":"post-981","1":"product","2":"type-product","3":"status-publish","4":"has-post-thumbnail","6":"product_cat-gruas-hidraulicas-articuladas","7":"product_cat-gama-media","9":"first","10":"instock","11":"shipping-taxable","12":"product-type-simple"},"_links":{"self":[{"href":"https:\/\/www.gruasybasculantesdac.com\/en\/wp-json\/wp\/v2\/product\/981","targetHints":{"allow":["GET"]}}],"collection":[{"href":"https:\/\/www.gruasybasculantesdac.com\/en\/wp-json\/wp\/v2\/product"}],"about":[{"href":"https:\/\/www.gruasybasculantesdac.com\/en\/wp-json\/wp\/v2\/types\/product"}],"replies":[{"embeddable":true,"href":"https:\/\/www.gruasybasculantesdac.com\/en\/wp-json\/wp\/v2\/comments?post=981"}],"wp:featuredmedia":[{"embeddable":true,"href":"https:\/\/www.gruasybasculantesdac.com\/en\/wp-json\/wp\/v2\/media\/982"}],"wp:attachment":[{"href":"https:\/\/www.gruasybasculantesdac.com\/en\/wp-json\/wp\/v2\/media?parent=981"}],"wp:term":[{"taxonomy":"product_brand","embeddable":true,"href":"https:\/\/www.gruasybasculantesdac.com\/en\/wp-json\/wp\/v2\/product_brand?post=981"},{"taxonomy":"product_cat","embeddable":true,"href":"https:\/\/www.gruasybasculantesdac.com\/en\/wp-json\/wp\/v2\/product_cat?post=981"},{"taxonomy":"product_tag","embeddable":true,"href":"https:\/\/www.gruasybasculantesdac.com\/en\/wp-json\/wp\/v2\/product_tag?post=981"}],"curies":[{"name":"wp","href":"https:\/\/api.w.org\/{rel}","templated":true}]}}