{"id":974,"date":"2024-03-14T19:25:12","date_gmt":"2024-03-14T18:25:12","guid":{"rendered":"https:\/\/www.gruasybasculantesdac.com\/?post_type=product&#038;p=974"},"modified":"2024-03-14T19:25:13","modified_gmt":"2024-03-14T18:25:13","slug":"pk-26002-eh-high-performance","status":"publish","type":"product","link":"https:\/\/www.gruasybasculantesdac.com\/en\/pk-26002-eh-high-performance\/","title":{"rendered":"PK 26002 EH High Performance"},"content":{"rendered":"<p>La Palfinger PK 26002 EH High Performance redefine la versatilidad y eficiencia en el manejo de cargas. Equipada con la avanzada tecnolog\u00eda E-HPLS, esta gr\u00faa articulada de carga ofrece un amplio rango de operaci\u00f3n, abriendo un sinf\u00edn de posibilidades en diversas aplicaciones. La eficacia se ve potenciada con el uso del jib, gracias al innovador sistema DPS Plus, asegurando una operatividad sin precedentes.<\/p>\n<p>La durabilidad y est\u00e9tica de la gr\u00faa no se quedan atr\u00e1s; el tratamiento de superficie KTL garantiza una apariencia impecable y un valor residual superior, lo que representa una inversi\u00f3n inteligente a largo plazo. Adem\u00e1s, la incorporaci\u00f3n del sistema Power Link Plus expande las capacidades operativas de la gr\u00faa, permitiendo un manejo m\u00e1s vers\u00e1til y eficiente de las cargas.<\/p>\n<p>El mantenimiento reducido del sistema de prolongas asegura una mayor disponibilidad de la gr\u00faa, lo que se traduce en operaciones m\u00e1s fluidas y un retorno de inversi\u00f3n acelerado. Pensando en la comodidad del operario, la Palfinger PK 26002 EH High Performance ofrece un control remoto por radio opcional, facilitando las operaciones y mejorando la experiencia de uso.<\/p>\n<p>Perfecci\u00f3n en acci\u00f3n, la Palfinger PK 26002 EH High Performance establece nuevos est\u00e1ndares en el sector de las gr\u00faas articuladas de carga, prometiendo elevar la eficiencia y funcionalidad a niveles excepcionales.<\/p>","protected":false},"excerpt":{"rendered":"<h2 class=\"titulointerior\">Comprar Palfinger PK 26002 EH High Performance<\/h2>\n<div class=\"elementor-element elementor-element-d18684c jedv-enabled--yes elementor-widget-divider--view-line elementor-widget elementor-widget-divider\" data-id=\"d18684c\" data-element_type=\"widget\" data-widget_type=\"divider.default\">\n<div class=\"elementor-widget-container\">\n<div class=\"elementor-divider\">\n\t\t\t<span class=\"elementor-divider-separator\"><br \/>\n\t\t\t\t\t\t<\/span>\n\t\t<\/div>\n<\/p><\/div>\n<\/p><\/div>\n<p>\t\t\t\u00bfEst\u00e1s interesado en comprar la Palfinger PK 26002 EH High Performance y optimizar tu proceso de trabajo y alcanzar nuevos niveles de productividad?<br \/>\n\t\t\tGr\u00faas y basculantes DAC vende maquinaria de Palfinger, en concreto la Palfinger PK 26002 EH High Performance. Esta innovadora herramienta redefine los est\u00e1ndares de eficiencia y rendimiento.  <br \/>Esta m\u00e1quina cuenta con caracter\u00edsticas de vanguardia dise\u00f1adas para ofrecer resultados excepcionales. Desde su tecnolog\u00eda de \u00faltima generaci\u00f3n hasta su dise\u00f1o ergon\u00f3mico, cada detalle ha sido cuidadosamente considerado para satisfacer las demandas de los profesionales m\u00e1s exigentes.<br \/>Si est\u00e1s interesado en comprar la Palfinger PK 26002 EH High Performance no lo dudes, ll\u00e1manos o escr\u00edbenos para poder disfrutar de una maquinaria l\u00edder en el mercado <\/p>","protected":false},"featured_media":975,"comment_status":"closed","ping_status":"closed","template":"","meta":[],"product_brand":[],"product_cat":[20,34],"product_tag":[],"class_list":{"0":"post-974","1":"product","2":"type-product","3":"status-publish","4":"has-post-thumbnail","6":"product_cat-gruas-hidraulicas-articuladas","7":"product_cat-gama-media","9":"first","10":"instock","11":"shipping-taxable","12":"product-type-simple"},"_links":{"self":[{"href":"https:\/\/www.gruasybasculantesdac.com\/en\/wp-json\/wp\/v2\/product\/974","targetHints":{"allow":["GET"]}}],"collection":[{"href":"https:\/\/www.gruasybasculantesdac.com\/en\/wp-json\/wp\/v2\/product"}],"about":[{"href":"https:\/\/www.gruasybasculantesdac.com\/en\/wp-json\/wp\/v2\/types\/product"}],"replies":[{"embeddable":true,"href":"https:\/\/www.gruasybasculantesdac.com\/en\/wp-json\/wp\/v2\/comments?post=974"}],"wp:featuredmedia":[{"embeddable":true,"href":"https:\/\/www.gruasybasculantesdac.com\/en\/wp-json\/wp\/v2\/media\/975"}],"wp:attachment":[{"href":"https:\/\/www.gruasybasculantesdac.com\/en\/wp-json\/wp\/v2\/media?parent=974"}],"wp:term":[{"taxonomy":"product_brand","embeddable":true,"href":"https:\/\/www.gruasybasculantesdac.com\/en\/wp-json\/wp\/v2\/product_brand?post=974"},{"taxonomy":"product_cat","embeddable":true,"href":"https:\/\/www.gruasybasculantesdac.com\/en\/wp-json\/wp\/v2\/product_cat?post=974"},{"taxonomy":"product_tag","embeddable":true,"href":"https:\/\/www.gruasybasculantesdac.com\/en\/wp-json\/wp\/v2\/product_tag?post=974"}],"curies":[{"name":"wp","href":"https:\/\/api.w.org\/{rel}","templated":true}]}}