{"id":970,"date":"2024-03-14T19:08:11","date_gmt":"2024-03-14T18:08:11","guid":{"rendered":"https:\/\/www.gruasybasculantesdac.com\/?post_type=product&#038;p=970"},"modified":"2024-03-14T19:08:11","modified_gmt":"2024-03-14T18:08:11","slug":"pk-250-tec","status":"publish","type":"product","link":"https:\/\/www.gruasybasculantesdac.com\/en\/pk-250-tec\/","title":{"rendered":"PK 250 TEC"},"content":{"rendered":"<p>Optimice su rendimiento laboral con la Palfinger PK 250 TEC, que incorpora tecnolog\u00eda de vanguardia para una eficiencia y control sin precedentes. Esta gr\u00faa se destaca por su sistema electr\u00f3nico avanzado PALTRONIC 180, dise\u00f1ado para ofrecer una operatividad excepcional y una respuesta altamente sensible a trav\u00e9s de la v\u00e1lvula de control LX-6. Su estructura combina ligereza y rigidez \u00f3ptimas gracias al innovador P-Profile, garantizando una operaci\u00f3n fluida y segura.<\/p>\n<p>Disfrute de una mayor productividad con el revolucionario sistema de giro continuo de la Palfinger PK 250 TEC, que permite movimientos m\u00e1s r\u00e1pidos y eficientes, optimizando los tiempos de operaci\u00f3n. El control nunca fue tan intuitivo y accesible, gracias al mando por radio PALcom P7, especialmente desarrollado por PALFINGER para una interacci\u00f3n sin esfuerzos y de m\u00e1xima precisi\u00f3n.<\/p>\n<p>Su dise\u00f1o no solo es funcional sino tambi\u00e9n atractivo, asegurando que la Palfinger PK 250 TEC no solo mejore la eficiencia de su trabajo, sino que tambi\u00e9n contribuya a una est\u00e9tica profesional. Aproveche al m\u00e1ximo el rango de trabajo con la tecnolog\u00eda HPSC (High Performance Stability Control) ampliado, que maximiza la utilizaci\u00f3n del espacio y mejora la seguridad en cada operaci\u00f3n.<\/p>\n<p>Con la Palfinger PK 250 TEC, lleve su capacidad de trabajo a nuevas alturas, combinando perfectamente potencia, precisi\u00f3n y ergonom\u00eda.<\/p>","protected":false},"excerpt":{"rendered":"<h2 class=\"titulointerior\">Comprar Palfinger PK 250 TEC<\/h2>\n<div class=\"elementor-element elementor-element-d18684c jedv-enabled--yes elementor-widget-divider--view-line elementor-widget elementor-widget-divider\" data-id=\"d18684c\" data-element_type=\"widget\" data-widget_type=\"divider.default\">\n<div class=\"elementor-widget-container\">\n<div class=\"elementor-divider\">\n\t\t\t<span class=\"elementor-divider-separator\"><br \/>\n\t\t\t\t\t\t<\/span>\n\t\t<\/div>\n<\/p><\/div>\n<\/p><\/div>\n<p>\t\t\t\u00bfEst\u00e1s interesado en comprar la Palfinger PK 250 TEC y optimizar tu proceso de trabajo y alcanzar nuevos niveles de productividad?<br \/>\n\t\t\tGr\u00faas y basculantes DAC vende maquinaria de Palfinger, en concreto la Palfinger PK 250 TEC. Esta innovadora herramienta redefine los est\u00e1ndares de eficiencia y rendimiento.  <br \/>Esta m\u00e1quina cuenta con caracter\u00edsticas de vanguardia dise\u00f1adas para ofrecer resultados excepcionales. Desde su tecnolog\u00eda de \u00faltima generaci\u00f3n hasta su dise\u00f1o ergon\u00f3mico, cada detalle ha sido cuidadosamente considerado para satisfacer las demandas de los profesionales m\u00e1s exigentes.<br \/>Si est\u00e1s interesado en comprar la Palfinger PK 250 TEC no lo dudes, ll\u00e1manos o escr\u00edbenos para poder disfrutar de una maquinaria l\u00edder en el mercado <\/p>","protected":false},"featured_media":971,"comment_status":"closed","ping_status":"closed","template":"","meta":[],"product_brand":[],"product_cat":[20,34],"product_tag":[],"class_list":{"0":"post-970","1":"product","2":"type-product","3":"status-publish","4":"has-post-thumbnail","6":"product_cat-gruas-hidraulicas-articuladas","7":"product_cat-gama-media","9":"first","10":"instock","11":"shipping-taxable","12":"product-type-simple"},"_links":{"self":[{"href":"https:\/\/www.gruasybasculantesdac.com\/en\/wp-json\/wp\/v2\/product\/970","targetHints":{"allow":["GET"]}}],"collection":[{"href":"https:\/\/www.gruasybasculantesdac.com\/en\/wp-json\/wp\/v2\/product"}],"about":[{"href":"https:\/\/www.gruasybasculantesdac.com\/en\/wp-json\/wp\/v2\/types\/product"}],"replies":[{"embeddable":true,"href":"https:\/\/www.gruasybasculantesdac.com\/en\/wp-json\/wp\/v2\/comments?post=970"}],"wp:featuredmedia":[{"embeddable":true,"href":"https:\/\/www.gruasybasculantesdac.com\/en\/wp-json\/wp\/v2\/media\/971"}],"wp:attachment":[{"href":"https:\/\/www.gruasybasculantesdac.com\/en\/wp-json\/wp\/v2\/media?parent=970"}],"wp:term":[{"taxonomy":"product_brand","embeddable":true,"href":"https:\/\/www.gruasybasculantesdac.com\/en\/wp-json\/wp\/v2\/product_brand?post=970"},{"taxonomy":"product_cat","embeddable":true,"href":"https:\/\/www.gruasybasculantesdac.com\/en\/wp-json\/wp\/v2\/product_cat?post=970"},{"taxonomy":"product_tag","embeddable":true,"href":"https:\/\/www.gruasybasculantesdac.com\/en\/wp-json\/wp\/v2\/product_tag?post=970"}],"curies":[{"name":"wp","href":"https:\/\/api.w.org\/{rel}","templated":true}]}}