{"id":966,"date":"2024-03-14T18:56:37","date_gmt":"2024-03-14T17:56:37","guid":{"rendered":"https:\/\/www.gruasybasculantesdac.com\/?post_type=product&#038;p=966"},"modified":"2024-03-14T18:56:38","modified_gmt":"2024-03-14T17:56:38","slug":"pk-245-tec","status":"publish","type":"product","link":"https:\/\/www.gruasybasculantesdac.com\/en\/pk-245-tec\/","title":{"rendered":"PK 245 TEC"},"content":{"rendered":"<p>Maximice su eficiencia operativa con la gr\u00faa articulada de carga Palfinger PK 245 TEC, una soluci\u00f3n l\u00edder en el mercado que combina tecnolog\u00eda avanzada y dise\u00f1o innovador. Este modelo se destaca por su sistema de control electr\u00f3nico PALTRONIC 180, que optimiza el rendimiento y la seguridad en cada operaci\u00f3n.<\/p>\n<p>La estructura de la gr\u00faa, reforzada con el perfil P-Profile exclusivo de Palfinger, garantiza una combinaci\u00f3n ideal de rigidez y ligereza, permitiendo movimientos m\u00e1s precisos y reduciendo el peso total del equipo.<\/p>\n<p>Experimente una operatividad sin precedentes con el mando por radio PALcom P7, dise\u00f1ado por Palfinger para ofrecer una experiencia de usuario intuitiva y un control total sobre todas las funciones de la gr\u00faa, mejorando significativamente la facilidad de uso.<\/p>\n<p>Con el sistema de giro continuo, la Palfinger PK 245 TEC eleva la eficiencia y la velocidad de las operaciones, permitiendo maniobras fluidas y sin interrupciones. Adem\u00e1s, su dise\u00f1o funcional no solo cumple con las expectativas de rendimiento, sino que tambi\u00e9n presenta una est\u00e9tica atractiva y pr\u00e1ctica.<\/p>\n<p>Aproveche al m\u00e1ximo el rango de trabajo de la gr\u00faa con el sistema HPSC ampliado, dise\u00f1ado para maximizar la utilizaci\u00f3n del espacio y la capacidad de carga en diferentes condiciones operativas.<\/p>\n<p>La Palfinger PK 245 TEC es sin\u00f3nimo de productividad, eficiencia y seguridad, estableciendo un nuevo est\u00e1ndar en el manejo de cargas articuladas.<\/p>","protected":false},"excerpt":{"rendered":"<h2 class=\"titulointerior\">Comprar Palfinger PK 245 TEC<\/h2>\n<div class=\"elementor-element elementor-element-d18684c jedv-enabled--yes elementor-widget-divider--view-line elementor-widget elementor-widget-divider\" data-id=\"d18684c\" data-element_type=\"widget\" data-widget_type=\"divider.default\">\n<div class=\"elementor-widget-container\">\n<div class=\"elementor-divider\">\n\t\t\t<span class=\"elementor-divider-separator\"><br \/>\n\t\t\t\t\t\t<\/span>\n\t\t<\/div>\n<\/p><\/div>\n<\/p><\/div>\n<p>\t\t\t\u00bfEst\u00e1s interesado en comprar la Palfinger PK 245 TEC y optimizar tu proceso de trabajo y alcanzar nuevos niveles de productividad?<br \/>\n\t\t\tGr\u00faas y basculantes DAC vende maquinaria de Palfinger, en concreto la Palfinger PK 245 TEC. Esta innovadora herramienta redefine los est\u00e1ndares de eficiencia y rendimiento.  <br \/>Esta m\u00e1quina cuenta con caracter\u00edsticas de vanguardia dise\u00f1adas para ofrecer resultados excepcionales. Desde su tecnolog\u00eda de \u00faltima generaci\u00f3n hasta su dise\u00f1o ergon\u00f3mico, cada detalle ha sido cuidadosamente considerado para satisfacer las demandas de los profesionales m\u00e1s exigentes.<br \/>Si est\u00e1s interesado en comprar la Palfinger PK 245 TEC no lo dudes, ll\u00e1manos o escr\u00edbenos para poder disfrutar de una maquinaria l\u00edder en el mercado <\/p>","protected":false},"featured_media":967,"comment_status":"closed","ping_status":"closed","template":"","meta":[],"product_brand":[],"product_cat":[20,34],"product_tag":[],"class_list":{"0":"post-966","1":"product","2":"type-product","3":"status-publish","4":"has-post-thumbnail","6":"product_cat-gruas-hidraulicas-articuladas","7":"product_cat-gama-media","9":"first","10":"instock","11":"shipping-taxable","12":"product-type-simple"},"_links":{"self":[{"href":"https:\/\/www.gruasybasculantesdac.com\/en\/wp-json\/wp\/v2\/product\/966","targetHints":{"allow":["GET"]}}],"collection":[{"href":"https:\/\/www.gruasybasculantesdac.com\/en\/wp-json\/wp\/v2\/product"}],"about":[{"href":"https:\/\/www.gruasybasculantesdac.com\/en\/wp-json\/wp\/v2\/types\/product"}],"replies":[{"embeddable":true,"href":"https:\/\/www.gruasybasculantesdac.com\/en\/wp-json\/wp\/v2\/comments?post=966"}],"wp:featuredmedia":[{"embeddable":true,"href":"https:\/\/www.gruasybasculantesdac.com\/en\/wp-json\/wp\/v2\/media\/967"}],"wp:attachment":[{"href":"https:\/\/www.gruasybasculantesdac.com\/en\/wp-json\/wp\/v2\/media?parent=966"}],"wp:term":[{"taxonomy":"product_brand","embeddable":true,"href":"https:\/\/www.gruasybasculantesdac.com\/en\/wp-json\/wp\/v2\/product_brand?post=966"},{"taxonomy":"product_cat","embeddable":true,"href":"https:\/\/www.gruasybasculantesdac.com\/en\/wp-json\/wp\/v2\/product_cat?post=966"},{"taxonomy":"product_tag","embeddable":true,"href":"https:\/\/www.gruasybasculantesdac.com\/en\/wp-json\/wp\/v2\/product_tag?post=966"}],"curies":[{"name":"wp","href":"https:\/\/api.w.org\/{rel}","templated":true}]}}