{"id":961,"date":"2024-03-14T18:46:41","date_gmt":"2024-03-14T17:46:41","guid":{"rendered":"https:\/\/www.gruasybasculantesdac.com\/?post_type=product&#038;p=961"},"modified":"2024-03-14T18:46:41","modified_gmt":"2024-03-14T17:46:41","slug":"pk-24-001-sld-5","status":"publish","type":"product","link":"https:\/\/www.gruasybasculantesdac.com\/en\/pk-24-001-sld-5\/","title":{"rendered":"PK 24.001 SLD 5"},"content":{"rendered":"<p>Descubre la superioridad tecnol\u00f3gica de la gr\u00faa articulada Palfinger PK 24.001 SLD 5, una herramienta indispensable que redefine los est\u00e1ndares de eficiencia y fiabilidad en la industria. Equipada con el sistema PALTRONIC, esta gr\u00faa asegura una operaci\u00f3n excepcionalmente fiable en todo momento, permiti\u00e9ndote afrontar cualquier desaf\u00edo con total confianza. Experimenta una potencia de elevaci\u00f3n sin precedentes gracias a su innovadora tecnolog\u00eda A-HPLS, dise\u00f1ada para maximizar la capacidad de carga y optimizar el rendimiento general.<\/p>\n<p>La Palfinger PK 24.001 SLD 5 va m\u00e1s all\u00e1 con la incorporaci\u00f3n del sistema Single Link Plus, que ampl\u00eda sus posibilidades de aplicaci\u00f3n al permitir maniobras m\u00e1s precisas y vers\u00e1tiles, ideales para una variedad de tareas complejas. Adem\u00e1s, esta gr\u00faa est\u00e1 dise\u00f1ada para maximizar tu productividad mediante la reducci\u00f3n de los tiempos de ciclo de carga, gracias a su sistema de extensi\u00f3n de alta velocidad que garantiza operaciones m\u00e1s r\u00e1pidas y eficientes.<\/p>\n<p>Con la Palfinger PK 24001 SLD 5, est\u00e1s eligiendo no solo una gr\u00faa, sino una soluci\u00f3n avanzada que llevar\u00e1 tus proyectos al siguiente nivel, combinando rendimiento excepcional, fiabilidad inigualable y versatilidad sin comparaci\u00f3n.<\/p>","protected":false},"excerpt":{"rendered":"<h2 class=\"titulointerior\">Comprar Palfinger PK 24.001 SLD 5<\/h2>\n<div class=\"elementor-element elementor-element-d18684c jedv-enabled--yes elementor-widget-divider--view-line elementor-widget elementor-widget-divider\" data-id=\"d18684c\" data-element_type=\"widget\" data-widget_type=\"divider.default\">\n<div class=\"elementor-widget-container\">\n<div class=\"elementor-divider\">\n\t\t\t<span class=\"elementor-divider-separator\"><br \/>\n\t\t\t\t\t\t<\/span>\n\t\t<\/div>\n<\/p><\/div>\n<\/p><\/div>\n<p>\t\t\t\u00bfEst\u00e1s interesado en comprar la Palfinger PK 24.001 SLD 5 y optimizar tu proceso de trabajo y alcanzar nuevos niveles de productividad?<br \/>\n\t\t\tGr\u00faas y basculantes DAC vende maquinaria de Palfinger, en concreto la Palfinger PK 24.001 SLD 5. Esta innovadora herramienta redefine los est\u00e1ndares de eficiencia y rendimiento.  <br \/>Esta m\u00e1quina cuenta con caracter\u00edsticas de vanguardia dise\u00f1adas para ofrecer resultados excepcionales. Desde su tecnolog\u00eda de \u00faltima generaci\u00f3n hasta su dise\u00f1o ergon\u00f3mico, cada detalle ha sido cuidadosamente considerado para satisfacer las demandas de los profesionales m\u00e1s exigentes.<br \/>Si est\u00e1s interesado en comprar la Palfinger PK 24.001 SLD 5 no lo dudes, ll\u00e1manos o escr\u00edbenos para poder disfrutar de una maquinaria l\u00edder en el mercado <\/p>","protected":false},"featured_media":962,"comment_status":"closed","ping_status":"closed","template":"","meta":[],"product_brand":[],"product_cat":[20,34],"product_tag":[],"class_list":{"0":"post-961","1":"product","2":"type-product","3":"status-publish","4":"has-post-thumbnail","6":"product_cat-gruas-hidraulicas-articuladas","7":"product_cat-gama-media","9":"first","10":"instock","11":"shipping-taxable","12":"product-type-simple"},"_links":{"self":[{"href":"https:\/\/www.gruasybasculantesdac.com\/en\/wp-json\/wp\/v2\/product\/961","targetHints":{"allow":["GET"]}}],"collection":[{"href":"https:\/\/www.gruasybasculantesdac.com\/en\/wp-json\/wp\/v2\/product"}],"about":[{"href":"https:\/\/www.gruasybasculantesdac.com\/en\/wp-json\/wp\/v2\/types\/product"}],"replies":[{"embeddable":true,"href":"https:\/\/www.gruasybasculantesdac.com\/en\/wp-json\/wp\/v2\/comments?post=961"}],"wp:featuredmedia":[{"embeddable":true,"href":"https:\/\/www.gruasybasculantesdac.com\/en\/wp-json\/wp\/v2\/media\/962"}],"wp:attachment":[{"href":"https:\/\/www.gruasybasculantesdac.com\/en\/wp-json\/wp\/v2\/media?parent=961"}],"wp:term":[{"taxonomy":"product_brand","embeddable":true,"href":"https:\/\/www.gruasybasculantesdac.com\/en\/wp-json\/wp\/v2\/product_brand?post=961"},{"taxonomy":"product_cat","embeddable":true,"href":"https:\/\/www.gruasybasculantesdac.com\/en\/wp-json\/wp\/v2\/product_cat?post=961"},{"taxonomy":"product_tag","embeddable":true,"href":"https:\/\/www.gruasybasculantesdac.com\/en\/wp-json\/wp\/v2\/product_tag?post=961"}],"curies":[{"name":"wp","href":"https:\/\/api.w.org\/{rel}","templated":true}]}}