{"id":932,"date":"2024-03-14T12:29:09","date_gmt":"2024-03-14T11:29:09","guid":{"rendered":"https:\/\/www.gruasybasculantesdac.com\/?post_type=product&#038;p=932"},"modified":"2024-03-14T12:42:11","modified_gmt":"2024-03-14T11:42:11","slug":"pk-22002-eh-high-performance","status":"publish","type":"product","link":"https:\/\/www.gruasybasculantesdac.com\/en\/pk-22002-eh-high-performance\/","title":{"rendered":"PK 22002-EH High Performance"},"content":{"rendered":"<p>La Palfinger PK 22002-EH HIGH PERFORMANCE se distingue por su dise\u00f1o eficiente, con dimensiones compactas y un peso reducido que facilitan su instalaci\u00f3n en diversas configuraciones. Este modelo maximiza el \u00e1rea de trabajo disponible gracias a la tecnolog\u00eda HPSC (High Performance Stability Control), lo que permite un aprovechamiento \u00f3ptimo del espacio y mejora la eficiencia en el lugar de trabajo.<\/p>\n<p>Su mantenimiento simplificado asegura una mayor disponibilidad y reduce los tiempos muertos, lo que se traduce en una productividad continua y confiable. Adem\u00e1s, la gr\u00faa ofrece una excepcional facilidad de operaci\u00f3n, gracias a la opci\u00f3n de control remoto por radio, permitiendo al operador manejarla con comodidad y eficacia desde distintas ubicaciones.<\/p>\n<p>La seguridad y precisi\u00f3n no se dejan al azar; con el sistema AOS (Active Oscillation Suppression) opcional, se minimizan las oscilaciones de la carga, asegurando un manejo seguro y preciso. La innovaci\u00f3n contin\u00faa con el sistema Power Link Plus, que expande a\u00fan m\u00e1s las capacidades de uso de la gr\u00faa, ofreciendo una flexibilidad y versatilidad sin precedentes para enfrentar una amplia gama de desaf\u00edos de elevaci\u00f3n.<\/p>\n<p>En resumen, la Palfinger PK 22002-EH HIGH PERFORMANCE es la encarnaci\u00f3n de la perfecci\u00f3n en acci\u00f3n, dise\u00f1ada para superar las expectativas en t\u00e9rminos de rendimiento, seguridad y eficiencia operativa.<\/p>","protected":false},"excerpt":{"rendered":"<h2 class=\"titulointerior\">Comprar Palfinger PK 22002-EH High Performance<\/h2>\n<div class=\"elementor-element elementor-element-d18684c jedv-enabled--yes elementor-widget-divider--view-line elementor-widget elementor-widget-divider\" data-id=\"d18684c\" data-element_type=\"widget\" data-widget_type=\"divider.default\">\n<div class=\"elementor-widget-container\">\n<div class=\"elementor-divider\"><span class=\"elementor-divider-separator\">\u00a0<\/span><\/div>\n<\/div>\n<\/div>\n<p>\u00bfEst\u00e1s interesado en comprar la Palfinger PK 22002-EH High Performance y optimizar tu proceso de trabajo y alcanzar nuevos niveles de productividad?<br \/>\nGr\u00faas y basculantes DAC vende maquinaria de Palfinger, en concreto la Palfinger PK 22002-EH High Performance. Esta innovadora herramienta redefine los est\u00e1ndares de eficiencia y rendimiento.<br \/>\nEsta m\u00e1quina cuenta con caracter\u00edsticas de vanguardia dise\u00f1adas para ofrecer resultados excepcionales. Desde su tecnolog\u00eda de \u00faltima generaci\u00f3n hasta su dise\u00f1o ergon\u00f3mico, cada detalle ha sido cuidadosamente considerado para satisfacer las demandas de los profesionales m\u00e1s exigentes.<br \/>\nSi est\u00e1s interesado en comprar la Palfinger PK 22002-EH High Performance no lo dudes, ll\u00e1manos o escr\u00edbenos para poder disfrutar de una maquinaria l\u00edder en el mercado<\/p>","protected":false},"featured_media":934,"comment_status":"closed","ping_status":"closed","template":"","meta":[],"product_brand":[],"product_cat":[34,20],"product_tag":[],"class_list":{"0":"post-932","1":"product","2":"type-product","3":"status-publish","4":"has-post-thumbnail","6":"product_cat-gama-media","7":"product_cat-gruas-hidraulicas-articuladas","9":"first","10":"instock","11":"shipping-taxable","12":"product-type-simple"},"_links":{"self":[{"href":"https:\/\/www.gruasybasculantesdac.com\/en\/wp-json\/wp\/v2\/product\/932","targetHints":{"allow":["GET"]}}],"collection":[{"href":"https:\/\/www.gruasybasculantesdac.com\/en\/wp-json\/wp\/v2\/product"}],"about":[{"href":"https:\/\/www.gruasybasculantesdac.com\/en\/wp-json\/wp\/v2\/types\/product"}],"replies":[{"embeddable":true,"href":"https:\/\/www.gruasybasculantesdac.com\/en\/wp-json\/wp\/v2\/comments?post=932"}],"wp:featuredmedia":[{"embeddable":true,"href":"https:\/\/www.gruasybasculantesdac.com\/en\/wp-json\/wp\/v2\/media\/934"}],"wp:attachment":[{"href":"https:\/\/www.gruasybasculantesdac.com\/en\/wp-json\/wp\/v2\/media?parent=932"}],"wp:term":[{"taxonomy":"product_brand","embeddable":true,"href":"https:\/\/www.gruasybasculantesdac.com\/en\/wp-json\/wp\/v2\/product_brand?post=932"},{"taxonomy":"product_cat","embeddable":true,"href":"https:\/\/www.gruasybasculantesdac.com\/en\/wp-json\/wp\/v2\/product_cat?post=932"},{"taxonomy":"product_tag","embeddable":true,"href":"https:\/\/www.gruasybasculantesdac.com\/en\/wp-json\/wp\/v2\/product_tag?post=932"}],"curies":[{"name":"wp","href":"https:\/\/api.w.org\/{rel}","templated":true}]}}