{"id":924,"date":"2024-03-14T03:00:48","date_gmt":"2024-03-14T02:00:48","guid":{"rendered":"https:\/\/www.gruasybasculantesdac.com\/?post_type=product&#038;p=924"},"modified":"2024-03-14T03:00:48","modified_gmt":"2024-03-14T02:00:48","slug":"pk-19-001-sld-5","status":"publish","type":"product","link":"https:\/\/www.gruasybasculantesdac.com\/en\/pk-19-001-sld-5\/","title":{"rendered":"PK 19.001 SLD 5"},"content":{"rendered":"<p>Descubre la eficiencia redefinida con la Palfinger PK 19.001 SLD 5, una gr\u00faa articulada de carga que combina robustez, simplicidad y accesibilidad econ\u00f3mica. Este modelo avanzado ampl\u00eda las posibilidades operativas con el innovador sistema Single Link Plus, permitiendo un espectro m\u00e1s amplio de aplicaciones con una facilidad sin precedentes.<\/p>\n<p>Gracias a un dise\u00f1o inteligentemente ligero, la Palfinger PK 19.001 SLD 5 ostenta una mayor capacidad de carga, elevando su funcionalidad a nuevos horizontes. La fiabilidad se encuentra en el coraz\u00f3n de esta gr\u00faa, asegurada por el sistema PAL 50, que promete un rendimiento sin fallos y una durabilidad excepcional.<\/p>\n<p>Para una experiencia operativa \u00f3ptima, esta gr\u00faa se puede equipar con un control remoto por radio, que brinda al operario un manejo intuitivo y una comodidad superior durante las operaciones de carga. Adem\u00e1s, la incorporaci\u00f3n del sistema A-HPLS eleva la capacidad de elevaci\u00f3n, asegurando que la Palfinger PK 19.001 SLD 5 no solo cumpla sino que supere las expectativas en el lugar de trabajo.<\/p>\n<p>Vive la perfecci\u00f3n en acci\u00f3n con la Palfinger PK 19001 SLD 5, tu aliado estrat\u00e9gico para lograr una eficiencia y rendimiento superiores en todas tus operaciones de carga.<\/p>","protected":false},"excerpt":{"rendered":"<h2 class=\"titulointerior\">Comprar Palfinger PK 19.001 SLD 5<\/h2>\n<div class=\"elementor-element elementor-element-d18684c jedv-enabled--yes elementor-widget-divider--view-line elementor-widget elementor-widget-divider\" data-id=\"d18684c\" data-element_type=\"widget\" data-widget_type=\"divider.default\">\n<div class=\"elementor-widget-container\">\n<div class=\"elementor-divider\">\n\t\t\t<span class=\"elementor-divider-separator\"><br \/>\n\t\t\t\t\t\t<\/span>\n\t\t<\/div>\n<\/p><\/div>\n<\/p><\/div>\n<p>\t\t\t\u00bfEst\u00e1s interesado en comprar la Palfinger PK 19.001 SLD 5 y optimizar tu proceso de trabajo y alcanzar nuevos niveles de productividad?<br \/>\n\t\t\tGr\u00faas y basculantes DAC vende maquinaria de Palfinger, en concreto la Palfinger PK 19.001 SLD 5. Esta innovadora herramienta redefine los est\u00e1ndares de eficiencia y rendimiento.  <br \/>Esta m\u00e1quina cuenta con caracter\u00edsticas de vanguardia dise\u00f1adas para ofrecer resultados excepcionales. Desde su tecnolog\u00eda de \u00faltima generaci\u00f3n hasta su dise\u00f1o ergon\u00f3mico, cada detalle ha sido cuidadosamente considerado para satisfacer las demandas de los profesionales m\u00e1s exigentes.<br \/>Si est\u00e1s interesado en comprar la Palfinger PK 19.001 SLD 5 no lo dudes, ll\u00e1manos o escr\u00edbenos para poder disfrutar de una maquinaria l\u00edder en el mercado <\/p>","protected":false},"featured_media":925,"comment_status":"closed","ping_status":"closed","template":"","meta":[],"product_brand":[],"product_cat":[20,34],"product_tag":[],"class_list":{"0":"post-924","1":"product","2":"type-product","3":"status-publish","4":"has-post-thumbnail","6":"product_cat-gruas-hidraulicas-articuladas","7":"product_cat-gama-media","9":"first","10":"instock","11":"shipping-taxable","12":"product-type-simple"},"_links":{"self":[{"href":"https:\/\/www.gruasybasculantesdac.com\/en\/wp-json\/wp\/v2\/product\/924","targetHints":{"allow":["GET"]}}],"collection":[{"href":"https:\/\/www.gruasybasculantesdac.com\/en\/wp-json\/wp\/v2\/product"}],"about":[{"href":"https:\/\/www.gruasybasculantesdac.com\/en\/wp-json\/wp\/v2\/types\/product"}],"replies":[{"embeddable":true,"href":"https:\/\/www.gruasybasculantesdac.com\/en\/wp-json\/wp\/v2\/comments?post=924"}],"wp:featuredmedia":[{"embeddable":true,"href":"https:\/\/www.gruasybasculantesdac.com\/en\/wp-json\/wp\/v2\/media\/925"}],"wp:attachment":[{"href":"https:\/\/www.gruasybasculantesdac.com\/en\/wp-json\/wp\/v2\/media?parent=924"}],"wp:term":[{"taxonomy":"product_brand","embeddable":true,"href":"https:\/\/www.gruasybasculantesdac.com\/en\/wp-json\/wp\/v2\/product_brand?post=924"},{"taxonomy":"product_cat","embeddable":true,"href":"https:\/\/www.gruasybasculantesdac.com\/en\/wp-json\/wp\/v2\/product_cat?post=924"},{"taxonomy":"product_tag","embeddable":true,"href":"https:\/\/www.gruasybasculantesdac.com\/en\/wp-json\/wp\/v2\/product_tag?post=924"}],"curies":[{"name":"wp","href":"https:\/\/api.w.org\/{rel}","templated":true}]}}