{"id":918,"date":"2024-03-14T02:44:37","date_gmt":"2024-03-14T01:44:37","guid":{"rendered":"https:\/\/www.gruasybasculantesdac.com\/?post_type=product&#038;p=918"},"modified":"2024-03-14T02:44:38","modified_gmt":"2024-03-14T01:44:38","slug":"pk-18502-sh-high-performance","status":"publish","type":"product","link":"https:\/\/www.gruasybasculantesdac.com\/en\/pk-18502-sh-high-performance\/","title":{"rendered":"PK 18502 SH High Performance"},"content":{"rendered":"<p>La gr\u00faa articulada de carga Palfinger PK 18502 SH High Performance se distingue por su versatilidad y eficiencia, ofreciendo una rentabilidad excepcional a lo largo de toda su vida \u00fatil. Equipada con la innovadora tecnolog\u00eda S-HPLS, esta gr\u00faa asegura una capacidad de elevaci\u00f3n superior, lo que permite manejar cargas m\u00e1s pesadas con facilidad. La incorporaci\u00f3n del sistema Power Link Plus ampl\u00eda a\u00fan m\u00e1s el rango de aplicaciones posibles, brindando una flexibilidad inigualable en el uso de la gr\u00faa.<\/p>\n<p>Dise\u00f1ada pensando en el usuario, la Palfinger PK 18502 SH High Performance garantiza una operaci\u00f3n confortable y segura gracias a su sistema de detenci\u00f3n progresiva, que minimiza los riesgos y mejora la experiencia de manejo. Su dise\u00f1o funcional no solo es pr\u00e1ctico, sino tambi\u00e9n est\u00e9ticamente atractivo, cumpliendo con las demandas de los profesionales m\u00e1s exigentes.<\/p>\n<p>Adem\u00e1s, esta gr\u00faa articulada se beneficia de un alto valor residual, atribuido al revestimiento KTL que protege contra la corrosi\u00f3n y asegura una larga durabilidad. La Palfinger PK 18502 SH High Performance es sin\u00f3nimo de PERFECCI\u00d3N EN ACCI\u00d3N, reflejando un compromiso inquebrantable con la calidad, la innovaci\u00f3n y la satisfacci\u00f3n del cliente.<\/p>","protected":false},"excerpt":{"rendered":"<h2 class=\"titulointerior\">Comprar Palfinger PK 18502 SH High Performance<\/h2>\n<div class=\"elementor-element elementor-element-d18684c jedv-enabled--yes elementor-widget-divider--view-line elementor-widget elementor-widget-divider\" data-id=\"d18684c\" data-element_type=\"widget\" data-widget_type=\"divider.default\">\n<div class=\"elementor-widget-container\">\n<div class=\"elementor-divider\">\n\t\t\t<span class=\"elementor-divider-separator\"><br \/>\n\t\t\t\t\t\t<\/span>\n\t\t<\/div>\n<\/p><\/div>\n<\/p><\/div>\n<p>\t\t\t\u00bfEst\u00e1s interesado en comprar la Palfinger PK 18502 SH High Performance y optimizar tu proceso de trabajo y alcanzar nuevos niveles de productividad?<br \/>\n\t\t\tGr\u00faas y basculantes DAC vende maquinaria de Palfinger, en concreto la Palfinger PK 18502 SH High Performance. Esta innovadora herramienta redefine los est\u00e1ndares de eficiencia y rendimiento.  <br \/>Esta m\u00e1quina cuenta con caracter\u00edsticas de vanguardia dise\u00f1adas para ofrecer resultados excepcionales. Desde su tecnolog\u00eda de \u00faltima generaci\u00f3n hasta su dise\u00f1o ergon\u00f3mico, cada detalle ha sido cuidadosamente considerado para satisfacer las demandas de los profesionales m\u00e1s exigentes.<br \/>Si est\u00e1s interesado en comprar la Palfinger PK 18502 SH High Performance no lo dudes, ll\u00e1manos o escr\u00edbenos para poder disfrutar de una maquinaria l\u00edder en el mercado <\/p>","protected":false},"featured_media":919,"comment_status":"closed","ping_status":"closed","template":"","meta":[],"product_brand":[],"product_cat":[20,34],"product_tag":[],"class_list":{"0":"post-918","1":"product","2":"type-product","3":"status-publish","4":"has-post-thumbnail","6":"product_cat-gruas-hidraulicas-articuladas","7":"product_cat-gama-media","9":"first","10":"instock","11":"shipping-taxable","12":"product-type-simple"},"_links":{"self":[{"href":"https:\/\/www.gruasybasculantesdac.com\/en\/wp-json\/wp\/v2\/product\/918","targetHints":{"allow":["GET"]}}],"collection":[{"href":"https:\/\/www.gruasybasculantesdac.com\/en\/wp-json\/wp\/v2\/product"}],"about":[{"href":"https:\/\/www.gruasybasculantesdac.com\/en\/wp-json\/wp\/v2\/types\/product"}],"replies":[{"embeddable":true,"href":"https:\/\/www.gruasybasculantesdac.com\/en\/wp-json\/wp\/v2\/comments?post=918"}],"wp:featuredmedia":[{"embeddable":true,"href":"https:\/\/www.gruasybasculantesdac.com\/en\/wp-json\/wp\/v2\/media\/919"}],"wp:attachment":[{"href":"https:\/\/www.gruasybasculantesdac.com\/en\/wp-json\/wp\/v2\/media?parent=918"}],"wp:term":[{"taxonomy":"product_brand","embeddable":true,"href":"https:\/\/www.gruasybasculantesdac.com\/en\/wp-json\/wp\/v2\/product_brand?post=918"},{"taxonomy":"product_cat","embeddable":true,"href":"https:\/\/www.gruasybasculantesdac.com\/en\/wp-json\/wp\/v2\/product_cat?post=918"},{"taxonomy":"product_tag","embeddable":true,"href":"https:\/\/www.gruasybasculantesdac.com\/en\/wp-json\/wp\/v2\/product_tag?post=918"}],"curies":[{"name":"wp","href":"https:\/\/api.w.org\/{rel}","templated":true}]}}