{"id":901,"date":"2024-03-14T01:42:40","date_gmt":"2024-03-14T00:42:40","guid":{"rendered":"https:\/\/www.gruasybasculantesdac.com\/?post_type=product&#038;p=901"},"modified":"2024-03-14T01:49:10","modified_gmt":"2024-03-14T00:49:10","slug":"pk-17-001-sld-3","status":"publish","type":"product","link":"https:\/\/www.gruasybasculantesdac.com\/en\/pk-17-001-sld-3\/","title":{"rendered":"PK 17.001 SLD 3"},"content":{"rendered":"<p>Eficiencia y Confianza en Carga Articulada<\/p>\n<p><strong>Dise\u00f1o Robusto y Accesible<\/strong><\/p>\n<p>Ampl\u00eda tus horizontes con la vers\u00e1til Palfinger PK 17.001 SLD 3, equipada con el avanzado sistema Single Link Plus. Su dise\u00f1o inteligente y resistente te garantiza una mayor capacidad de carga sin sacrificar la portabilidad, ofreci\u00e9ndote una soluci\u00f3n confiable y rentable para tus necesidades de elevaci\u00f3n.<\/p>\n<p><strong>Rendimiento Superior<\/strong><\/p>\n<p>Con PAL 50, nuestra tecnolog\u00eda l\u00edder en fiabilidad, puedes confiar en un funcionamiento \u00f3ptimo en cada trabajo. Adem\u00e1s, su control remoto por radio opcional facilita la operaci\u00f3n, proporcionando una experiencia de usuario intuitiva y eficiente en cualquier entorno.<\/p>\n<p><strong>Calidad y Eficacia<\/strong><\/p>\n<p>Experimenta la perfecci\u00f3n en acci\u00f3n con la Palfinger PK 17001 SLD 3. No solo te ofrece una mayor capacidad de carga y flexibilidad de uso, sino que tambi\u00e9n garantiza la seguridad y eficiencia en cada tarea de elevaci\u00f3n. \u00a1Descubre un nuevo est\u00e1ndar de rendimiento en gr\u00faas articuladas!<\/p>","protected":false},"excerpt":{"rendered":"<h2 class=\"titulointerior\">Comprar Palfinger PK 17.001 SLD 3<\/h2>\n<div class=\"elementor-element elementor-element-d18684c jedv-enabled--yes elementor-widget-divider--view-line elementor-widget elementor-widget-divider\" data-id=\"d18684c\" data-element_type=\"widget\" data-widget_type=\"divider.default\">\n<div class=\"elementor-widget-container\">\n<div class=\"elementor-divider\"><span class=\"elementor-divider-separator\">\u00a0<\/span><\/div>\n<\/div>\n<\/div>\n<p>\u00bfEst\u00e1s interesado en comprar la Palfinger PK 17.001 SLD 3 y optimizar tu proceso de trabajo y alcanzar nuevos niveles de productividad?<br \/>\nGr\u00faas y basculantes DAC vende maquinaria de Palfinger, en concreto la Palfinger PK 17.001 SLD 3. Esta innovadora herramienta redefine los est\u00e1ndares de eficiencia y rendimiento.<br \/>\nEsta m\u00e1quina cuenta con caracter\u00edsticas de vanguardia dise\u00f1adas para ofrecer resultados excepcionales. Desde su tecnolog\u00eda de \u00faltima generaci\u00f3n hasta su dise\u00f1o ergon\u00f3mico, cada detalle ha sido cuidadosamente considerado para satisfacer las demandas de los profesionales m\u00e1s exigentes.<br \/>\nSi est\u00e1s interesado en comprar la Palfinger PK 17.001 SLD 3 no lo dudes, ll\u00e1manos o escr\u00edbenos para poder disfrutar de una maquinaria l\u00edder en el mercado<\/p>","protected":false},"featured_media":902,"comment_status":"closed","ping_status":"closed","template":"","meta":[],"product_brand":[],"product_cat":[20,34],"product_tag":[],"class_list":{"0":"post-901","1":"product","2":"type-product","3":"status-publish","4":"has-post-thumbnail","6":"product_cat-gruas-hidraulicas-articuladas","7":"product_cat-gama-media","9":"first","10":"instock","11":"shipping-taxable","12":"product-type-simple"},"_links":{"self":[{"href":"https:\/\/www.gruasybasculantesdac.com\/en\/wp-json\/wp\/v2\/product\/901","targetHints":{"allow":["GET"]}}],"collection":[{"href":"https:\/\/www.gruasybasculantesdac.com\/en\/wp-json\/wp\/v2\/product"}],"about":[{"href":"https:\/\/www.gruasybasculantesdac.com\/en\/wp-json\/wp\/v2\/types\/product"}],"replies":[{"embeddable":true,"href":"https:\/\/www.gruasybasculantesdac.com\/en\/wp-json\/wp\/v2\/comments?post=901"}],"wp:featuredmedia":[{"embeddable":true,"href":"https:\/\/www.gruasybasculantesdac.com\/en\/wp-json\/wp\/v2\/media\/902"}],"wp:attachment":[{"href":"https:\/\/www.gruasybasculantesdac.com\/en\/wp-json\/wp\/v2\/media?parent=901"}],"wp:term":[{"taxonomy":"product_brand","embeddable":true,"href":"https:\/\/www.gruasybasculantesdac.com\/en\/wp-json\/wp\/v2\/product_brand?post=901"},{"taxonomy":"product_cat","embeddable":true,"href":"https:\/\/www.gruasybasculantesdac.com\/en\/wp-json\/wp\/v2\/product_cat?post=901"},{"taxonomy":"product_tag","embeddable":true,"href":"https:\/\/www.gruasybasculantesdac.com\/en\/wp-json\/wp\/v2\/product_tag?post=901"}],"curies":[{"name":"wp","href":"https:\/\/api.w.org\/{rel}","templated":true}]}}