{"id":886,"date":"2024-03-14T01:10:11","date_gmt":"2024-03-14T00:10:11","guid":{"rendered":"https:\/\/www.gruasybasculantesdac.com\/?post_type=product&#038;p=886"},"modified":"2024-03-14T01:23:48","modified_gmt":"2024-03-14T00:23:48","slug":"pk-14-501k-sld-5","status":"publish","type":"product","link":"https:\/\/www.gruasybasculantesdac.com\/en\/pk-14-501k-sld-5\/","title":{"rendered":"PK 14.501K SLD 5"},"content":{"rendered":"<p>La gr\u00faa articulada Palfinger PK 14.501K SLD 5 redefine la eficiencia y la productividad en operaciones de carga, gracias a su innovador dise\u00f1o que combina ligereza y inteligencia. Este modelo es un verdadero pionero en la industria, ofreciendo un rendimiento superior y una facilidad de manejo inigualable, todo controlado a trav\u00e9s de un sistema de radiocontrol remoto que garantiza precisi\u00f3n y comodidad para el operador.<\/p>\n<p>Con la implementaci\u00f3n de la tecnolog\u00eda HPSC (High Performance Stability Control), la Palfinger PK 14.501K SLD 5 maximiza el aprovechamiento del rango de trabajo, adapt\u00e1ndose perfectamente a las condiciones del lugar de trabajo para ofrecer estabilidad y seguridad en cada elevaci\u00f3n. Adem\u00e1s, la tecnolog\u00eda A-HPLS (Advanced High Power Lifting System) potencia la capacidad de elevaci\u00f3n de la gr\u00faa, permitiendo mover cargas m\u00e1s pesadas con facilidad y eficiencia.<\/p>\n<p>El dise\u00f1o inteligente y ligero no solo mejora la maniobrabilidad y reduce los costos operativos, sino que tambi\u00e9n incrementa la carga \u00fatil disponible. Esto significa que la Palfinger PK 14.501K SLD 5 no solo puede llevar a cabo tareas m\u00e1s exigentes, sino que tambi\u00e9n permite realizar m\u00e1s trabajos en menos tiempo, optimizando as\u00ed la productividad y rentabilidad de cada proyecto.<\/p>\n<p>La Palfinger PK 14501K SLD 5 es la encarnaci\u00f3n de la perfecci\u00f3n t\u00e9cnica, dise\u00f1ada para aquellos que buscan la m\u00e1xima eficacia y rendimiento sin comprometer la calidad. Su combinaci\u00f3n de tecnolog\u00eda avanzada, capacidad de carga mejorada y operaci\u00f3n intuitiva la convierten en una herramienta indispensable para cualquier operaci\u00f3n de elevaci\u00f3n y carga.<\/p>","protected":false},"excerpt":{"rendered":"<h2 class=\"titulointerior\">Comprar Palfinger PK 14.501K SLD 5<\/h2>\n<div class=\"elementor-element elementor-element-d18684c jedv-enabled--yes elementor-widget-divider--view-line elementor-widget elementor-widget-divider\" data-id=\"d18684c\" data-element_type=\"widget\" data-widget_type=\"divider.default\">\n<div class=\"elementor-widget-container\">\n<div class=\"elementor-divider\">\n\t\t\t<span class=\"elementor-divider-separator\"><br \/>\n\t\t\t\t\t\t<\/span>\n\t\t<\/div>\n<\/p><\/div>\n<\/p><\/div>\n<p>\t\t\t\u00bfEst\u00e1s interesado en comprar la Palfinger PK 14.501K SLD 5 y optimizar tu proceso de trabajo y alcanzar nuevos niveles de productividad?<br \/>\n\t\t\tGr\u00faas y basculantes DAC vende maquinaria de Palfinger, en concreto la Palfinger PK 14.501K SLD 5. Esta innovadora herramienta redefine los est\u00e1ndares de eficiencia y rendimiento.  <br \/>Esta m\u00e1quina cuenta con caracter\u00edsticas de vanguardia dise\u00f1adas para ofrecer resultados excepcionales. Desde su tecnolog\u00eda de \u00faltima generaci\u00f3n hasta su dise\u00f1o ergon\u00f3mico, cada detalle ha sido cuidadosamente considerado para satisfacer las demandas de los profesionales m\u00e1s exigentes.<br \/>Si est\u00e1s interesado en comprar la Palfinger PK 14.501K SLD 5 no lo dudes, ll\u00e1manos o escr\u00edbenos para poder disfrutar de una maquinaria l\u00edder en el mercado <\/p>","protected":false},"featured_media":887,"comment_status":"closed","ping_status":"closed","template":"","meta":[],"product_brand":[],"product_cat":[20,34],"product_tag":[],"class_list":{"0":"post-886","1":"product","2":"type-product","3":"status-publish","4":"has-post-thumbnail","6":"product_cat-gruas-hidraulicas-articuladas","7":"product_cat-gama-media","9":"first","10":"instock","11":"shipping-taxable","12":"product-type-simple"},"_links":{"self":[{"href":"https:\/\/www.gruasybasculantesdac.com\/en\/wp-json\/wp\/v2\/product\/886","targetHints":{"allow":["GET"]}}],"collection":[{"href":"https:\/\/www.gruasybasculantesdac.com\/en\/wp-json\/wp\/v2\/product"}],"about":[{"href":"https:\/\/www.gruasybasculantesdac.com\/en\/wp-json\/wp\/v2\/types\/product"}],"replies":[{"embeddable":true,"href":"https:\/\/www.gruasybasculantesdac.com\/en\/wp-json\/wp\/v2\/comments?post=886"}],"wp:featuredmedia":[{"embeddable":true,"href":"https:\/\/www.gruasybasculantesdac.com\/en\/wp-json\/wp\/v2\/media\/887"}],"wp:attachment":[{"href":"https:\/\/www.gruasybasculantesdac.com\/en\/wp-json\/wp\/v2\/media?parent=886"}],"wp:term":[{"taxonomy":"product_brand","embeddable":true,"href":"https:\/\/www.gruasybasculantesdac.com\/en\/wp-json\/wp\/v2\/product_brand?post=886"},{"taxonomy":"product_cat","embeddable":true,"href":"https:\/\/www.gruasybasculantesdac.com\/en\/wp-json\/wp\/v2\/product_cat?post=886"},{"taxonomy":"product_tag","embeddable":true,"href":"https:\/\/www.gruasybasculantesdac.com\/en\/wp-json\/wp\/v2\/product_tag?post=886"}],"curies":[{"name":"wp","href":"https:\/\/api.w.org\/{rel}","templated":true}]}}