{"id":876,"date":"2024-03-13T13:20:18","date_gmt":"2024-03-13T12:20:18","guid":{"rendered":"https:\/\/www.gruasybasculantesdac.com\/?post_type=product&#038;p=876"},"modified":"2024-03-13T13:20:19","modified_gmt":"2024-03-13T12:20:19","slug":"pk-14002-eh-high-performance","status":"publish","type":"product","link":"https:\/\/www.gruasybasculantesdac.com\/en\/pk-14002-eh-high-performance\/","title":{"rendered":"PK 14002-EH High Performance"},"content":{"rendered":"<p>La Palfinger PK 14002-EH High Performance se presenta como una herramienta excepcionalmente fiable y vers\u00e1til, ideal para cumplir con las exigentes tareas en el \u00e1mbito de los servicios municipales y m\u00e1s all\u00e1. Dise\u00f1ada meticulosamente para ofrecer una capacidad de carga superior, esta gr\u00faa articulada destaca por su construcci\u00f3n ligera e inteligente, permitiendo un rendimiento \u00f3ptimo sin comprometer la robustez.<\/p>\n<p>Su est\u00e9tica refinada, junto con una notable durabilidad, es el resultado de un avanzado revestimiento KTL que no solo realza su apariencia sino que tambi\u00e9n asegura el mantenimiento de un alto valor residual a lo largo del tiempo. La Palfinger PK 14002-EH High Performance maximiza la eficiencia en el lugar de trabajo gracias al innovador sistema HPSC (High Performance Stability Control), optimizando el uso del \u00e1rea de operaciones de la gr\u00faa.<\/p>\n<p>La adaptabilidad a una amplia gama de tareas se ve potenciada por la posibilidad de a\u00f1adir latiguillos adicionales, lo que expande significativamente el espectro de aplicaciones. Adem\u00e1s, el sistema E-HPLS (Enhanced High Power Lifting System) eleva la capacidad de elevaci\u00f3n, estableciendo nuevos est\u00e1ndares de potencia y precisi\u00f3n.<\/p>\n<p>En resumen, la Palfinger PK 14002-EH High Performance es la encarnaci\u00f3n de la \u00abPERFECCI\u00d3N EN ACCI\u00d3N\u00bb, brindando una soluci\u00f3n de elevaci\u00f3n de alto rendimiento que redefine las expectativas de funcionalidad, eficacia y durabilidad en su clase.<\/p>","protected":false},"excerpt":{"rendered":"<h2 class=\"titulointerior\">Comprar Palfinger PK 14002-EH High Performance<\/h2>\n<div class=\"elementor-element elementor-element-d18684c jedv-enabled--yes elementor-widget-divider--view-line elementor-widget elementor-widget-divider\" data-id=\"d18684c\" data-element_type=\"widget\" data-widget_type=\"divider.default\">\n<div class=\"elementor-widget-container\">\n<div class=\"elementor-divider\">\n\t\t\t<span class=\"elementor-divider-separator\"><br \/>\n\t\t\t\t\t\t<\/span>\n\t\t<\/div>\n<\/p><\/div>\n<\/p><\/div>\n<p>\t\t\t\u00bfEst\u00e1s interesado en comprar la Palfinger PK 14002-EH High Performance y optimizar tu proceso de trabajo y alcanzar nuevos niveles de productividad?<br \/>\n\t\t\tGr\u00faas y basculantes DAC vende maquinaria de Palfinger, en concreto la Palfinger PK 14002-EH High Performance. Esta innovadora herramienta redefine los est\u00e1ndares de eficiencia y rendimiento.  <br \/>Esta m\u00e1quina cuenta con caracter\u00edsticas de vanguardia dise\u00f1adas para ofrecer resultados excepcionales. Desde su tecnolog\u00eda de \u00faltima generaci\u00f3n hasta su dise\u00f1o ergon\u00f3mico, cada detalle ha sido cuidadosamente considerado para satisfacer las demandas de los profesionales m\u00e1s exigentes.<br \/>Si est\u00e1s interesado en comprar la Palfinger PK 14002-EH High Performance no lo dudes, ll\u00e1manos o escr\u00edbenos para poder disfrutar de una maquinaria l\u00edder en el mercado <\/p>","protected":false},"featured_media":877,"comment_status":"closed","ping_status":"closed","template":"","meta":[],"product_brand":[],"product_cat":[20,34],"product_tag":[],"class_list":{"0":"post-876","1":"product","2":"type-product","3":"status-publish","4":"has-post-thumbnail","6":"product_cat-gruas-hidraulicas-articuladas","7":"product_cat-gama-media","9":"first","10":"instock","11":"shipping-taxable","12":"product-type-simple"},"_links":{"self":[{"href":"https:\/\/www.gruasybasculantesdac.com\/en\/wp-json\/wp\/v2\/product\/876","targetHints":{"allow":["GET"]}}],"collection":[{"href":"https:\/\/www.gruasybasculantesdac.com\/en\/wp-json\/wp\/v2\/product"}],"about":[{"href":"https:\/\/www.gruasybasculantesdac.com\/en\/wp-json\/wp\/v2\/types\/product"}],"replies":[{"embeddable":true,"href":"https:\/\/www.gruasybasculantesdac.com\/en\/wp-json\/wp\/v2\/comments?post=876"}],"wp:featuredmedia":[{"embeddable":true,"href":"https:\/\/www.gruasybasculantesdac.com\/en\/wp-json\/wp\/v2\/media\/877"}],"wp:attachment":[{"href":"https:\/\/www.gruasybasculantesdac.com\/en\/wp-json\/wp\/v2\/media?parent=876"}],"wp:term":[{"taxonomy":"product_brand","embeddable":true,"href":"https:\/\/www.gruasybasculantesdac.com\/en\/wp-json\/wp\/v2\/product_brand?post=876"},{"taxonomy":"product_cat","embeddable":true,"href":"https:\/\/www.gruasybasculantesdac.com\/en\/wp-json\/wp\/v2\/product_cat?post=876"},{"taxonomy":"product_tag","embeddable":true,"href":"https:\/\/www.gruasybasculantesdac.com\/en\/wp-json\/wp\/v2\/product_tag?post=876"}],"curies":[{"name":"wp","href":"https:\/\/api.w.org\/{rel}","templated":true}]}}