{"id":872,"date":"2024-03-13T12:50:36","date_gmt":"2024-03-13T11:50:36","guid":{"rendered":"https:\/\/www.gruasybasculantesdac.com\/?post_type=product&#038;p=872"},"modified":"2024-03-13T13:46:13","modified_gmt":"2024-03-13T12:46:13","slug":"pk-13-501k-sld-3","status":"publish","type":"product","link":"https:\/\/www.gruasybasculantesdac.com\/en\/pk-13-501k-sld-3\/","title":{"rendered":"PK 13.501K SLD 3"},"content":{"rendered":"<p>\u00a1Descubre la gr\u00faa articulada\u00a0<strong>Palfinger PK 13.501K SLD 3<\/strong>! Esta gr\u00faa de alto rendimiento es perfecta para cualquier trabajo que requiera potencia y precisi\u00f3n. Con un\u00a0<strong>momento m\u00e1ximo de elevaci\u00f3n de 13.2 tm<\/strong>\u00a0y una\u00a0<strong>capacidad m\u00e1xima de carga de 6200 kg<\/strong>, esta gr\u00faa puede manejar incluso las cargas m\u00e1s pesadas con facilidad.<\/p>\n<p>La\u00a0<strong>Palfinger PK 13.501K SLD 3<\/strong>\u00a0tiene un\u00a0<strong>alcance hidr\u00e1ulico m\u00e1ximo de 11.7 m<\/strong>, lo que te permite llegar a lugares de dif\u00edcil acceso. Adem\u00e1s, su\u00a0<strong>\u00e1ngulo de giro de 420\u00b0<\/strong>\u00a0te proporciona una gran flexibilidad en el lugar de trabajo.<\/p>\n<p>Esta gr\u00faa est\u00e1 equipada con\u00a0<strong>PALTRONIC<\/strong>, la \u00faltima electr\u00f3nica de control de PALFINGER, que incluye protecci\u00f3n contra sobrecargas y diferentes variaciones del sistema de control de estabilidad HPSC y el sistema de elevaci\u00f3n de alta potencia HPLS. Estas caracter\u00edsticas de seguridad y comodidad hacen que la operaci\u00f3n de la gr\u00faa sea m\u00e1s segura y eficiente.<\/p>\n<p>Con un\u00a0<strong>peso propio de 1480 kg<\/strong>, la\u00a0<strong>Palfinger PK 13.501K SLD 3<\/strong>\u00a0es una gr\u00faa robusta pero manejable. Su\u00a0<strong>abertura de estabilizadores de 5.0 m<\/strong>\u00a0y su\u00a0<strong>espacio para montaje est\u00e1ndar de 0.74 m<\/strong>\u00a0hacen que sea f\u00e1cil de instalar y utilizar en una variedad de situaciones.<\/p>\n<p>No pierdas la oportunidad de mejorar tu negocio con la\u00a0<strong>Palfinger PK 13501K SLD 3<\/strong>. \u00a1Contacta con nosotros hoy mismo para obtener m\u00e1s informaci\u00f3n o para programar una demostraci\u00f3n!<\/p>","protected":false},"excerpt":{"rendered":"<h2 class=\"titulointerior\">Comprar Palfinger PK 13.501K SLD 3<\/h2>\n<div class=\"elementor-element elementor-element-d18684c jedv-enabled--yes elementor-widget-divider--view-line elementor-widget elementor-widget-divider\" data-id=\"d18684c\" data-element_type=\"widget\" data-widget_type=\"divider.default\">\n<div class=\"elementor-widget-container\">\n<div class=\"elementor-divider\"><span class=\"elementor-divider-separator\">\u00a0<\/span><\/div>\n<\/div>\n<\/div>\n<p>\u00bfEst\u00e1s interesado en comprar la Palfinger PK 13.501K SLD 3 y optimizar tu proceso de trabajo y alcanzar nuevos niveles de productividad?<br \/>\nGr\u00faas y basculantes DAC vende maquinaria de Palfinger, en concreto la Palfinger PK 13.501K SLD 3. Esta innovadora herramienta redefine los est\u00e1ndares de eficiencia y rendimiento.<br \/>\nEsta m\u00e1quina cuenta con caracter\u00edsticas de vanguardia dise\u00f1adas para ofrecer resultados excepcionales. Desde su tecnolog\u00eda de \u00faltima generaci\u00f3n hasta su dise\u00f1o ergon\u00f3mico, cada detalle ha sido cuidadosamente considerado para satisfacer las demandas de los profesionales m\u00e1s exigentes.<br \/>\nSi est\u00e1s interesado en comprar la Palfinger PK 13.501K SLD 3 no lo dudes, ll\u00e1manos o escr\u00edbenos para poder disfrutar de una maquinaria l\u00edder en el mercado<\/p>","protected":false},"featured_media":873,"comment_status":"closed","ping_status":"closed","template":"","meta":[],"product_brand":[],"product_cat":[20,34],"product_tag":[],"class_list":{"0":"post-872","1":"product","2":"type-product","3":"status-publish","4":"has-post-thumbnail","6":"product_cat-gruas-hidraulicas-articuladas","7":"product_cat-gama-media","9":"first","10":"instock","11":"shipping-taxable","12":"product-type-simple"},"_links":{"self":[{"href":"https:\/\/www.gruasybasculantesdac.com\/en\/wp-json\/wp\/v2\/product\/872","targetHints":{"allow":["GET"]}}],"collection":[{"href":"https:\/\/www.gruasybasculantesdac.com\/en\/wp-json\/wp\/v2\/product"}],"about":[{"href":"https:\/\/www.gruasybasculantesdac.com\/en\/wp-json\/wp\/v2\/types\/product"}],"replies":[{"embeddable":true,"href":"https:\/\/www.gruasybasculantesdac.com\/en\/wp-json\/wp\/v2\/comments?post=872"}],"wp:featuredmedia":[{"embeddable":true,"href":"https:\/\/www.gruasybasculantesdac.com\/en\/wp-json\/wp\/v2\/media\/873"}],"wp:attachment":[{"href":"https:\/\/www.gruasybasculantesdac.com\/en\/wp-json\/wp\/v2\/media?parent=872"}],"wp:term":[{"taxonomy":"product_brand","embeddable":true,"href":"https:\/\/www.gruasybasculantesdac.com\/en\/wp-json\/wp\/v2\/product_brand?post=872"},{"taxonomy":"product_cat","embeddable":true,"href":"https:\/\/www.gruasybasculantesdac.com\/en\/wp-json\/wp\/v2\/product_cat?post=872"},{"taxonomy":"product_tag","embeddable":true,"href":"https:\/\/www.gruasybasculantesdac.com\/en\/wp-json\/wp\/v2\/product_tag?post=872"}],"curies":[{"name":"wp","href":"https:\/\/api.w.org\/{rel}","templated":true}]}}