{"id":862,"date":"2024-03-13T03:06:19","date_gmt":"2024-03-13T02:06:19","guid":{"rendered":"https:\/\/www.gruasybasculantesdac.com\/?post_type=product&#038;p=862"},"modified":"2024-03-13T13:43:25","modified_gmt":"2024-03-13T12:43:25","slug":"pk-12-501-sld-5","status":"publish","type":"product","link":"https:\/\/www.gruasybasculantesdac.com\/en\/pk-12-501-sld-5\/","title":{"rendered":"PK 12.501 SLD 5"},"content":{"rendered":"<p>Explora las capacidades mejoradas de la Palfinger PK 12.501 SLD 5, un referente en gr\u00faas articuladas de carga que eleva el est\u00e1ndar de eficiencia y rendimiento. Este modelo destaca por su innovadora implementaci\u00f3n del sistema Single Link, que permite un abanico m\u00e1s amplio de aplicaciones adicionales sin comprometer la integridad o el rendimiento del equipo.<\/p>\n<p>Su dise\u00f1o inteligentemente ligero no solo facilita una mayor carga \u00fatil, sino que tambi\u00e9n asegura una operatividad sobresaliente en todas las condiciones de trabajo. La Palfinger PK 12.501 SLD 5 garantiza una fiabilidad inquebrantable gracias al sistema PALTRONIC, un sistema de gesti\u00f3n y control que supervisa constantemente el funcionamiento de la gr\u00faa para prevenir cualquier eventualidad.<\/p>\n<p>Experimenta una comodidad operativa sin precedentes con la opci\u00f3n de radiocontrol remoto, que proporciona una gran facilidad de uso permitiendo al operador maniobrar la gr\u00faa desde la posici\u00f3n m\u00e1s conveniente, mejorando la visibilidad y la seguridad en todo momento.<\/p>\n<p>Adem\u00e1s, la tecnolog\u00eda A-HPLS eleva la potencia de elevaci\u00f3n de la Palfinger PK 12501 SLD 5 a nuevos niveles, asegurando un rendimiento superior en la elevaci\u00f3n de cargas, lo que la convierte en la elecci\u00f3n perfecta para quienes buscan eficiencia, seguridad y potencia en una gr\u00faa articulada de carga.<\/p>","protected":false},"excerpt":{"rendered":"<h2 class=\"titulointerior\">Comprar Palfinger PK 12.501 SLD 5<\/h2>\n<div class=\"elementor-element elementor-element-d18684c jedv-enabled--yes elementor-widget-divider--view-line elementor-widget elementor-widget-divider\" data-id=\"d18684c\" data-element_type=\"widget\" data-widget_type=\"divider.default\">\n<div class=\"elementor-widget-container\">\n<div class=\"elementor-divider\"><span class=\"elementor-divider-separator\">\u00a0<\/span><\/div>\n<\/div>\n<\/div>\n<p>\u00bfEst\u00e1s interesado en comprar la Palfinger PK 12.501 SLD 5 y optimizar tu proceso de trabajo y alcanzar nuevos niveles de productividad?<br \/>\nGr\u00faas y basculantes DAC vende maquinaria de Palfinger, en concreto la Palfinger PK 12.501 SLD 5. Esta innovadora herramienta redefine los est\u00e1ndares de eficiencia y rendimiento.<br \/>\nEsta m\u00e1quina cuenta con caracter\u00edsticas de vanguardia dise\u00f1adas para ofrecer resultados excepcionales. Desde su tecnolog\u00eda de \u00faltima generaci\u00f3n hasta su dise\u00f1o ergon\u00f3mico, cada detalle ha sido cuidadosamente considerado para satisfacer las demandas de los profesionales m\u00e1s exigentes.<br \/>\nSi est\u00e1s interesado en comprar la Palfinger PK 12.501 SLD 5 no lo dudes, ll\u00e1manos o escr\u00edbenos para poder disfrutar de una maquinaria l\u00edder en el mercado<\/p>","protected":false},"featured_media":863,"comment_status":"closed","ping_status":"closed","template":"","meta":[],"product_brand":[],"product_cat":[20,34],"product_tag":[],"class_list":{"0":"post-862","1":"product","2":"type-product","3":"status-publish","4":"has-post-thumbnail","6":"product_cat-gruas-hidraulicas-articuladas","7":"product_cat-gama-media","9":"first","10":"instock","11":"shipping-taxable","12":"product-type-simple"},"_links":{"self":[{"href":"https:\/\/www.gruasybasculantesdac.com\/en\/wp-json\/wp\/v2\/product\/862","targetHints":{"allow":["GET"]}}],"collection":[{"href":"https:\/\/www.gruasybasculantesdac.com\/en\/wp-json\/wp\/v2\/product"}],"about":[{"href":"https:\/\/www.gruasybasculantesdac.com\/en\/wp-json\/wp\/v2\/types\/product"}],"replies":[{"embeddable":true,"href":"https:\/\/www.gruasybasculantesdac.com\/en\/wp-json\/wp\/v2\/comments?post=862"}],"wp:featuredmedia":[{"embeddable":true,"href":"https:\/\/www.gruasybasculantesdac.com\/en\/wp-json\/wp\/v2\/media\/863"}],"wp:attachment":[{"href":"https:\/\/www.gruasybasculantesdac.com\/en\/wp-json\/wp\/v2\/media?parent=862"}],"wp:term":[{"taxonomy":"product_brand","embeddable":true,"href":"https:\/\/www.gruasybasculantesdac.com\/en\/wp-json\/wp\/v2\/product_brand?post=862"},{"taxonomy":"product_cat","embeddable":true,"href":"https:\/\/www.gruasybasculantesdac.com\/en\/wp-json\/wp\/v2\/product_cat?post=862"},{"taxonomy":"product_tag","embeddable":true,"href":"https:\/\/www.gruasybasculantesdac.com\/en\/wp-json\/wp\/v2\/product_tag?post=862"}],"curies":[{"name":"wp","href":"https:\/\/api.w.org\/{rel}","templated":true}]}}