{"id":857,"date":"2024-03-13T02:56:15","date_gmt":"2024-03-13T01:56:15","guid":{"rendered":"https:\/\/www.gruasybasculantesdac.com\/?post_type=product&#038;p=857"},"modified":"2024-03-13T13:25:53","modified_gmt":"2024-03-13T12:25:53","slug":"pk-12502-sh-high-performance","status":"publish","type":"product","link":"https:\/\/www.gruasybasculantesdac.com\/en\/pk-12502-sh-high-performance\/","title":{"rendered":"PK 12502 SH High Performance"},"content":{"rendered":"<p>La Palfinger PK 12502 SH High Performance redefine la eficiencia en la manipulaci\u00f3n de cargas, ofreciendo un control sin precedentes y precisi\u00f3n en el movimiento, gracias a su caracter\u00edstica de detenci\u00f3n progresiva est\u00e1ndar. Este modelo eleva los est\u00e1ndares de precisi\u00f3n y seguridad al siguiente nivel con la opci\u00f3n del sistema AOS (Amortiguaci\u00f3n de Oscilaciones), que minimiza las vibraciones para asegurar una operaci\u00f3n m\u00e1s estable y segura. La durabilidad y el valor a largo plazo de esta gr\u00faa se ven reforzados por su revestimiento KTL, que protege contra la corrosi\u00f3n y asegura un alto valor residual.<\/p>\n<p>La capacidad de elevaci\u00f3n de la Palfinger PK 12502 SH High Performance se ve significativamente aumentada gracias a la tecnolog\u00eda S-HPLS (Sistema de Potencia de Elevaci\u00f3n de Alta Performance), permitiendo manejar cargas m\u00e1s pesadas con facilidad. Adem\u00e1s, el sistema Power Link Plus ampl\u00eda las posibilidades de uso de la gr\u00faa, brindando una versatilidad excepcional en una amplia gama de aplicaciones. La detenci\u00f3n progresiva no solo mejora la comodidad durante la operaci\u00f3n, sino que tambi\u00e9n contribuye a un entorno de trabajo m\u00e1s seguro.<\/p>\n<p>Experimenta la perfecci\u00f3n en acci\u00f3n con la Palfinger PK 12502 SH High Performance, donde la tecnolog\u00eda avanzada se encuentra con la funcionalidad superior para ofrecer resultados excepcionales en la manipulaci\u00f3n de cargas.<\/p>","protected":false},"excerpt":{"rendered":"<h2 class=\"titulointerior\">Comprar Palfinger PK 12502 SH High Performance<\/h2>\n<div class=\"elementor-element elementor-element-d18684c jedv-enabled--yes elementor-widget-divider--view-line elementor-widget elementor-widget-divider\" data-id=\"d18684c\" data-element_type=\"widget\" data-widget_type=\"divider.default\">\n<div class=\"elementor-widget-container\">\n<div class=\"elementor-divider\"><span class=\"elementor-divider-separator\">\u00a0<\/span><\/div>\n<\/div>\n<\/div>\n<p>\u00bfEst\u00e1s interesado en comprar la Palfinger PK 12502 SH High Performance y optimizar tu proceso de trabajo y alcanzar nuevos niveles de productividad?<br \/>\nGr\u00faas y basculantes DAC vende maquinaria de Palfinger, en concreto la Palfinger PK 12502 SH High Performance. Esta innovadora herramienta redefine los est\u00e1ndares de eficiencia y rendimiento.<br \/>\nEsta m\u00e1quina cuenta con caracter\u00edsticas de vanguardia dise\u00f1adas para ofrecer resultados excepcionales. Desde su tecnolog\u00eda de \u00faltima generaci\u00f3n hasta su dise\u00f1o ergon\u00f3mico, cada detalle ha sido cuidadosamente considerado para satisfacer las demandas de los profesionales m\u00e1s exigentes.<br \/>\nSi est\u00e1s interesado en comprar la Palfinger PK 12502 SH High Performance no lo dudes, ll\u00e1manos o escr\u00edbenos para poder disfrutar de una maquinaria l\u00edder en el mercado<\/p>","protected":false},"featured_media":858,"comment_status":"closed","ping_status":"closed","template":"","meta":[],"product_brand":[],"product_cat":[20,34],"product_tag":[],"class_list":{"0":"post-857","1":"product","2":"type-product","3":"status-publish","4":"has-post-thumbnail","6":"product_cat-gruas-hidraulicas-articuladas","7":"product_cat-gama-media","9":"first","10":"instock","11":"shipping-taxable","12":"product-type-simple"},"_links":{"self":[{"href":"https:\/\/www.gruasybasculantesdac.com\/en\/wp-json\/wp\/v2\/product\/857","targetHints":{"allow":["GET"]}}],"collection":[{"href":"https:\/\/www.gruasybasculantesdac.com\/en\/wp-json\/wp\/v2\/product"}],"about":[{"href":"https:\/\/www.gruasybasculantesdac.com\/en\/wp-json\/wp\/v2\/types\/product"}],"replies":[{"embeddable":true,"href":"https:\/\/www.gruasybasculantesdac.com\/en\/wp-json\/wp\/v2\/comments?post=857"}],"wp:featuredmedia":[{"embeddable":true,"href":"https:\/\/www.gruasybasculantesdac.com\/en\/wp-json\/wp\/v2\/media\/858"}],"wp:attachment":[{"href":"https:\/\/www.gruasybasculantesdac.com\/en\/wp-json\/wp\/v2\/media?parent=857"}],"wp:term":[{"taxonomy":"product_brand","embeddable":true,"href":"https:\/\/www.gruasybasculantesdac.com\/en\/wp-json\/wp\/v2\/product_brand?post=857"},{"taxonomy":"product_cat","embeddable":true,"href":"https:\/\/www.gruasybasculantesdac.com\/en\/wp-json\/wp\/v2\/product_cat?post=857"},{"taxonomy":"product_tag","embeddable":true,"href":"https:\/\/www.gruasybasculantesdac.com\/en\/wp-json\/wp\/v2\/product_tag?post=857"}],"curies":[{"name":"wp","href":"https:\/\/api.w.org\/{rel}","templated":true}]}}