{"id":853,"date":"2024-03-13T02:45:24","date_gmt":"2024-03-13T01:45:24","guid":{"rendered":"https:\/\/www.gruasybasculantesdac.com\/?post_type=product&#038;p=853"},"modified":"2024-03-13T13:24:58","modified_gmt":"2024-03-13T12:24:58","slug":"pk-12002-eh-high-performance","status":"publish","type":"product","link":"https:\/\/www.gruasybasculantesdac.com\/en\/pk-12002-eh-high-performance\/","title":{"rendered":"PK 12002 EH High Performance"},"content":{"rendered":"<p>La gr\u00faa articulada de carga Palfinger PK 12002 EH High Performance destaca por su dise\u00f1o compacto y la incorporaci\u00f3n del sistema Power Link Plus, marcando la pauta en eficiencia y en una relaci\u00f3n costo-efectividad inmejorable. Equipada con tecnolog\u00edas avanzadas, ofrece m\u00e1xima precisi\u00f3n y seguridad en cada operaci\u00f3n, especialmente cuando se opta por el sistema AOS.<\/p>\n<p>Su durabilidad y alto valor residual se aseguran gracias al revestimiento KTL, protegi\u00e9ndola contra la corrosi\u00f3n y el desgaste del tiempo. La fiabilidad es una de sus fortalezas, respaldada por el sistema PAL 50, asegurando un rendimiento \u00f3ptimo y continuo.<\/p>\n<p>Para una experiencia de usuario sin igual, esta gr\u00faa facilita su manejo mediante un control remoto por radio opcional, permitiendo un control intuitivo y \u00e1gil. El sistema Power Link Plus expande a\u00fan m\u00e1s las posibilidades de uso de la gr\u00faa, adapt\u00e1ndose a una amplia variedad de necesidades y aplicaciones.<\/p>\n<p>La Palfinger PK 12002 EH High Performance es sin\u00f3nimo de PERFECCI\u00d3N EN ACCI\u00d3N, dise\u00f1ada para aquellos que buscan no solo una gr\u00faa, sino una soluci\u00f3n de elevaci\u00f3n superior en todos los aspectos.<\/p>","protected":false},"excerpt":{"rendered":"<h2 class=\"titulointerior\">Comprar Palfinger PK 12002 EH High Performance<\/h2>\n<div class=\"elementor-element elementor-element-d18684c jedv-enabled--yes elementor-widget-divider--view-line elementor-widget elementor-widget-divider\" data-id=\"d18684c\" data-element_type=\"widget\" data-widget_type=\"divider.default\">\n<div class=\"elementor-widget-container\">\n<div class=\"elementor-divider\"><span class=\"elementor-divider-separator\">\u00a0<\/span><\/div>\n<\/div>\n<\/div>\n<p>\u00bfEst\u00e1s interesado en comprar la Palfinger PK 12002 EH High Performance y optimizar tu proceso de trabajo y alcanzar nuevos niveles de productividad?<br \/>\nGr\u00faas y basculantes DAC vende maquinaria de Palfinger, en concreto la Palfinger PK 12002 EH High Performance. Esta innovadora herramienta redefine los est\u00e1ndares de eficiencia y rendimiento.<br \/>\nEsta m\u00e1quina cuenta con caracter\u00edsticas de vanguardia dise\u00f1adas para ofrecer resultados excepcionales. Desde su tecnolog\u00eda de \u00faltima generaci\u00f3n hasta su dise\u00f1o ergon\u00f3mico, cada detalle ha sido cuidadosamente considerado para satisfacer las demandas de los profesionales m\u00e1s exigentes.<br \/>\nSi est\u00e1s interesado en comprar la Palfinger PK 12002 EH High Performance no lo dudes, ll\u00e1manos o escr\u00edbenos para poder disfrutar de una maquinaria l\u00edder en el mercado<\/p>","protected":false},"featured_media":854,"comment_status":"closed","ping_status":"closed","template":"","meta":[],"product_brand":[],"product_cat":[20,34],"product_tag":[],"class_list":{"0":"post-853","1":"product","2":"type-product","3":"status-publish","4":"has-post-thumbnail","6":"product_cat-gruas-hidraulicas-articuladas","7":"product_cat-gama-media","9":"first","10":"instock","11":"shipping-taxable","12":"product-type-simple"},"_links":{"self":[{"href":"https:\/\/www.gruasybasculantesdac.com\/en\/wp-json\/wp\/v2\/product\/853","targetHints":{"allow":["GET"]}}],"collection":[{"href":"https:\/\/www.gruasybasculantesdac.com\/en\/wp-json\/wp\/v2\/product"}],"about":[{"href":"https:\/\/www.gruasybasculantesdac.com\/en\/wp-json\/wp\/v2\/types\/product"}],"replies":[{"embeddable":true,"href":"https:\/\/www.gruasybasculantesdac.com\/en\/wp-json\/wp\/v2\/comments?post=853"}],"wp:featuredmedia":[{"embeddable":true,"href":"https:\/\/www.gruasybasculantesdac.com\/en\/wp-json\/wp\/v2\/media\/854"}],"wp:attachment":[{"href":"https:\/\/www.gruasybasculantesdac.com\/en\/wp-json\/wp\/v2\/media?parent=853"}],"wp:term":[{"taxonomy":"product_brand","embeddable":true,"href":"https:\/\/www.gruasybasculantesdac.com\/en\/wp-json\/wp\/v2\/product_brand?post=853"},{"taxonomy":"product_cat","embeddable":true,"href":"https:\/\/www.gruasybasculantesdac.com\/en\/wp-json\/wp\/v2\/product_cat?post=853"},{"taxonomy":"product_tag","embeddable":true,"href":"https:\/\/www.gruasybasculantesdac.com\/en\/wp-json\/wp\/v2\/product_tag?post=853"}],"curies":[{"name":"wp","href":"https:\/\/api.w.org\/{rel}","templated":true}]}}