{"id":843,"date":"2024-03-13T02:18:35","date_gmt":"2024-03-13T01:18:35","guid":{"rendered":"https:\/\/www.gruasybasculantesdac.com\/?post_type=product&#038;p=843"},"modified":"2024-03-13T13:23:24","modified_gmt":"2024-03-13T12:23:24","slug":"pk-10002-sh-high-performance","status":"publish","type":"product","link":"https:\/\/www.gruasybasculantesdac.com\/en\/pk-10002-sh-high-performance\/","title":{"rendered":"PK 10002 SH High Performance"},"content":{"rendered":"<p>La gr\u00faa articulada de carga Palfinger PK 10002 SH High Performance redefine la manipulaci\u00f3n de materiales, ofreciendo una operaci\u00f3n excepcionalmente precisa y segura. Dotada de una funci\u00f3n de detenci\u00f3n suave de serie, esta gr\u00faa garantiza movimientos de carga extremadamente precisos, minimizando el riesgo durante el manejo.<\/p>\n<p>Eleva los est\u00e1ndares de precisi\u00f3n y seguridad al siguiente nivel con el sistema AOS (Amortiguaci\u00f3n de Oscilaciones) opcional, dise\u00f1ado para ofrecer un control inigualable y una estabilidad reforzada durante las operaciones de elevaci\u00f3n. Su durabilidad y valor residual se ven potenciados gracias al revestimiento KTL, un acabado que protege eficazmente contra la corrosi\u00f3n y el desgaste.<\/p>\n<p>Con la implementaci\u00f3n del sistema E-HPLS (Sistema de Levantamiento de Alto Rendimiento Electr\u00f3nico), la Palfinger PK 10002 SH High Performance presume de una capacidad de elevaci\u00f3n superior, permitiendo manejar cargas m\u00e1s pesadas con facilidad. Adem\u00e1s, el innovador sistema Power Link Plus expande las posibilidades de uso de la gr\u00faa, ofreciendo una versatilidad excepcional en una amplia gama de aplicaciones.<\/p>\n<p>Para una experiencia de usuario \u00f3ptima, esta gr\u00faa articulada incorpora una detenci\u00f3n suave, lo que no solo aumenta la comodidad durante la operaci\u00f3n sino que tambi\u00e9n mejora significativamente la seguridad al reducir las probabilidades de accidentes. Con la Palfinger PK 10002 SH High Performance, los operadores disfrutar\u00e1n de una herramienta potente, vers\u00e1til y fiable para sus necesidades de elevaci\u00f3n y manipulaci\u00f3n de cargas.<\/p>","protected":false},"excerpt":{"rendered":"<h2 class=\"titulointerior\">Comprar Palfinger PK 10002 SH High Performance<\/h2>\n<div class=\"elementor-element elementor-element-d18684c jedv-enabled--yes elementor-widget-divider--view-line elementor-widget elementor-widget-divider\" data-id=\"d18684c\" data-element_type=\"widget\" data-widget_type=\"divider.default\">\n<div class=\"elementor-widget-container\">\n<div class=\"elementor-divider\"><span class=\"elementor-divider-separator\">\u00a0<\/span><\/div>\n<\/div>\n<\/div>\n<p>\u00bfEst\u00e1s interesado en comprar la Palfinger PK 10002 SH High Performance y optimizar tu proceso de trabajo y alcanzar nuevos niveles de productividad?<br \/>\nGr\u00faas y basculantes DAC vende maquinaria de Palfinger, en concreto la Palfinger PK 10002 SH High Performance. Esta innovadora herramienta redefine los est\u00e1ndares de eficiencia y rendimiento.<br \/>\nEsta m\u00e1quina cuenta con caracter\u00edsticas de vanguardia dise\u00f1adas para ofrecer resultados excepcionales. Desde su tecnolog\u00eda de \u00faltima generaci\u00f3n hasta su dise\u00f1o ergon\u00f3mico, cada detalle ha sido cuidadosamente considerado para satisfacer las demandas de los profesionales m\u00e1s exigentes.<br \/>\nSi est\u00e1s interesado en comprar la Palfinger PK 10002 SH High Performance no lo dudes, ll\u00e1manos o escr\u00edbenos para poder disfrutar de una maquinaria l\u00edder en el mercado<\/p>","protected":false},"featured_media":847,"comment_status":"closed","ping_status":"closed","template":"","meta":[],"product_brand":[],"product_cat":[20,33],"product_tag":[],"class_list":{"0":"post-843","1":"product","2":"type-product","3":"status-publish","4":"has-post-thumbnail","6":"product_cat-gruas-hidraulicas-articuladas","7":"product_cat-gama-ligera","9":"first","10":"instock","11":"shipping-taxable","12":"product-type-simple"},"_links":{"self":[{"href":"https:\/\/www.gruasybasculantesdac.com\/en\/wp-json\/wp\/v2\/product\/843","targetHints":{"allow":["GET"]}}],"collection":[{"href":"https:\/\/www.gruasybasculantesdac.com\/en\/wp-json\/wp\/v2\/product"}],"about":[{"href":"https:\/\/www.gruasybasculantesdac.com\/en\/wp-json\/wp\/v2\/types\/product"}],"replies":[{"embeddable":true,"href":"https:\/\/www.gruasybasculantesdac.com\/en\/wp-json\/wp\/v2\/comments?post=843"}],"wp:featuredmedia":[{"embeddable":true,"href":"https:\/\/www.gruasybasculantesdac.com\/en\/wp-json\/wp\/v2\/media\/847"}],"wp:attachment":[{"href":"https:\/\/www.gruasybasculantesdac.com\/en\/wp-json\/wp\/v2\/media?parent=843"}],"wp:term":[{"taxonomy":"product_brand","embeddable":true,"href":"https:\/\/www.gruasybasculantesdac.com\/en\/wp-json\/wp\/v2\/product_brand?post=843"},{"taxonomy":"product_cat","embeddable":true,"href":"https:\/\/www.gruasybasculantesdac.com\/en\/wp-json\/wp\/v2\/product_cat?post=843"},{"taxonomy":"product_tag","embeddable":true,"href":"https:\/\/www.gruasybasculantesdac.com\/en\/wp-json\/wp\/v2\/product_tag?post=843"}],"curies":[{"name":"wp","href":"https:\/\/api.w.org\/{rel}","templated":true}]}}