{"id":836,"date":"2024-03-12T18:50:34","date_gmt":"2024-03-12T17:50:34","guid":{"rendered":"https:\/\/www.gruasybasculantesdac.com\/?post_type=product&#038;p=836"},"modified":"2024-03-13T13:40:53","modified_gmt":"2024-03-13T12:40:53","slug":"pk-9-501-sld-5","status":"publish","type":"product","link":"https:\/\/www.gruasybasculantesdac.com\/en\/pk-9-501-sld-5\/","title":{"rendered":"PK 9.501 SLD 5"},"content":{"rendered":"<p>La gr\u00faa articulada de carga Palfinger PK 9.501 SLD 5 redefine la eficiencia en el manejo de cargas, ofreciendo ciclos de carga significativamente reducidos mediante su innovadora High Speed Extension, una extensi\u00f3n de alta velocidad que acelera las operaciones sin comprometer la seguridad. Su dise\u00f1o intuitivo se complementa con la opci\u00f3n de un radiocontrol remoto, proporcionando una operatividad excepcional y un manejo sin esfuerzos que permite al operador mantenerse en una posici\u00f3n segura y conveniente. La Palfinger PK 9.501 SLD 5 maximiza el uso del espacio disponible con la avanzada tecnolog\u00eda HPSC (High Performance Stability Control), la cual ajusta inteligentemente el alcance de la gr\u00faa en funci\u00f3n de la estabilidad proporcionada. Adem\u00e1s, esta gr\u00faa eleva las expectativas de potencia con su tecnolog\u00eda A-HPLS (Advanced High Performance Lifting System), asegurando una mayor fuerza de elevaci\u00f3n para manejar cargas pesadas con facilidad. Con estas caracter\u00edsticas de vanguardia, la Palfinger PK 9501 SLD 5 se establece como la opci\u00f3n preferente para profesionales que buscan eficacia, seguridad y rendimiento superior en sus operaciones de elevaci\u00f3n.<\/p>","protected":false},"excerpt":{"rendered":"<h2 class=\"titulointerior\">Comprar Palfinger PK 9.501 SLD 5<\/h2>\n<div class=\"elementor-element elementor-element-d18684c jedv-enabled--yes elementor-widget-divider--view-line elementor-widget elementor-widget-divider\" data-id=\"d18684c\" data-element_type=\"widget\" data-widget_type=\"divider.default\">\n<div class=\"elementor-widget-container\">\n<div class=\"elementor-divider\"><span class=\"elementor-divider-separator\">\u00a0<\/span><\/div>\n<\/div>\n<\/div>\n<p>\u00bfEst\u00e1s interesado en comprar la Palfinger PK 9.501 SLD 5 y optimizar tu proceso de trabajo y alcanzar nuevos niveles de productividad?<br \/>\nGr\u00faas y basculantes DAC vende maquinaria de Palfinger, en concreto la Palfinger PK 9.501 SLD 5. Esta innovadora herramienta redefine los est\u00e1ndares de eficiencia y rendimiento.<br \/>\nEsta m\u00e1quina cuenta con caracter\u00edsticas de vanguardia dise\u00f1adas para ofrecer resultados excepcionales. Desde su tecnolog\u00eda de \u00faltima generaci\u00f3n hasta su dise\u00f1o ergon\u00f3mico, cada detalle ha sido cuidadosamente considerado para satisfacer las demandas de los profesionales m\u00e1s exigentes.<br \/>\nSi est\u00e1s interesado en comprar la Palfinger PK 9.501 SLD 5 no lo dudes, ll\u00e1manos o escr\u00edbenos para poder disfrutar de una maquinaria l\u00edder en el mercado<\/p>","protected":false},"featured_media":837,"comment_status":"closed","ping_status":"closed","template":"","meta":[],"product_brand":[],"product_cat":[20,33],"product_tag":[],"class_list":{"0":"post-836","1":"product","2":"type-product","3":"status-publish","4":"has-post-thumbnail","6":"product_cat-gruas-hidraulicas-articuladas","7":"product_cat-gama-ligera","9":"first","10":"instock","11":"shipping-taxable","12":"product-type-simple"},"_links":{"self":[{"href":"https:\/\/www.gruasybasculantesdac.com\/en\/wp-json\/wp\/v2\/product\/836","targetHints":{"allow":["GET"]}}],"collection":[{"href":"https:\/\/www.gruasybasculantesdac.com\/en\/wp-json\/wp\/v2\/product"}],"about":[{"href":"https:\/\/www.gruasybasculantesdac.com\/en\/wp-json\/wp\/v2\/types\/product"}],"replies":[{"embeddable":true,"href":"https:\/\/www.gruasybasculantesdac.com\/en\/wp-json\/wp\/v2\/comments?post=836"}],"wp:featuredmedia":[{"embeddable":true,"href":"https:\/\/www.gruasybasculantesdac.com\/en\/wp-json\/wp\/v2\/media\/837"}],"wp:attachment":[{"href":"https:\/\/www.gruasybasculantesdac.com\/en\/wp-json\/wp\/v2\/media?parent=836"}],"wp:term":[{"taxonomy":"product_brand","embeddable":true,"href":"https:\/\/www.gruasybasculantesdac.com\/en\/wp-json\/wp\/v2\/product_brand?post=836"},{"taxonomy":"product_cat","embeddable":true,"href":"https:\/\/www.gruasybasculantesdac.com\/en\/wp-json\/wp\/v2\/product_cat?post=836"},{"taxonomy":"product_tag","embeddable":true,"href":"https:\/\/www.gruasybasculantesdac.com\/en\/wp-json\/wp\/v2\/product_tag?post=836"}],"curies":[{"name":"wp","href":"https:\/\/api.w.org\/{rel}","templated":true}]}}