{"id":828,"date":"2024-03-12T18:33:51","date_gmt":"2024-03-12T17:33:51","guid":{"rendered":"https:\/\/www.gruasybasculantesdac.com\/?post_type=product&#038;p=828"},"modified":"2024-03-13T12:23:06","modified_gmt":"2024-03-13T11:23:06","slug":"pk-9002-eh-high-performance","status":"publish","type":"product","link":"https:\/\/www.gruasybasculantesdac.com\/en\/pk-9002-eh-high-performance\/","title":{"rendered":"PK 9002-EH High Performance"},"content":{"rendered":"<p>La Palfinger PK 9002-EH High Performance redefine la eficiencia y la flexibilidad en el manejo de cargas con su avanzado sistema Power Link Plus, el cual facilita las operaciones en espacios limitados, incluidos los interiores de edificaciones, optimizando el rendimiento en entornos desafiantes. Este modelo se distingue por su excepcional resistencia y durabilidad, atribuidas al revestimiento KTL, que adem\u00e1s contribuye a mantener un alto valor residual.<\/p>\n<p>La capacidad de elevaci\u00f3n se ve significativamente mejorada gracias a la innovadora tecnolog\u00eda E-HPLS, asegurando un rendimiento superior en cada tarea. Para ofrecer una experiencia de uso inigualable, esta gr\u00faa articulada permite la integraci\u00f3n de un control remoto por radio, proporcionando al operario una mayor comodidad y precisi\u00f3n en el control de las operaciones.<\/p>\n<p>La Palfinger PK 9002-EH High Performance tambi\u00e9n destaca por su excepcional disponibilidad, gracias a un sistema de prolongas que requiere mantenimiento reducido, lo que minimiza los tiempos de inactividad y maximiza la productividad. Adem\u00e1s, el HPSC (High Performance Stability Control) permite una utilizaci\u00f3n \u00f3ptima del \u00e1rea de trabajo de la gr\u00faa, adapt\u00e1ndose a diferentes condiciones operativas para garantizar la seguridad y eficiencia.<\/p>\n<p>Con la Palfinger PK 9002-EH High Performance, la perfecci\u00f3n en acci\u00f3n se traduce en una soluci\u00f3n robusta, vers\u00e1til y de alto rendimiento para el manejo de cargas, representando la elecci\u00f3n ideal para profesionales que buscan excelencia y fiabilidad en sus operaciones.<\/p>","protected":false},"excerpt":{"rendered":"<h2 class=\"titulointerior\">Comprar Palfinger PK 9002-EH High Performance<\/h2>\n<div class=\"elementor-element elementor-element-d18684c jedv-enabled--yes elementor-widget-divider--view-line elementor-widget elementor-widget-divider\" data-id=\"d18684c\" data-element_type=\"widget\" data-widget_type=\"divider.default\">\n<div class=\"elementor-widget-container\">\n<div class=\"elementor-divider\"><span class=\"elementor-divider-separator\">\u00a0<\/span><\/div>\n<\/div>\n<\/div>\n<p>\u00bfEst\u00e1s interesado en comprar la Palfinger PK 9002-EH High Performance y optimizar tu proceso de trabajo y alcanzar nuevos niveles de productividad?<br \/>\nGr\u00faas y basculantes DAC vende maquinaria de Palfinger, en concreto la Palfinger PK 9002-EH High Performance. Esta innovadora herramienta redefine los est\u00e1ndares de eficiencia y rendimiento.<br \/>\nEsta m\u00e1quina cuenta con caracter\u00edsticas de vanguardia dise\u00f1adas para ofrecer resultados excepcionales. Desde su tecnolog\u00eda de \u00faltima generaci\u00f3n hasta su dise\u00f1o ergon\u00f3mico, cada detalle ha sido cuidadosamente considerado para satisfacer las demandas de los profesionales m\u00e1s exigentes.<br \/>\nSi est\u00e1s interesado en comprar la Palfinger PK 9002-EH High Performance no lo dudes, ll\u00e1manos o escr\u00edbenos para poder disfrutar de una maquinaria l\u00edder en el mercado<\/p>","protected":false},"featured_media":835,"comment_status":"closed","ping_status":"closed","template":"","meta":[],"product_brand":[],"product_cat":[20,33],"product_tag":[],"class_list":{"0":"post-828","1":"product","2":"type-product","3":"status-publish","4":"has-post-thumbnail","6":"product_cat-gruas-hidraulicas-articuladas","7":"product_cat-gama-ligera","9":"first","10":"instock","11":"shipping-taxable","12":"product-type-simple"},"_links":{"self":[{"href":"https:\/\/www.gruasybasculantesdac.com\/en\/wp-json\/wp\/v2\/product\/828","targetHints":{"allow":["GET"]}}],"collection":[{"href":"https:\/\/www.gruasybasculantesdac.com\/en\/wp-json\/wp\/v2\/product"}],"about":[{"href":"https:\/\/www.gruasybasculantesdac.com\/en\/wp-json\/wp\/v2\/types\/product"}],"replies":[{"embeddable":true,"href":"https:\/\/www.gruasybasculantesdac.com\/en\/wp-json\/wp\/v2\/comments?post=828"}],"wp:featuredmedia":[{"embeddable":true,"href":"https:\/\/www.gruasybasculantesdac.com\/en\/wp-json\/wp\/v2\/media\/835"}],"wp:attachment":[{"href":"https:\/\/www.gruasybasculantesdac.com\/en\/wp-json\/wp\/v2\/media?parent=828"}],"wp:term":[{"taxonomy":"product_brand","embeddable":true,"href":"https:\/\/www.gruasybasculantesdac.com\/en\/wp-json\/wp\/v2\/product_brand?post=828"},{"taxonomy":"product_cat","embeddable":true,"href":"https:\/\/www.gruasybasculantesdac.com\/en\/wp-json\/wp\/v2\/product_cat?post=828"},{"taxonomy":"product_tag","embeddable":true,"href":"https:\/\/www.gruasybasculantesdac.com\/en\/wp-json\/wp\/v2\/product_tag?post=828"}],"curies":[{"name":"wp","href":"https:\/\/api.w.org\/{rel}","templated":true}]}}