{"id":820,"date":"2024-03-12T17:49:42","date_gmt":"2024-03-12T16:49:42","guid":{"rendered":"https:\/\/www.gruasybasculantesdac.com\/?post_type=product&#038;p=820"},"modified":"2024-03-13T13:38:35","modified_gmt":"2024-03-13T12:38:35","slug":"pk-7-501k-sld-5","status":"publish","type":"product","link":"https:\/\/www.gruasybasculantesdac.com\/en\/pk-7-501k-sld-5\/","title":{"rendered":"PK 7.501K SLD 5"},"content":{"rendered":"<p>La Palfinger PK 7.501K SLD 5 se presenta como la elecci\u00f3n ideal para aplicaciones en el sector municipal, brindando un equilibrio perfecto entre funcionalidad avanzada y operatividad intuitiva. Esta gr\u00faa articulada destaca por su radiocontrol remoto opcional, que facilita enormemente su uso al permitir un manejo \u00e1gil y preciso, elevando la experiencia de operaci\u00f3n a nuevos niveles de comodidad y seguridad.<\/p>\n<p>Integra la revolucionaria tecnolog\u00eda HPSC (Control de Estabilidad de Alto Rendimiento), que optimiza el aprovechamiento del espacio de trabajo al adaptar de manera inteligente las capacidades de la gr\u00faa a las condiciones espec\u00edficas del entorno. Esto asegura no solo una mayor eficiencia en la operaci\u00f3n, sino tambi\u00e9n una seguridad reforzada para el operador y el entorno de trabajo.<\/p>\n<p>Con la implementaci\u00f3n de la tecnolog\u00eda A-HPLS (Sistema de Elevaci\u00f3n de Alto Rendimiento Avanzado), la Palfinger PK 7.501K SLD 5 alcanza una potencia de elevaci\u00f3n superior, permitiendo manejar cargas m\u00e1s pesadas con una facilidad impresionante. Este sistema no solo ampl\u00eda las posibilidades de carga, sino que tambi\u00e9n contribuye a una mayor precisi\u00f3n y control durante las operaciones de elevaci\u00f3n.<\/p>\n<p>El dise\u00f1o inteligentemente ligero de la Palfinger PK 7.501K SLD 5 no es menos digno de menci\u00f3n, ya que maximiza la carga \u00fatil sin comprometer la robustez o la durabilidad de la gr\u00faa. Este enfoque en la eficiencia estructural no solo mejora el rendimiento operativo, sino que tambi\u00e9n favorece la econom\u00eda de combustible, convirtiendo a esta gr\u00faa en una soluci\u00f3n sostenible y coste-efectiva para las necesidades municipales.<\/p>\n<p>En resumen, la Palfinger PK 7501K SLD 5 redefine los est\u00e1ndares de las gr\u00faas articuladas de carga, ofreciendo una combinaci\u00f3n inigualable de tecnolog\u00eda avanzada, rendimiento excepcional y dise\u00f1o eficiente, todo pensado para satisfacer y superar las exigencias del \u00e1mbito municipal.<\/p>","protected":false},"excerpt":{"rendered":"<h2 class=\"titulointerior\">Comprar Palfinger PK 7.501K SLD 5<\/h2>\n<div class=\"elementor-element elementor-element-d18684c jedv-enabled--yes elementor-widget-divider--view-line elementor-widget elementor-widget-divider\" data-id=\"d18684c\" data-element_type=\"widget\" data-widget_type=\"divider.default\">\n<div class=\"elementor-widget-container\">\n<div class=\"elementor-divider\"><span class=\"elementor-divider-separator\">\u00a0<\/span><\/div>\n<\/div>\n<\/div>\n<p>\u00bfEst\u00e1s interesado en comprar la Palfinger PK 7.501K SLD 5 y optimizar tu proceso de trabajo y alcanzar nuevos niveles de productividad?<br \/>\nGr\u00faas y basculantes DAC vende maquinaria de Palfinger, en concreto la Palfinger PK 7.501K SLD 5. Esta innovadora herramienta redefine los est\u00e1ndares de eficiencia y rendimiento.<br \/>\nEsta m\u00e1quina cuenta con caracter\u00edsticas de vanguardia dise\u00f1adas para ofrecer resultados excepcionales. Desde su tecnolog\u00eda de \u00faltima generaci\u00f3n hasta su dise\u00f1o ergon\u00f3mico, cada detalle ha sido cuidadosamente considerado para satisfacer las demandas de los profesionales m\u00e1s exigentes.<br \/>\nSi est\u00e1s interesado en comprar la Palfinger PK 7.501K SLD 5 no lo dudes, ll\u00e1manos o escr\u00edbenos para poder disfrutar de una maquinaria l\u00edder en el mercado<\/p>","protected":false},"featured_media":823,"comment_status":"closed","ping_status":"closed","template":"","meta":[],"product_brand":[],"product_cat":[20,33],"product_tag":[],"class_list":{"0":"post-820","1":"product","2":"type-product","3":"status-publish","4":"has-post-thumbnail","6":"product_cat-gruas-hidraulicas-articuladas","7":"product_cat-gama-ligera","9":"first","10":"instock","11":"shipping-taxable","12":"product-type-simple"},"_links":{"self":[{"href":"https:\/\/www.gruasybasculantesdac.com\/en\/wp-json\/wp\/v2\/product\/820","targetHints":{"allow":["GET"]}}],"collection":[{"href":"https:\/\/www.gruasybasculantesdac.com\/en\/wp-json\/wp\/v2\/product"}],"about":[{"href":"https:\/\/www.gruasybasculantesdac.com\/en\/wp-json\/wp\/v2\/types\/product"}],"replies":[{"embeddable":true,"href":"https:\/\/www.gruasybasculantesdac.com\/en\/wp-json\/wp\/v2\/comments?post=820"}],"wp:featuredmedia":[{"embeddable":true,"href":"https:\/\/www.gruasybasculantesdac.com\/en\/wp-json\/wp\/v2\/media\/823"}],"wp:attachment":[{"href":"https:\/\/www.gruasybasculantesdac.com\/en\/wp-json\/wp\/v2\/media?parent=820"}],"wp:term":[{"taxonomy":"product_brand","embeddable":true,"href":"https:\/\/www.gruasybasculantesdac.com\/en\/wp-json\/wp\/v2\/product_brand?post=820"},{"taxonomy":"product_cat","embeddable":true,"href":"https:\/\/www.gruasybasculantesdac.com\/en\/wp-json\/wp\/v2\/product_cat?post=820"},{"taxonomy":"product_tag","embeddable":true,"href":"https:\/\/www.gruasybasculantesdac.com\/en\/wp-json\/wp\/v2\/product_tag?post=820"}],"curies":[{"name":"wp","href":"https:\/\/api.w.org\/{rel}","templated":true}]}}