{"id":816,"date":"2024-03-12T17:31:15","date_gmt":"2024-03-12T16:31:15","guid":{"rendered":"https:\/\/www.gruasybasculantesdac.com\/?post_type=product&#038;p=816"},"modified":"2024-03-13T13:36:42","modified_gmt":"2024-03-13T12:36:42","slug":"pk-7-001k-sld-3","status":"publish","type":"product","link":"https:\/\/www.gruasybasculantesdac.com\/en\/pk-7-001k-sld-3\/","title":{"rendered":"PK 7.001K SLD 3"},"content":{"rendered":"<p>Presentamos la gr\u00faa articulada Palfinger PK 7.001K SLD 3, una soluci\u00f3n ideal para aplicaciones municipales y trabajos que requieran eficiencia y versatilidad. Esta avanzada gr\u00faa articulada est\u00e1 dise\u00f1ada para maximizar la productividad y la seguridad en el \u00e1rea de trabajo.<\/p>\n<p>Caracter\u00edsticas destacadas:<\/p>\n<ul>\n<li><strong>Rapidez en Operaciones<\/strong>: Experimente ciclos de carga significativamente m\u00e1s r\u00e1pidos gracias a la innovadora High Speed Extension, una extensi\u00f3n de alta velocidad que permite movimientos m\u00e1s \u00e1giles y eficientes.<\/li>\n<li><strong>M\u00e1xima Eficiencia en el Espacio de Trabajo<\/strong>: Aproveche al m\u00e1ximo el espacio disponible con la tecnolog\u00eda HPSC (High Performance Stability Control), que optimiza el \u00e1rea de trabajo para una mayor seguridad y rendimiento.<\/li>\n<li><strong>Dise\u00f1o Inteligente y Ligero<\/strong>: La Palfinger PK 7.001K SLD 3 se beneficia de un dise\u00f1o inteligente que no solo reduce su peso sino que tambi\u00e9n incrementa la carga \u00fatil, permitiendo transportar m\u00e1s material en menos viajes.<\/li>\n<\/ul>\n<p>La combinaci\u00f3n de estas caracter\u00edsticas convierte a la Palfinger PK 7001K SLD 3 en la personificaci\u00f3n de la perfecci\u00f3n en acci\u00f3n, estableciendo nuevos est\u00e1ndares de eficiencia y rendimiento en el sector municipal y m\u00e1s all\u00e1. Descubra c\u00f3mo esta gr\u00faa puede transformar su manera de trabajar, mejorando la eficacia y la productividad en cada tarea.<\/p>","protected":false},"excerpt":{"rendered":"<h2 class=\"titulointerior\">Comprar Palfinger PK 7.001K SLD 3<\/h2>\n<div class=\"elementor-element elementor-element-d18684c jedv-enabled--yes elementor-widget-divider--view-line elementor-widget elementor-widget-divider\" data-id=\"d18684c\" data-element_type=\"widget\" data-widget_type=\"divider.default\">\n<div class=\"elementor-widget-container\">\n<div class=\"elementor-divider\"><span class=\"elementor-divider-separator\">\u00a0<\/span><\/div>\n<\/div>\n<\/div>\n<p>\u00bfEst\u00e1s interesado en comprar la Palfinger PK 7.001K SLD 3 y optimizar tu proceso de trabajo y alcanzar nuevos niveles de productividad?<br \/>\nGr\u00faas y basculantes DAC vende maquinaria de Palfinger, en concreto la Palfinger PK 7.001K SLD 3. Esta innovadora herramienta redefine los est\u00e1ndares de eficiencia y rendimiento.<br \/>\nEsta m\u00e1quina cuenta con caracter\u00edsticas de vanguardia dise\u00f1adas para ofrecer resultados excepcionales. Desde su tecnolog\u00eda de \u00faltima generaci\u00f3n hasta su dise\u00f1o ergon\u00f3mico, cada detalle ha sido cuidadosamente considerado para satisfacer las demandas de los profesionales m\u00e1s exigentes.<br \/>\nSi est\u00e1s interesado en comprar la Palfinger PK 7.001K SLD 3 no lo dudes, ll\u00e1manos o escr\u00edbenos para poder disfrutar de una maquinaria l\u00edder en el mercado<\/p>","protected":false},"featured_media":818,"comment_status":"closed","ping_status":"closed","template":"","meta":[],"product_brand":[],"product_cat":[20,33],"product_tag":[],"class_list":{"0":"post-816","1":"product","2":"type-product","3":"status-publish","4":"has-post-thumbnail","6":"product_cat-gruas-hidraulicas-articuladas","7":"product_cat-gama-ligera","9":"first","10":"instock","11":"shipping-taxable","12":"product-type-simple"},"_links":{"self":[{"href":"https:\/\/www.gruasybasculantesdac.com\/en\/wp-json\/wp\/v2\/product\/816","targetHints":{"allow":["GET"]}}],"collection":[{"href":"https:\/\/www.gruasybasculantesdac.com\/en\/wp-json\/wp\/v2\/product"}],"about":[{"href":"https:\/\/www.gruasybasculantesdac.com\/en\/wp-json\/wp\/v2\/types\/product"}],"replies":[{"embeddable":true,"href":"https:\/\/www.gruasybasculantesdac.com\/en\/wp-json\/wp\/v2\/comments?post=816"}],"wp:featuredmedia":[{"embeddable":true,"href":"https:\/\/www.gruasybasculantesdac.com\/en\/wp-json\/wp\/v2\/media\/818"}],"wp:attachment":[{"href":"https:\/\/www.gruasybasculantesdac.com\/en\/wp-json\/wp\/v2\/media?parent=816"}],"wp:term":[{"taxonomy":"product_brand","embeddable":true,"href":"https:\/\/www.gruasybasculantesdac.com\/en\/wp-json\/wp\/v2\/product_brand?post=816"},{"taxonomy":"product_cat","embeddable":true,"href":"https:\/\/www.gruasybasculantesdac.com\/en\/wp-json\/wp\/v2\/product_cat?post=816"},{"taxonomy":"product_tag","embeddable":true,"href":"https:\/\/www.gruasybasculantesdac.com\/en\/wp-json\/wp\/v2\/product_tag?post=816"}],"curies":[{"name":"wp","href":"https:\/\/api.w.org\/{rel}","templated":true}]}}