{"id":812,"date":"2024-03-12T17:18:39","date_gmt":"2024-03-12T16:18:39","guid":{"rendered":"https:\/\/www.gruasybasculantesdac.com\/?post_type=product&#038;p=812"},"modified":"2024-03-13T13:35:56","modified_gmt":"2024-03-13T12:35:56","slug":"pk-7-501-sld-5","status":"publish","type":"product","link":"https:\/\/www.gruasybasculantesdac.com\/en\/pk-7-501-sld-5\/","title":{"rendered":"PK 7.501 SLD 5"},"content":{"rendered":"<p>La gr\u00faa articulada de carga Palfinger PK 7.501 SLD 5 redefine la eficiencia en el manejo de cargas, gracias a su innovadora construcci\u00f3n ligera que permite una carga \u00fatil superior. Experimenta ciclos de carga m\u00e1s \u00e1giles con la caracter\u00edstica High Speed Extension, una extensi\u00f3n de alta velocidad que optimiza los tiempos de trabajo. Adem\u00e1s, la comodidad y precisi\u00f3n en el manejo se ven realzadas por la opci\u00f3n de un radiocontrol remoto, facilitando las operaciones y mejorando la experiencia del usuario.<\/p>\n<p>Este modelo aprovecha al m\u00e1ximo el \u00e1rea de trabajo disponible mediante la avanzada tecnolog\u00eda HPSC (High Performance Stability Control), que ajusta la estabilidad de forma inteligente para un rendimiento \u00f3ptimo. La fuerza de elevaci\u00f3n se ve potenciada por la tecnolog\u00eda A-HPLS (Advanced High Performance Lifting System), garantizando una potencia superior en todas tus operaciones de elevaci\u00f3n.<\/p>\n<p>La Palfinger PK 7501 SLD 5 es la encarnaci\u00f3n de la perfecci\u00f3n en acci\u00f3n, dise\u00f1ada para quienes buscan maximizar la eficiencia y seguridad en sus tareas de elevaci\u00f3n y manejo de materiales.<\/p>","protected":false},"excerpt":{"rendered":"<h2 class=\"titulointerior\">Comprar Palfinger PK 7.501 SLD 5<\/h2>\n<div class=\"elementor-element elementor-element-d18684c jedv-enabled--yes elementor-widget-divider--view-line elementor-widget elementor-widget-divider\" data-id=\"d18684c\" data-element_type=\"widget\" data-widget_type=\"divider.default\">\n<div class=\"elementor-widget-container\">\n<div class=\"elementor-divider\"><span class=\"elementor-divider-separator\">\u00a0<\/span><\/div>\n<\/div>\n<\/div>\n<p>\u00bfEst\u00e1s interesado en comprar la Palfinger PK 7.501 SLD 5 y optimizar tu proceso de trabajo y alcanzar nuevos niveles de productividad?<br \/>\nGr\u00faas y basculantes DAC vende maquinaria de Palfinger, en concreto la Palfinger PK 7.501 SLD 5. Esta innovadora herramienta redefine los est\u00e1ndares de eficiencia y rendimiento.<br \/>\nEsta m\u00e1quina cuenta con caracter\u00edsticas de vanguardia dise\u00f1adas para ofrecer resultados excepcionales. Desde su tecnolog\u00eda de \u00faltima generaci\u00f3n hasta su dise\u00f1o ergon\u00f3mico, cada detalle ha sido cuidadosamente considerado para satisfacer las demandas de los profesionales m\u00e1s exigentes.<br \/>\nSi est\u00e1s interesado en comprar la Palfinger PK 7.501 SLD 5 no lo dudes, ll\u00e1manos o escr\u00edbenos para poder disfrutar de una maquinaria l\u00edder en el mercado<\/p>","protected":false},"featured_media":814,"comment_status":"closed","ping_status":"closed","template":"","meta":[],"product_brand":[],"product_cat":[20,33],"product_tag":[],"class_list":{"0":"post-812","1":"product","2":"type-product","3":"status-publish","4":"has-post-thumbnail","6":"product_cat-gruas-hidraulicas-articuladas","7":"product_cat-gama-ligera","9":"first","10":"instock","11":"shipping-taxable","12":"product-type-simple"},"_links":{"self":[{"href":"https:\/\/www.gruasybasculantesdac.com\/en\/wp-json\/wp\/v2\/product\/812","targetHints":{"allow":["GET"]}}],"collection":[{"href":"https:\/\/www.gruasybasculantesdac.com\/en\/wp-json\/wp\/v2\/product"}],"about":[{"href":"https:\/\/www.gruasybasculantesdac.com\/en\/wp-json\/wp\/v2\/types\/product"}],"replies":[{"embeddable":true,"href":"https:\/\/www.gruasybasculantesdac.com\/en\/wp-json\/wp\/v2\/comments?post=812"}],"wp:featuredmedia":[{"embeddable":true,"href":"https:\/\/www.gruasybasculantesdac.com\/en\/wp-json\/wp\/v2\/media\/814"}],"wp:attachment":[{"href":"https:\/\/www.gruasybasculantesdac.com\/en\/wp-json\/wp\/v2\/media?parent=812"}],"wp:term":[{"taxonomy":"product_brand","embeddable":true,"href":"https:\/\/www.gruasybasculantesdac.com\/en\/wp-json\/wp\/v2\/product_brand?post=812"},{"taxonomy":"product_cat","embeddable":true,"href":"https:\/\/www.gruasybasculantesdac.com\/en\/wp-json\/wp\/v2\/product_cat?post=812"},{"taxonomy":"product_tag","embeddable":true,"href":"https:\/\/www.gruasybasculantesdac.com\/en\/wp-json\/wp\/v2\/product_tag?post=812"}],"curies":[{"name":"wp","href":"https:\/\/api.w.org\/{rel}","templated":true}]}}