{"id":807,"date":"2024-03-12T16:48:52","date_gmt":"2024-03-12T15:48:52","guid":{"rendered":"https:\/\/www.gruasybasculantesdac.com\/?post_type=product&#038;p=807"},"modified":"2024-03-13T13:33:56","modified_gmt":"2024-03-13T12:33:56","slug":"pk-7-001-sld-3","status":"publish","type":"product","link":"https:\/\/www.gruasybasculantesdac.com\/en\/pk-7-001-sld-3\/","title":{"rendered":"PK 7.001 SLD 3"},"content":{"rendered":"<p>Descubre la revolucionaria Palfinger PK 7.001 SLD 3, una gr\u00faa articulada de carga dise\u00f1ada para elevar tus expectativas. Con una estructura optimizada para ligereza y robustez, esta gr\u00faa promete una carga \u00fatil superior sin sacrificar la durabilidad ni el rendimiento.<\/p>\n<p>Equipada con la tecnolog\u00eda PALTRONIC, la Palfinger PK 7.001 SLD 3 ofrece una fiabilidad sin precedentes, garantizando operaciones seguras y eficientes en todo momento. Los ciclos de carga se hacen m\u00e1s eficaces gracias a la innovadora Extensi\u00f3n de Alta Velocidad (High Speed Extension), permiti\u00e9ndote completar tareas en menos tiempo y con mayor precisi\u00f3n.<\/p>\n<p>Adem\u00e1s, la inclusi\u00f3n de la tecnolog\u00eda HPSC (High Performance Stability Control) ampliada optimiza el uso del espacio de trabajo, permitiendo un aprovechamiento m\u00e1ximo del entorno operativo. Esto se traduce en una versatilidad y adaptabilidad sin igual, facilitando el manejo de cargas en condiciones variadas.<\/p>\n<p>La Palfinger PK 7.001 SLD 3 es sin\u00f3nimo de perfecci\u00f3n en movimiento. Su dise\u00f1o vanguardista y caracter\u00edsticas innovadoras la convierten en la opci\u00f3n ideal para profesionales que buscan eficiencia, fiabilidad y rendimiento superior en sus operaciones de carga. Experimenta el pr\u00f3ximo nivel en gr\u00faas articuladas con la Palfinger PK 7001 SLD 3.<\/p>","protected":false},"excerpt":{"rendered":"<h2 class=\"titulointerior\">Comprar Palfinger PK 7.001 SLD 3<\/h2>\n<div class=\"elementor-element elementor-element-d18684c jedv-enabled--yes elementor-widget-divider--view-line elementor-widget elementor-widget-divider\" data-id=\"d18684c\" data-element_type=\"widget\" data-widget_type=\"divider.default\">\n<div class=\"elementor-widget-container\">\n<div class=\"elementor-divider\"><span class=\"elementor-divider-separator\">\u00a0<\/span><\/div>\n<\/div>\n<\/div>\n<p>\u00bfEst\u00e1s interesado en comprar la Palfinger PK 7.001 SLD 3 y optimizar tu proceso de trabajo y alcanzar nuevos niveles de productividad?<br \/>\nGr\u00faas y basculantes DAC vende maquinaria de Palfinger, en concreto la Palfinger PK 7.001 SLD 3. Esta innovadora herramienta redefine los est\u00e1ndares de eficiencia y rendimiento.<br \/>\nEsta m\u00e1quina cuenta con caracter\u00edsticas de vanguardia dise\u00f1adas para ofrecer resultados excepcionales. Desde su tecnolog\u00eda de \u00faltima generaci\u00f3n hasta su dise\u00f1o ergon\u00f3mico, cada detalle ha sido cuidadosamente considerado para satisfacer las demandas de los profesionales m\u00e1s exigentes.<br \/>\nSi est\u00e1s interesado en comprar la Palfinger PK 7.001 SLD 3 no lo dudes, ll\u00e1manos o escr\u00edbenos para poder disfrutar de una maquinaria l\u00edder en el mercado<\/p>","protected":false},"featured_media":809,"comment_status":"closed","ping_status":"closed","template":"","meta":[],"product_brand":[],"product_cat":[20,33],"product_tag":[],"class_list":{"0":"post-807","1":"product","2":"type-product","3":"status-publish","4":"has-post-thumbnail","6":"product_cat-gruas-hidraulicas-articuladas","7":"product_cat-gama-ligera","9":"first","10":"instock","11":"shipping-taxable","12":"product-type-simple"},"_links":{"self":[{"href":"https:\/\/www.gruasybasculantesdac.com\/en\/wp-json\/wp\/v2\/product\/807","targetHints":{"allow":["GET"]}}],"collection":[{"href":"https:\/\/www.gruasybasculantesdac.com\/en\/wp-json\/wp\/v2\/product"}],"about":[{"href":"https:\/\/www.gruasybasculantesdac.com\/en\/wp-json\/wp\/v2\/types\/product"}],"replies":[{"embeddable":true,"href":"https:\/\/www.gruasybasculantesdac.com\/en\/wp-json\/wp\/v2\/comments?post=807"}],"wp:featuredmedia":[{"embeddable":true,"href":"https:\/\/www.gruasybasculantesdac.com\/en\/wp-json\/wp\/v2\/media\/809"}],"wp:attachment":[{"href":"https:\/\/www.gruasybasculantesdac.com\/en\/wp-json\/wp\/v2\/media?parent=807"}],"wp:term":[{"taxonomy":"product_brand","embeddable":true,"href":"https:\/\/www.gruasybasculantesdac.com\/en\/wp-json\/wp\/v2\/product_brand?post=807"},{"taxonomy":"product_cat","embeddable":true,"href":"https:\/\/www.gruasybasculantesdac.com\/en\/wp-json\/wp\/v2\/product_cat?post=807"},{"taxonomy":"product_tag","embeddable":true,"href":"https:\/\/www.gruasybasculantesdac.com\/en\/wp-json\/wp\/v2\/product_tag?post=807"}],"curies":[{"name":"wp","href":"https:\/\/api.w.org\/{rel}","templated":true}]}}