{"id":800,"date":"2024-03-12T11:42:25","date_gmt":"2024-03-12T10:42:25","guid":{"rendered":"https:\/\/www.gruasybasculantesdac.com\/?post_type=product&#038;p=800"},"modified":"2024-03-13T13:32:16","modified_gmt":"2024-03-13T12:32:16","slug":"pk-7-001-sld-1","status":"publish","type":"product","link":"https:\/\/www.gruasybasculantesdac.com\/en\/pk-7-001-sld-1\/","title":{"rendered":"PK 7.001 SLD 1"},"content":{"rendered":"<p>Descubre la superioridad en carga y eficiencia con la gr\u00faa articulada Palfinger PK 7.001 SLD 1, dise\u00f1ada para elevar tus expectativas. Gracias a su ingenioso dise\u00f1o ligero, esta gr\u00faa no solo promete, sino que tambi\u00e9n entrega una capacidad de carga \u00fatil excepcionalmente mayor, estableciendo nuevos est\u00e1ndares en el sector.<\/p>\n<p><strong>Eficiencia Revolucionaria en Ciclos de Carga<\/strong> Equipada con la tecnolog\u00eda High Speed Extension (Extensi\u00f3n de Alta Velocidad), la Palfinger PK 7.001 SLD 1 asegura ciclos de carga m\u00e1s r\u00e1pidos, permiti\u00e9ndote completar tus proyectos con una eficiencia sin precedentes. Este avance significativo en velocidad de operaci\u00f3n se traduce en una productividad y rendimiento mejorados en el lugar de trabajo.<\/p>\n<p><strong>Durabilidad y Elegancia Garantizadas<\/strong> Con el revestimiento KTL de alta calidad, la Palfinger PK 7.001 SLD 1 no solo luce un aspecto impecable, sino que tambi\u00e9n ofrece la m\u00e1xima protecci\u00f3n contra elementos corrosivos y el desgaste del tiempo. Este tratamiento asegura que tu inversi\u00f3n se mantenga tanto funcional como est\u00e9ticamente atractiva durante a\u00f1os.<\/p>\n<p><strong>Rendimiento Excepcional en Cada Uso<\/strong> La gr\u00faa Palfinger PK 7001 SLD 1 encarna la perfecci\u00f3n operativa, adapt\u00e1ndose a una amplia gama de necesidades de carga con una precisi\u00f3n y eficacia inigualables. Su dise\u00f1o y tecnolog\u00eda de vanguardia garantizan un desempe\u00f1o \u00f3ptimo en cada tarea, redefiniendo lo que significa la excelencia en maquinaria de carga.<\/p>","protected":false},"excerpt":{"rendered":"<h2 class=\"titulointerior\">Comprar Palfinger PK 7.001 SLD 1<\/h2>\n<div class=\"elementor-element elementor-element-d18684c jedv-enabled--yes elementor-widget-divider--view-line elementor-widget elementor-widget-divider\" data-id=\"d18684c\" data-element_type=\"widget\" data-widget_type=\"divider.default\">\n<div class=\"elementor-widget-container\">\n<div class=\"elementor-divider\"><span class=\"elementor-divider-separator\">\u00a0<\/span><\/div>\n<\/div>\n<\/div>\n<p>\u00bfEst\u00e1s interesado en comprar la Palfinger PK 7.001 SLD 1 y optimizar tu proceso de trabajo y alcanzar nuevos niveles de productividad?<br \/>\nGr\u00faas y basculantes DAC vende maquinaria de Palfinger, en concreto la Palfinger PK 7.001 SLD 1. Esta innovadora herramienta redefine los est\u00e1ndares de eficiencia y rendimiento.<br \/>\nEsta m\u00e1quina cuenta con caracter\u00edsticas de vanguardia dise\u00f1adas para ofrecer resultados excepcionales. Desde su tecnolog\u00eda de \u00faltima generaci\u00f3n hasta su dise\u00f1o ergon\u00f3mico, cada detalle ha sido cuidadosamente considerado para satisfacer las demandas de los profesionales m\u00e1s exigentes.<br \/>\nSi est\u00e1s interesado en comprar la Palfinger PK 7.001 SLD 1 no lo dudes, ll\u00e1manos o escr\u00edbenos para poder disfrutar de una maquinaria l\u00edder en el mercado<\/p>","protected":false},"featured_media":805,"comment_status":"closed","ping_status":"closed","template":"","meta":[],"product_brand":[],"product_cat":[20,33],"product_tag":[],"class_list":{"0":"post-800","1":"product","2":"type-product","3":"status-publish","4":"has-post-thumbnail","6":"product_cat-gruas-hidraulicas-articuladas","7":"product_cat-gama-ligera","9":"first","10":"instock","11":"shipping-taxable","12":"product-type-simple"},"_links":{"self":[{"href":"https:\/\/www.gruasybasculantesdac.com\/en\/wp-json\/wp\/v2\/product\/800","targetHints":{"allow":["GET"]}}],"collection":[{"href":"https:\/\/www.gruasybasculantesdac.com\/en\/wp-json\/wp\/v2\/product"}],"about":[{"href":"https:\/\/www.gruasybasculantesdac.com\/en\/wp-json\/wp\/v2\/types\/product"}],"replies":[{"embeddable":true,"href":"https:\/\/www.gruasybasculantesdac.com\/en\/wp-json\/wp\/v2\/comments?post=800"}],"wp:featuredmedia":[{"embeddable":true,"href":"https:\/\/www.gruasybasculantesdac.com\/en\/wp-json\/wp\/v2\/media\/805"}],"wp:attachment":[{"href":"https:\/\/www.gruasybasculantesdac.com\/en\/wp-json\/wp\/v2\/media?parent=800"}],"wp:term":[{"taxonomy":"product_brand","embeddable":true,"href":"https:\/\/www.gruasybasculantesdac.com\/en\/wp-json\/wp\/v2\/product_brand?post=800"},{"taxonomy":"product_cat","embeddable":true,"href":"https:\/\/www.gruasybasculantesdac.com\/en\/wp-json\/wp\/v2\/product_cat?post=800"},{"taxonomy":"product_tag","embeddable":true,"href":"https:\/\/www.gruasybasculantesdac.com\/en\/wp-json\/wp\/v2\/product_tag?post=800"}],"curies":[{"name":"wp","href":"https:\/\/api.w.org\/{rel}","templated":true}]}}