{"id":750,"date":"2024-02-09T23:58:41","date_gmt":"2024-02-09T22:58:41","guid":{"rendered":"https:\/\/www.gruasybasculantesdac.com\/?post_type=product&#038;p=750"},"modified":"2024-03-13T02:24:40","modified_gmt":"2024-03-13T01:24:40","slug":"pc-2700-compact","status":"publish","type":"product","link":"https:\/\/www.gruasybasculantesdac.com\/en\/pc-2700-compact\/","title":{"rendered":"PC 2700 compact"},"content":{"rendered":"<p>Con tres estabilizadores hidr\u00e1ulicos, la gr\u00faa Palfinger PC 2700 alcanza una longitud m\u00e1xima de alcance de 5 metros. Su perfil hexagonal renovado asegura un sistema de plumas variables m\u00e1s robusto. Opcionalmente, podemos equiparla con una estructura montada que incluye una \u00fanica caja de estabilizadores.<\/p>\n<p>Fabricada en Austria, esta gr\u00faa ofrece soluciones compactas y ligeras con capacidades que van desde una hasta cuatro toneladas, potenciadas por la calidad distintiva de PALFINGER.<\/p>\n<p>Su revestimiento KTL garantiza un alto valor residual, mientras que las conducciones de aceite integradas en los cilindros de las prolongas ofrecen una protecci\u00f3n \u00f3ptima. Las v\u00e1lvulas pilotadas previenen el descenso involuntario del brazo de la gr\u00faa.<\/p>\n<p>Con un control remoto por radio opcional y la inclusi\u00f3n de un cabrestante, la gr\u00faa Palfinger PC 2700 se adapta a una amplia variedad de aplicaciones, asegurando una versatilidad sin igual en el campo.<\/p>","protected":false},"excerpt":{"rendered":"<h2 class=\"titulointerior\">Comprar Palfinger PC 2700 compact<\/h2>\n<div class=\"elementor-element elementor-element-d18684c jedv-enabled--yes elementor-widget-divider--view-line elementor-widget elementor-widget-divider\" data-id=\"d18684c\" data-element_type=\"widget\" data-widget_type=\"divider.default\">\n<div class=\"elementor-widget-container\">\n<div class=\"elementor-divider\"><span class=\"elementor-divider-separator\">\u00a0<\/span><\/div>\n<\/div>\n<\/div>\n<p>\u00bfEst\u00e1s interesado en comprar la Palfinger PC 2700 compact y optimizar tu proceso de trabajo y alcanzar nuevos niveles de productividad?<br \/>\nGr\u00faas y basculantes DAC vende maquinaria de Palfinger, en concreto la Palfinger PC 2700 compact. Esta innovadora herramienta redefine los est\u00e1ndares de eficiencia y rendimiento.<br \/>\nEsta m\u00e1quina cuenta con caracter\u00edsticas de vanguardia dise\u00f1adas para ofrecer resultados excepcionales. Desde su tecnolog\u00eda de \u00faltima generaci\u00f3n hasta su dise\u00f1o ergon\u00f3mico, cada detalle ha sido cuidadosamente considerado para satisfacer las demandas de los profesionales m\u00e1s exigentes.<br \/>\nSi est\u00e1s interesado en comprar la Palfinger PC 2700 compact no lo dudes, ll\u00e1manos o escr\u00edbenos para poder disfrutar de una maquinaria l\u00edder en el mercado<\/p>","protected":false},"featured_media":751,"comment_status":"closed","ping_status":"closed","template":"","meta":[],"product_brand":[],"product_cat":[20,32],"product_tag":[],"class_list":{"0":"post-750","1":"product","2":"type-product","3":"status-publish","4":"has-post-thumbnail","6":"product_cat-gruas-hidraulicas-articuladas","7":"product_cat-gruas-pequenas","9":"first","10":"instock","11":"shipping-taxable","12":"product-type-simple"},"_links":{"self":[{"href":"https:\/\/www.gruasybasculantesdac.com\/en\/wp-json\/wp\/v2\/product\/750","targetHints":{"allow":["GET"]}}],"collection":[{"href":"https:\/\/www.gruasybasculantesdac.com\/en\/wp-json\/wp\/v2\/product"}],"about":[{"href":"https:\/\/www.gruasybasculantesdac.com\/en\/wp-json\/wp\/v2\/types\/product"}],"replies":[{"embeddable":true,"href":"https:\/\/www.gruasybasculantesdac.com\/en\/wp-json\/wp\/v2\/comments?post=750"}],"wp:featuredmedia":[{"embeddable":true,"href":"https:\/\/www.gruasybasculantesdac.com\/en\/wp-json\/wp\/v2\/media\/751"}],"wp:attachment":[{"href":"https:\/\/www.gruasybasculantesdac.com\/en\/wp-json\/wp\/v2\/media?parent=750"}],"wp:term":[{"taxonomy":"product_brand","embeddable":true,"href":"https:\/\/www.gruasybasculantesdac.com\/en\/wp-json\/wp\/v2\/product_brand?post=750"},{"taxonomy":"product_cat","embeddable":true,"href":"https:\/\/www.gruasybasculantesdac.com\/en\/wp-json\/wp\/v2\/product_cat?post=750"},{"taxonomy":"product_tag","embeddable":true,"href":"https:\/\/www.gruasybasculantesdac.com\/en\/wp-json\/wp\/v2\/product_tag?post=750"}],"curies":[{"name":"wp","href":"https:\/\/api.w.org\/{rel}","templated":true}]}}