{"id":1664,"date":"2024-03-30T12:57:54","date_gmt":"2024-03-30T11:57:54","guid":{"rendered":"https:\/\/www.gruasybasculantesdac.com\/?post_type=product&#038;p=1664"},"modified":"2024-03-30T13:02:49","modified_gmt":"2024-03-30T12:02:49","slug":"superestructuras-especiales","status":"publish","type":"product","link":"https:\/\/www.gruasybasculantesdac.com\/en\/superestructuras-especiales\/","title":{"rendered":"Superestructuras Especiales"},"content":{"rendered":"<h2 data-sourcepos=\"1:1-1:82\">Soluciones a medida para tus necesidades<\/h2>\n<p data-sourcepos=\"3:1-3:201\"><strong>\u00bfNecesitas una gr\u00faa que se adapte a tus necesidades espec\u00edficas?<\/strong> Palfinger Superestructuras Especiales te ofrece una amplia gama de soluciones personalizadas para una gran variedad de aplicaciones.<\/p>\n<p data-sourcepos=\"5:1-5:127\"><strong>Desde gr\u00faas para la construcci\u00f3n de puentes hasta gr\u00faas para el sector naval, Palfinger tiene la soluci\u00f3n perfecta para ti.<\/strong><\/p>\n<p data-sourcepos=\"7:1-7:102\">\n<p data-sourcepos=\"7:1-7:102\"><strong>Con una amplia experiencia en el dise\u00f1o y la fabricaci\u00f3n de gr\u00faas especiales, Palfinger te ofrece:<\/strong><\/p>\n<ul data-sourcepos=\"9:1-12:0\">\n<li data-sourcepos=\"9:1-9:46\"><strong>Soluciones innovadoras y personalizadas.<\/strong><\/li>\n<li data-sourcepos=\"10:1-10:68\"><strong>Componentes de alta calidad y tecnolog\u00eda de \u00faltima generaci\u00f3n.<\/strong><\/li>\n<li data-sourcepos=\"11:1-12:0\"><strong>Un servicio completo de atenci\u00f3n al cliente, desde el dise\u00f1o hasta la instalaci\u00f3n y el mantenimiento.<\/strong><\/li>\n<\/ul>\n<p data-sourcepos=\"13:1-13:112\">\n<p data-sourcepos=\"13:1-13:112\"><strong>No importa lo complejo que sea tu proyecto, Palfinger Superestructuras Especiales tiene la soluci\u00f3n para ti.<\/strong><\/p>","protected":false},"excerpt":{"rendered":"<h2 class=\"titulointerior\">Comprar Palfinger Superestructuras Especiales<\/h2>\n<div class=\"elementor-element elementor-element-d18684c jedv-enabled--yes elementor-widget-divider--view-line elementor-widget elementor-widget-divider\" data-id=\"d18684c\" data-element_type=\"widget\" data-widget_type=\"divider.default\">\n<div class=\"elementor-widget-container\">\n<div class=\"elementor-divider\"><span class=\"elementor-divider-separator\">\u00a0<\/span><\/div>\n<\/div>\n<\/div>\n<p>\u00bfEst\u00e1s interesado en comprar la Palfinger Superestructuras Especiales y optimizar tu proceso de trabajo y alcanzar nuevos niveles de productividad?<br \/>\nGr\u00faas y basculantes DAC vende maquinaria de Palfinger, en concreto la Palfinger Superestructuras Especiales. Esta innovadora herramienta redefine los est\u00e1ndares de eficiencia y rendimiento.<br \/>\nEsta m\u00e1quina cuenta con caracter\u00edsticas de vanguardia dise\u00f1adas para ofrecer resultados excepcionales. Desde su tecnolog\u00eda de \u00faltima generaci\u00f3n hasta su dise\u00f1o ergon\u00f3mico, cada detalle ha sido cuidadosamente considerado para satisfacer las demandas de los profesionales m\u00e1s exigentes.<br \/>\nSi est\u00e1s interesado en comprar la Palfinger Superestructuras Especiales no lo dudes, ll\u00e1manos o escr\u00edbenos para poder disfrutar de una maquinaria l\u00edder en el mercado<\/p>","protected":false},"featured_media":1669,"comment_status":"open","ping_status":"closed","template":"","meta":[],"product_brand":[],"product_cat":[27],"product_tag":[],"class_list":{"0":"post-1664","1":"product","2":"type-product","3":"status-publish","4":"has-post-thumbnail","6":"product_cat-montaje-en-fabrica","8":"first","9":"instock","10":"shipping-taxable","11":"product-type-simple"},"_links":{"self":[{"href":"https:\/\/www.gruasybasculantesdac.com\/en\/wp-json\/wp\/v2\/product\/1664","targetHints":{"allow":["GET"]}}],"collection":[{"href":"https:\/\/www.gruasybasculantesdac.com\/en\/wp-json\/wp\/v2\/product"}],"about":[{"href":"https:\/\/www.gruasybasculantesdac.com\/en\/wp-json\/wp\/v2\/types\/product"}],"replies":[{"embeddable":true,"href":"https:\/\/www.gruasybasculantesdac.com\/en\/wp-json\/wp\/v2\/comments?post=1664"}],"wp:featuredmedia":[{"embeddable":true,"href":"https:\/\/www.gruasybasculantesdac.com\/en\/wp-json\/wp\/v2\/media\/1669"}],"wp:attachment":[{"href":"https:\/\/www.gruasybasculantesdac.com\/en\/wp-json\/wp\/v2\/media?parent=1664"}],"wp:term":[{"taxonomy":"product_brand","embeddable":true,"href":"https:\/\/www.gruasybasculantesdac.com\/en\/wp-json\/wp\/v2\/product_brand?post=1664"},{"taxonomy":"product_cat","embeddable":true,"href":"https:\/\/www.gruasybasculantesdac.com\/en\/wp-json\/wp\/v2\/product_cat?post=1664"},{"taxonomy":"product_tag","embeddable":true,"href":"https:\/\/www.gruasybasculantesdac.com\/en\/wp-json\/wp\/v2\/product_tag?post=1664"}],"curies":[{"name":"wp","href":"https:\/\/api.w.org\/{rel}","templated":true}]}}