{"id":1657,"date":"2024-03-30T12:36:13","date_gmt":"2024-03-30T11:36:13","guid":{"rendered":"https:\/\/www.gruasybasculantesdac.com\/?post_type=product&#038;p=1657"},"modified":"2024-03-30T12:36:13","modified_gmt":"2024-03-30T11:36:13","slug":"grua-carroceria-para-transporte-de-embarcaciones","status":"publish","type":"product","link":"https:\/\/www.gruasybasculantesdac.com\/en\/grua-carroceria-para-transporte-de-embarcaciones\/","title":{"rendered":"Gr\u00faa &#8211; Carrocer\u00eda para transporte de embarcaciones"},"content":{"rendered":"<h2 data-sourcepos=\"1:1-1:109\">Tu soluci\u00f3n integral para navegar por tierra<\/h2>\n<p data-sourcepos=\"3:1-3:238\"><strong>Lleva tu pasi\u00f3n por el mar a dondequiera que vayas con la Palfinger Gr\u00faa &#8211; Carrocer\u00eda para transporte de embarcaciones.<\/strong> Esta soluci\u00f3n completa te permite transportar tu embarcaci\u00f3n de forma segura y eficiente, sin importar el destino.<\/p>\n<p data-sourcepos=\"5:1-5:32\">\n<p data-sourcepos=\"5:1-5:32\"><strong>Caracter\u00edsticas principales:<\/strong><\/p>\n<ul data-sourcepos=\"7:1-12:0\">\n<li data-sourcepos=\"7:1-7:46\"><strong>Capacidad de carga:<\/strong>\u00a0M\u00e1s de 50 toneladas.<\/li>\n<li data-sourcepos=\"8:1-8:93\"><strong>Gr\u00faa Palfinger de alto rendimiento:<\/strong>\u00a0Para una carga y descarga segura de tu embarcaci\u00f3n.<\/li>\n<li data-sourcepos=\"9:1-9:72\"><strong>Plataforma baja:<\/strong>\u00a0Facilita el acceso y la salida de la embarcaci\u00f3n.<\/li>\n<li data-sourcepos=\"10:1-10:93\"><strong>Opciones de montaje personalizadas:<\/strong>\u00a0Adapta la carrocer\u00eda a tus necesidades espec\u00edficas.<\/li>\n<li data-sourcepos=\"11:1-12:0\"><strong>Seguridad y estabilidad:<\/strong>\u00a0Cumple con las normas de seguridad m\u00e1s exigentes.<\/li>\n<\/ul>\n<p data-sourcepos=\"13:1-13:50\">\n<p data-sourcepos=\"13:1-13:50\"><strong>M\u00e1s que una carrocer\u00eda, una soluci\u00f3n completa:<\/strong><\/p>\n<ul data-sourcepos=\"15:1-20:0\">\n<li data-sourcepos=\"15:1-15:86\"><strong>Montaje de falso chasis, placas laterales, estabilizadores y grapas hidr\u00e1ulicas.<\/strong><\/li>\n<li data-sourcepos=\"16:1-16:71\"><strong>Conexi\u00f3n hidr\u00e1ulica y el\u00e9ctrica de la gr\u00faa y los estabilizadores.<\/strong><\/li>\n<li data-sourcepos=\"17:1-17:130\"><strong>Montaje de cajas de herramientas, unidades de iluminaci\u00f3n, protecci\u00f3n lateral, guardabarros y soportes para placas de apoyo.<\/strong><\/li>\n<li data-sourcepos=\"18:1-18:162\"><strong>Instalaci\u00f3n de accesorios como escaleras, marcado de sobreanchura, extensiones de plataforma, dispositivos para transporte de contenedores y remolques, etc.<\/strong><\/li>\n<li data-sourcepos=\"19:1-20:0\"><strong>Parametrizaci\u00f3n del veh\u00edculo y ajuste del HPSC en f\u00e1brica para un m\u00e1ximo rendimiento.<\/strong><\/li>\n<\/ul>\n<p data-sourcepos=\"21:1-21:94\">\n<p data-sourcepos=\"21:1-21:94\"><strong>La Palfinger Gr\u00faa &#8211; Carrocer\u00eda para transporte de embarcaciones es la elecci\u00f3n ideal para:<\/strong><\/p>\n<ul data-sourcepos=\"23:1-26:0\">\n<li data-sourcepos=\"23:1-23:96\"><strong>Amantes del mar que buscan una soluci\u00f3n pr\u00e1ctica y segura para transportar su embarcaci\u00f3n.<\/strong><\/li>\n<li data-sourcepos=\"24:1-24:79\"><strong>Profesionales que necesitan transportar embarcaciones de forma eficiente.<\/strong><\/li>\n<li data-sourcepos=\"25:1-26:0\"><strong>Quienes buscan una carrocer\u00eda vers\u00e1til y adaptable a sus necesidades.<\/strong><\/li>\n<\/ul>\n<p data-sourcepos=\"27:1-27:123\">\n<p data-sourcepos=\"27:1-27:123\"><strong>Para m\u00e1s informaci\u00f3n o para solicitar una cotizaci\u00f3n personalizada, contacte con su distribuidor Palfinger m\u00e1s cercano.<\/strong><\/p>\n<p data-sourcepos=\"29:1-29:106\">\n<p data-sourcepos=\"29:1-29:106\"><strong>No te pierdas la oportunidad de adquirir esta soluci\u00f3n innovadora. \u00a1Solicita tu presupuesto hoy mismo!<\/strong><\/p>","protected":false},"excerpt":{"rendered":"<h2 class=\"titulointerior\">Comprar Palfinger Gr\u00faa &#8211; Carrocer\u00eda para transporte de embarcaciones<\/h2>\n<div class=\"elementor-element elementor-element-d18684c jedv-enabled--yes elementor-widget-divider--view-line elementor-widget elementor-widget-divider\" data-id=\"d18684c\" data-element_type=\"widget\" data-widget_type=\"divider.default\">\n<div class=\"elementor-widget-container\">\n<div class=\"elementor-divider\">\n\t\t\t<span class=\"elementor-divider-separator\"><br \/>\n\t\t\t\t\t\t<\/span>\n\t\t<\/div>\n<\/p><\/div>\n<\/p><\/div>\n<p>\t\t\t\u00bfEst\u00e1s interesado en comprar la Palfinger Gr\u00faa &#8211; Carrocer\u00eda para transporte de embarcaciones y optimizar tu proceso de trabajo y alcanzar nuevos niveles de productividad?<br \/>\n\t\t\tGr\u00faas y basculantes DAC vende maquinaria de Palfinger, en concreto la Palfinger Gr\u00faa &#8211; Carrocer\u00eda para transporte de embarcaciones. Esta innovadora herramienta redefine los est\u00e1ndares de eficiencia y rendimiento.  <br \/>Esta m\u00e1quina cuenta con caracter\u00edsticas de vanguardia dise\u00f1adas para ofrecer resultados excepcionales. Desde su tecnolog\u00eda de \u00faltima generaci\u00f3n hasta su dise\u00f1o ergon\u00f3mico, cada detalle ha sido cuidadosamente considerado para satisfacer las demandas de los profesionales m\u00e1s exigentes.<br \/>Si est\u00e1s interesado en comprar la Palfinger Gr\u00faa &#8211; Carrocer\u00eda para transporte de embarcaciones no lo dudes, ll\u00e1manos o escr\u00edbenos para poder disfrutar de una maquinaria l\u00edder en el mercado <\/p>","protected":false},"featured_media":1658,"comment_status":"open","ping_status":"closed","template":"","meta":[],"product_brand":[],"product_cat":[27],"product_tag":[],"class_list":{"0":"post-1657","1":"product","2":"type-product","3":"status-publish","4":"has-post-thumbnail","6":"product_cat-montaje-en-fabrica","8":"first","9":"instock","10":"shipping-taxable","11":"product-type-simple"},"_links":{"self":[{"href":"https:\/\/www.gruasybasculantesdac.com\/en\/wp-json\/wp\/v2\/product\/1657","targetHints":{"allow":["GET"]}}],"collection":[{"href":"https:\/\/www.gruasybasculantesdac.com\/en\/wp-json\/wp\/v2\/product"}],"about":[{"href":"https:\/\/www.gruasybasculantesdac.com\/en\/wp-json\/wp\/v2\/types\/product"}],"replies":[{"embeddable":true,"href":"https:\/\/www.gruasybasculantesdac.com\/en\/wp-json\/wp\/v2\/comments?post=1657"}],"wp:featuredmedia":[{"embeddable":true,"href":"https:\/\/www.gruasybasculantesdac.com\/en\/wp-json\/wp\/v2\/media\/1658"}],"wp:attachment":[{"href":"https:\/\/www.gruasybasculantesdac.com\/en\/wp-json\/wp\/v2\/media?parent=1657"}],"wp:term":[{"taxonomy":"product_brand","embeddable":true,"href":"https:\/\/www.gruasybasculantesdac.com\/en\/wp-json\/wp\/v2\/product_brand?post=1657"},{"taxonomy":"product_cat","embeddable":true,"href":"https:\/\/www.gruasybasculantesdac.com\/en\/wp-json\/wp\/v2\/product_cat?post=1657"},{"taxonomy":"product_tag","embeddable":true,"href":"https:\/\/www.gruasybasculantesdac.com\/en\/wp-json\/wp\/v2\/product_tag?post=1657"}],"curies":[{"name":"wp","href":"https:\/\/api.w.org\/{rel}","templated":true}]}}