{"id":1633,"date":"2024-03-30T12:15:00","date_gmt":"2024-03-30T11:15:00","guid":{"rendered":"https:\/\/www.gruasybasculantesdac.com\/?post_type=product&#038;p=1633"},"modified":"2024-03-30T12:17:39","modified_gmt":"2024-03-30T11:17:39","slug":"grua-carroceria-de-lona","status":"publish","type":"product","link":"https:\/\/www.gruasybasculantesdac.com\/en\/grua-carroceria-de-lona\/","title":{"rendered":"Gr\u00faa &#8211; Carrocer\u00eda de lona"},"content":{"rendered":"<h2 data-sourcepos=\"1:1-1:87\">Soluci\u00f3n integral para el transporte y la carga<\/h2>\n<p data-sourcepos=\"3:1-3:228\">La Palfinger Gr\u00faa &#8211; Carrocer\u00eda de lona combina una gr\u00faa articulada Palfinger con una carrocer\u00eda plana de lona, ofreciendo una soluci\u00f3n completa para el transporte y la carga de materiales en el sector de la construcci\u00f3n en seco.<\/p>\n<p data-sourcepos=\"5:1-5:32\"><strong>Caracter\u00edsticas principales:<\/strong><\/p>\n<ul data-sourcepos=\"7:1-17:0\">\n<li data-sourcepos=\"7:1-10:86\"><strong>Versatilidad:<\/strong>\n<ul data-sourcepos=\"8:5-10:86\">\n<li data-sourcepos=\"8:5-8:65\">Permite el transporte de una amplia variedad de materiales.<\/li>\n<li data-sourcepos=\"9:5-9:56\">Gr\u00faa Palfinger de hasta 40 toneladas de capacidad.<\/li>\n<li data-sourcepos=\"10:5-10:86\">Opciones de montaje personalizadas para adaptarse a las necesidades del cliente.<\/li>\n<\/ul>\n<\/li>\n<li data-sourcepos=\"11:1-13:51\"><strong>Eficiencia:<\/strong>\n<ul data-sourcepos=\"12:5-13:51\">\n<li data-sourcepos=\"12:5-12:48\">Agiliza la carga y descarga de materiales.<\/li>\n<li data-sourcepos=\"13:5-13:51\">Reduce el tiempo de inactividad del veh\u00edculo.<\/li>\n<\/ul>\n<\/li>\n<li data-sourcepos=\"14:1-17:0\"><strong>Seguridad:<\/strong>\n<ul data-sourcepos=\"15:5-17:0\">\n<li data-sourcepos=\"15:5-15:55\">Cumple con las normas de seguridad m\u00e1s exigentes.<\/li>\n<li data-sourcepos=\"16:5-17:0\">Protege al operador y a la carga durante el trabajo.<\/li>\n<\/ul>\n<\/li>\n<\/ul>\n<p data-sourcepos=\"18:1-18:24\">\n<p data-sourcepos=\"18:1-18:24\"><strong>Opciones de montaje:<\/strong><\/p>\n<ul data-sourcepos=\"20:1-24:0\">\n<li data-sourcepos=\"20:1-20:77\"><strong>Falso chasis y placas laterales:<\/strong>\u00a0Para una mayor robustez y estabilidad.<\/li>\n<li data-sourcepos=\"21:1-21:96\"><strong>Carrocer\u00eda plana con lonas:<\/strong>\u00a0Lonas laterales corredizas para facilitar la carga y descarga.<\/li>\n<li data-sourcepos=\"22:1-22:91\"><strong>Soporte para horquilla pivotante:<\/strong>\u00a0Permite el transporte de materiales con horquillas.<\/li>\n<li data-sourcepos=\"23:1-24:0\"><strong>Cajas de herramientas, unidades de iluminaci\u00f3n, protecci\u00f3n lateral, guardabarros y soportes para placas de apoyo:<\/strong>\u00a0Se montan seg\u00fan las necesidades del cliente.<\/li>\n<\/ul>\n<p data-sourcepos=\"25:1-25:29\">\n<p data-sourcepos=\"25:1-25:29\"><strong>Parametrizaci\u00f3n y ajuste:<\/strong><\/p>\n<ul data-sourcepos=\"27:1-29:0\">\n<li data-sourcepos=\"27:1-27:132\"><strong>Parametrizaci\u00f3n del veh\u00edculo:<\/strong>\u00a0Se ajusta el software del veh\u00edculo para optimizar su funcionamiento con la gr\u00faa y la carrocer\u00eda.<\/li>\n<li data-sourcepos=\"28:1-29:0\"><strong>Ajuste del HPSC en f\u00e1brica:<\/strong>\u00a0Para un m\u00e1ximo rendimiento de la gr\u00faa.<\/li>\n<\/ul>\n<p data-sourcepos=\"30:1-30:149\">\n<p data-sourcepos=\"30:1-30:149\"><strong>La Palfinger Gr\u00faa &#8211; Carrocer\u00eda de lona: Su aliado ideal para aumentar la productividad y la rentabilidad en el sector de la construcci\u00f3n en seco.<\/strong><\/p>","protected":false},"excerpt":{"rendered":"<h2 class=\"titulointerior\">Comprar Palfinger Gr\u00faa \u2013 Carrocer\u00eda de lona<\/h2>\n<div class=\"elementor-element elementor-element-d18684c jedv-enabled--yes elementor-widget-divider--view-line elementor-widget elementor-widget-divider\" data-id=\"d18684c\" data-element_type=\"widget\" data-widget_type=\"divider.default\">\n<div class=\"elementor-widget-container\">\n<div class=\"elementor-divider\"><span class=\"elementor-divider-separator\">\u00a0<\/span><\/div>\n<\/div>\n<\/div>\n<p>\u00bfEst\u00e1s interesado en comprar la Palfinger Gr\u00faa \u2013 Carrocer\u00eda de lona y optimizar tu proceso de trabajo y alcanzar nuevos niveles de productividad?<br \/>\nGr\u00faas y basculantes DAC vende maquinaria de Palfinger, en concreto la Palfinger Gr\u00faa \u2013 Carrocer\u00eda de lona. Esta innovadora herramienta redefine los est\u00e1ndares de eficiencia y rendimiento.<br \/>\nEsta m\u00e1quina cuenta con caracter\u00edsticas de vanguardia dise\u00f1adas para ofrecer resultados excepcionales. Desde su tecnolog\u00eda de \u00faltima generaci\u00f3n hasta su dise\u00f1o ergon\u00f3mico, cada detalle ha sido cuidadosamente considerado para satisfacer las demandas de los profesionales m\u00e1s exigentes.<br \/>\nSi est\u00e1s interesado en comprar la Palfinger Gr\u00faa \u2013 Carrocer\u00eda de lona no lo dudes, ll\u00e1manos o escr\u00edbenos para poder disfrutar de una maquinaria l\u00edder en el mercado<\/p>","protected":false},"featured_media":1635,"comment_status":"open","ping_status":"closed","template":"","meta":[],"product_brand":[],"product_cat":[27],"product_tag":[],"class_list":{"0":"post-1633","1":"product","2":"type-product","3":"status-publish","4":"has-post-thumbnail","6":"product_cat-montaje-en-fabrica","8":"first","9":"instock","10":"shipping-taxable","11":"product-type-simple"},"_links":{"self":[{"href":"https:\/\/www.gruasybasculantesdac.com\/en\/wp-json\/wp\/v2\/product\/1633","targetHints":{"allow":["GET"]}}],"collection":[{"href":"https:\/\/www.gruasybasculantesdac.com\/en\/wp-json\/wp\/v2\/product"}],"about":[{"href":"https:\/\/www.gruasybasculantesdac.com\/en\/wp-json\/wp\/v2\/types\/product"}],"replies":[{"embeddable":true,"href":"https:\/\/www.gruasybasculantesdac.com\/en\/wp-json\/wp\/v2\/comments?post=1633"}],"wp:featuredmedia":[{"embeddable":true,"href":"https:\/\/www.gruasybasculantesdac.com\/en\/wp-json\/wp\/v2\/media\/1635"}],"wp:attachment":[{"href":"https:\/\/www.gruasybasculantesdac.com\/en\/wp-json\/wp\/v2\/media?parent=1633"}],"wp:term":[{"taxonomy":"product_brand","embeddable":true,"href":"https:\/\/www.gruasybasculantesdac.com\/en\/wp-json\/wp\/v2\/product_brand?post=1633"},{"taxonomy":"product_cat","embeddable":true,"href":"https:\/\/www.gruasybasculantesdac.com\/en\/wp-json\/wp\/v2\/product_cat?post=1633"},{"taxonomy":"product_tag","embeddable":true,"href":"https:\/\/www.gruasybasculantesdac.com\/en\/wp-json\/wp\/v2\/product_tag?post=1633"}],"curies":[{"name":"wp","href":"https:\/\/api.w.org\/{rel}","templated":true}]}}