{"id":1591,"date":"2024-03-30T11:50:16","date_gmt":"2024-03-30T10:50:16","guid":{"rendered":"https:\/\/www.gruasybasculantesdac.com\/?post_type=product&#038;p=1591"},"modified":"2024-03-30T11:54:39","modified_gmt":"2024-03-30T10:54:39","slug":"equipo-de-gancho","status":"publish","type":"product","link":"https:\/\/www.gruasybasculantesdac.com\/en\/equipo-de-gancho\/","title":{"rendered":"Equipo de Gancho"},"content":{"rendered":"<h2 data-sourcepos=\"1:1-1:74\">Soluci\u00f3n vers\u00e1til para una mayor eficiencia<\/h2>\n<p data-sourcepos=\"3:1-3:149\">El Equipo de Gancho Palfinger ofrece una soluci\u00f3n completa y flexible para la carga y descarga de materiales en una amplia variedad de aplicaciones.<\/p>\n<p data-sourcepos=\"5:1-5:32\"><strong>Caracter\u00edsticas principales:<\/strong><\/p>\n<ul data-sourcepos=\"7:1-13:0\">\n<li data-sourcepos=\"7:1-10:126\"><strong>Montaje personalizado:<\/strong>\n<ul data-sourcepos=\"8:5-10:126\">\n<li data-sourcepos=\"8:5-8:81\">Se instala en el chasis del veh\u00edculo utilizando el kit de montaje adecuado.<\/li>\n<li data-sourcepos=\"9:5-9:50\">Conexi\u00f3n hidr\u00e1ulica al sistema del veh\u00edculo.<\/li>\n<li data-sourcepos=\"10:5-10:126\">Cajas de herramientas, unidades de iluminaci\u00f3n, guardabarros y protecciones se montan seg\u00fan las necesidades del cliente.<\/li>\n<\/ul>\n<\/li>\n<li data-sourcepos=\"11:1-13:0\"><strong>Parametrizaci\u00f3n del veh\u00edculo:<\/strong>\n<ul data-sourcepos=\"12:5-13:0\">\n<li data-sourcepos=\"12:5-13:0\">Se ajusta el software del veh\u00edculo para optimizar su funcionamiento con el equipo de gancho.<\/li>\n<\/ul>\n<\/li>\n<\/ul>\n<p data-sourcepos=\"14:1-14:15\"><strong>Beneficios:<\/strong><\/p>\n<ul data-sourcepos=\"16:1-25:0\">\n<li data-sourcepos=\"16:1-18:62\"><strong>Versatilidad:<\/strong>\n<ul data-sourcepos=\"17:5-18:62\">\n<li data-sourcepos=\"17:5-17:77\">Permite el manejo de diferentes tipos de materiales con un solo equipo.<\/li>\n<li data-sourcepos=\"18:5-18:62\">Adaptable a las necesidades espec\u00edficas de cada cliente.<\/li>\n<\/ul>\n<\/li>\n<li data-sourcepos=\"19:1-21:51\"><strong>Eficiencia:<\/strong>\n<ul data-sourcepos=\"20:5-21:51\">\n<li data-sourcepos=\"20:5-20:48\">Agiliza la carga y descarga de materiales.<\/li>\n<li data-sourcepos=\"21:5-21:51\">Reduce el tiempo de inactividad del veh\u00edculo.<\/li>\n<\/ul>\n<\/li>\n<li data-sourcepos=\"22:1-25:0\"><strong>Seguridad:<\/strong>\n<ul data-sourcepos=\"23:5-25:0\">\n<li data-sourcepos=\"23:5-23:55\">Cumple con las normas de seguridad m\u00e1s exigentes.<\/li>\n<li data-sourcepos=\"24:5-25:0\">Protege al operador y a la carga durante el trabajo.<\/li>\n<\/ul>\n<\/li>\n<\/ul>\n<p data-sourcepos=\"26:1-26:114\"><strong>El Equipo de Gancho Palfinger: Su aliado ideal para aumentar la productividad y la rentabilidad en su negocio.<\/strong><\/p>","protected":false},"excerpt":{"rendered":"<h2 class=\"titulointerior\">Comprar Palfinger Equipo de Gancho<\/h2>\n<div class=\"elementor-element elementor-element-d18684c jedv-enabled--yes elementor-widget-divider--view-line elementor-widget elementor-widget-divider\" data-id=\"d18684c\" data-element_type=\"widget\" data-widget_type=\"divider.default\">\n<div class=\"elementor-widget-container\">\n<div class=\"elementor-divider\"><span class=\"elementor-divider-separator\">\u00a0<\/span><\/div>\n<\/div>\n<\/div>\n<p>\u00bfEst\u00e1s interesado en comprar la Palfinger Equipo de Gancho y optimizar tu proceso de trabajo y alcanzar nuevos niveles de productividad?<br \/>\nGr\u00faas y basculantes DAC vende maquinaria de Palfinger, en concreto la Palfinger Equipo de Gancho. Esta innovadora herramienta redefine los est\u00e1ndares de eficiencia y rendimiento.<br \/>\nEsta m\u00e1quina cuenta con caracter\u00edsticas de vanguardia dise\u00f1adas para ofrecer resultados excepcionales. Desde su tecnolog\u00eda de \u00faltima generaci\u00f3n hasta su dise\u00f1o ergon\u00f3mico, cada detalle ha sido cuidadosamente considerado para satisfacer las demandas de los profesionales m\u00e1s exigentes.<br \/>\nSi est\u00e1s interesado en comprar la Palfinger Equipo de Gancho no lo dudes, ll\u00e1manos o escr\u00edbenos para poder disfrutar de una maquinaria l\u00edder en el mercado<\/p>","protected":false},"featured_media":1603,"comment_status":"open","ping_status":"closed","template":"","meta":[],"product_brand":[],"product_cat":[27],"product_tag":[],"class_list":{"0":"post-1591","1":"product","2":"type-product","3":"status-publish","4":"has-post-thumbnail","6":"product_cat-montaje-en-fabrica","8":"first","9":"instock","10":"shipping-taxable","11":"product-type-simple"},"_links":{"self":[{"href":"https:\/\/www.gruasybasculantesdac.com\/en\/wp-json\/wp\/v2\/product\/1591","targetHints":{"allow":["GET"]}}],"collection":[{"href":"https:\/\/www.gruasybasculantesdac.com\/en\/wp-json\/wp\/v2\/product"}],"about":[{"href":"https:\/\/www.gruasybasculantesdac.com\/en\/wp-json\/wp\/v2\/types\/product"}],"replies":[{"embeddable":true,"href":"https:\/\/www.gruasybasculantesdac.com\/en\/wp-json\/wp\/v2\/comments?post=1591"}],"wp:featuredmedia":[{"embeddable":true,"href":"https:\/\/www.gruasybasculantesdac.com\/en\/wp-json\/wp\/v2\/media\/1603"}],"wp:attachment":[{"href":"https:\/\/www.gruasybasculantesdac.com\/en\/wp-json\/wp\/v2\/media?parent=1591"}],"wp:term":[{"taxonomy":"product_brand","embeddable":true,"href":"https:\/\/www.gruasybasculantesdac.com\/en\/wp-json\/wp\/v2\/product_brand?post=1591"},{"taxonomy":"product_cat","embeddable":true,"href":"https:\/\/www.gruasybasculantesdac.com\/en\/wp-json\/wp\/v2\/product_cat?post=1591"},{"taxonomy":"product_tag","embeddable":true,"href":"https:\/\/www.gruasybasculantesdac.com\/en\/wp-json\/wp\/v2\/product_tag?post=1591"}],"curies":[{"name":"wp","href":"https:\/\/api.w.org\/{rel}","templated":true}]}}