{"id":1580,"date":"2024-03-28T19:15:05","date_gmt":"2024-03-28T18:15:05","guid":{"rendered":"https:\/\/www.gruasybasculantesdac.com\/?post_type=product&#038;p=1580"},"modified":"2024-03-30T11:54:06","modified_gmt":"2024-03-30T10:54:06","slug":"grua-volquete","status":"publish","type":"product","link":"https:\/\/www.gruasybasculantesdac.com\/en\/grua-volquete\/","title":{"rendered":"Gr\u00faa \u2013 Volquete"},"content":{"rendered":"<h2 data-sourcepos=\"1:1-1:66\">Soluci\u00f3n integral para la construcci\u00f3n<\/h2>\n<p data-sourcepos=\"3:1-3:231\">El concepto Palfinger Gr\u00faa-Volquete combina una gr\u00faa articulada Palfinger y un volquete trilateral, ofreciendo una soluci\u00f3n integral perfecta para la industria de la construcci\u00f3n, el transporte de materiales y el sector municipal.<\/p>\n<p data-sourcepos=\"5:1-5:32\"><strong>Caracter\u00edsticas principales:<\/strong><\/p>\n<ul data-sourcepos=\"7:1-14:0\">\n<li data-sourcepos=\"7:1-9:242\"><strong>Combinaci\u00f3n \u00f3ptima:<\/strong>\n<ul data-sourcepos=\"8:5-9:242\">\n<li data-sourcepos=\"8:5-8:91\">Gr\u00faa articulada Palfinger PK 24.001 SLD 5: Permite levantar cargas de hasta 5.750 kg.<\/li>\n<li data-sourcepos=\"9:5-9:242\">Volquete trilateral: Superficie de carga superior a 10 metros cuadrados con capacidad para 10 europal\u00e9s. Bordes laterales abatibles de 800 mm de altura para una sujeci\u00f3n segura de la carga. Tanque de 300 litros para una mayor autonom\u00eda.<\/li>\n<\/ul>\n<\/li>\n<li data-sourcepos=\"10:1-11:130\"><strong>Versatilidad y eficiencia:<\/strong>\n<ul data-sourcepos=\"11:5-11:130\">\n<li data-sourcepos=\"11:5-11:130\">Ideal para el transporte y la carga y descarga segura y eficiente de materiales de construcci\u00f3n, ya sea a granel o en pal\u00e9s.<\/li>\n<\/ul>\n<\/li>\n<li data-sourcepos=\"12:1-14:0\"><strong>Flexibilidad:<\/strong>\n<ul data-sourcepos=\"13:5-14:0\">\n<li data-sourcepos=\"13:5-14:0\">El dise\u00f1o modular permite una configuraci\u00f3n personalizada seg\u00fan las necesidades de cada cliente.<\/li>\n<\/ul>\n<\/li>\n<\/ul>\n<p data-sourcepos=\"15:1-15:15\"><strong>Beneficios:<\/strong><\/p>\n<ul data-sourcepos=\"17:1-21:0\">\n<li data-sourcepos=\"17:1-17:115\"><strong>Ahorro de tiempo y costes:<\/strong>\u00a0Elimina la necesidad de veh\u00edculos y equipos adicionales para la carga y descarga.<\/li>\n<li data-sourcepos=\"18:1-18:87\"><strong>Mayor productividad:<\/strong>\u00a0Permite realizar el trabajo de forma m\u00e1s r\u00e1pida y eficiente.<\/li>\n<li data-sourcepos=\"19:1-19:87\"><strong>Aumento de la rentabilidad:<\/strong>\u00a0Reduce los costes operativos y optimiza los recursos.<\/li>\n<li data-sourcepos=\"20:1-21:0\"><strong>Adaptabilidad:<\/strong>\u00a0Se adapta a una amplia variedad de tareas y aplicaciones en el sector de la construcci\u00f3n y otros.<\/li>\n<\/ul>\n<p data-sourcepos=\"22:1-22:85\"><strong>Palfinger Gr\u00faa-Volquete: Su socio confiable para una mayor eficiencia en su obra.<\/strong><\/p>","protected":false},"excerpt":{"rendered":"<h2 class=\"titulointerior\">Comprar Palfinger Gr\u00faa \u2013 Volquete<\/h2>\n<div class=\"elementor-element elementor-element-d18684c jedv-enabled--yes elementor-widget-divider--view-line elementor-widget elementor-widget-divider\" data-id=\"d18684c\" data-element_type=\"widget\" data-widget_type=\"divider.default\">\n<div class=\"elementor-widget-container\">\n<div class=\"elementor-divider\"><span class=\"elementor-divider-separator\">\u00a0<\/span><\/div>\n<\/div>\n<\/div>\n<p>\u00bfEst\u00e1s interesado en comprar la Palfinger Gr\u00faa \u2013 Volquete y optimizar tu proceso de trabajo y alcanzar nuevos niveles de productividad?<br \/>\nGr\u00faas y basculantes DAC vende maquinaria de Palfinger, en concreto la Palfinger Gr\u00faa \u2013 Volquete. Esta innovadora herramienta redefine los est\u00e1ndares de eficiencia y rendimiento.<br \/>\nEsta m\u00e1quina cuenta con caracter\u00edsticas de vanguardia dise\u00f1adas para ofrecer resultados excepcionales. Desde su tecnolog\u00eda de \u00faltima generaci\u00f3n hasta su dise\u00f1o ergon\u00f3mico, cada detalle ha sido cuidadosamente considerado para satisfacer las demandas de los profesionales m\u00e1s exigentes.<br \/>\nSi est\u00e1s interesado en comprar la Palfinger Gr\u00faa \u2013 Volquete no lo dudes, ll\u00e1manos o escr\u00edbenos para poder disfrutar de una maquinaria l\u00edder en el mercado<\/p>","protected":false},"featured_media":1586,"comment_status":"open","ping_status":"closed","template":"","meta":[],"product_brand":[],"product_cat":[27],"product_tag":[],"class_list":{"0":"post-1580","1":"product","2":"type-product","3":"status-publish","4":"has-post-thumbnail","6":"product_cat-montaje-en-fabrica","8":"first","9":"instock","10":"shipping-taxable","11":"product-type-simple"},"_links":{"self":[{"href":"https:\/\/www.gruasybasculantesdac.com\/en\/wp-json\/wp\/v2\/product\/1580","targetHints":{"allow":["GET"]}}],"collection":[{"href":"https:\/\/www.gruasybasculantesdac.com\/en\/wp-json\/wp\/v2\/product"}],"about":[{"href":"https:\/\/www.gruasybasculantesdac.com\/en\/wp-json\/wp\/v2\/types\/product"}],"replies":[{"embeddable":true,"href":"https:\/\/www.gruasybasculantesdac.com\/en\/wp-json\/wp\/v2\/comments?post=1580"}],"wp:featuredmedia":[{"embeddable":true,"href":"https:\/\/www.gruasybasculantesdac.com\/en\/wp-json\/wp\/v2\/media\/1586"}],"wp:attachment":[{"href":"https:\/\/www.gruasybasculantesdac.com\/en\/wp-json\/wp\/v2\/media?parent=1580"}],"wp:term":[{"taxonomy":"product_brand","embeddable":true,"href":"https:\/\/www.gruasybasculantesdac.com\/en\/wp-json\/wp\/v2\/product_brand?post=1580"},{"taxonomy":"product_cat","embeddable":true,"href":"https:\/\/www.gruasybasculantesdac.com\/en\/wp-json\/wp\/v2\/product_cat?post=1580"},{"taxonomy":"product_tag","embeddable":true,"href":"https:\/\/www.gruasybasculantesdac.com\/en\/wp-json\/wp\/v2\/product_tag?post=1580"}],"curies":[{"name":"wp","href":"https:\/\/api.w.org\/{rel}","templated":true}]}}