{"id":1576,"date":"2024-03-28T19:02:39","date_gmt":"2024-03-28T18:02:39","guid":{"rendered":"https:\/\/www.gruasybasculantesdac.com\/?post_type=product&#038;p=1576"},"modified":"2024-03-28T19:02:40","modified_gmt":"2024-03-28T18:02:40","slug":"pcc-115-002","status":"publish","type":"product","link":"https:\/\/www.gruasybasculantesdac.com\/en\/pcc-115-002\/","title":{"rendered":"PCC 115.002"},"content":{"rendered":"<h2 data-sourcepos=\"1:1-1:92\">Gr\u00faa m\u00f3vil todoterreno para izajes exigentes en espacios reducidos<\/h2>\n<p data-sourcepos=\"3:1-3:211\">La Palfinger PCC 115.002 es una gr\u00faa m\u00f3vil todoterreno ideal para afrontar trabajos de izado de media y alta envergadura, especialmente en entornos con limitaciones de espacio, tanto interiores como exteriores.<\/p>\n<p data-sourcepos=\"5:1-5:32\">\n<p data-sourcepos=\"5:1-5:32\"><strong>Caracter\u00edsticas principales:<\/strong><\/p>\n<ul data-sourcepos=\"7:1-18:0\">\n<li data-sourcepos=\"7:1-9:135\"><strong>Versatilidad sin igual:<\/strong>\n<ul data-sourcepos=\"8:5-9:135\">\n<li data-sourcepos=\"8:5-8:114\">Opera con soltura en espacios reducidos, demostrando su capacidad incluso en las situaciones m\u00e1s exigentes.<\/li>\n<li data-sourcepos=\"9:5-9:135\">Opciones desmontables: chasis de orugas, contrapeso y plum\u00edn prolongador, para una mayor adaptaci\u00f3n a las necesidades de la obra.<\/li>\n<\/ul>\n<\/li>\n<li data-sourcepos=\"10:1-12:82\"><strong>Fuerza y capacidad:<\/strong>\n<ul data-sourcepos=\"11:5-12:82\">\n<li data-sourcepos=\"11:5-11:50\">Ideal para izajes de media y alta exigencia.<\/li>\n<li data-sourcepos=\"12:5-12:82\">Winche potente de 3,5 toneladas para un manejo preciso y seguro de la carga.<\/li>\n<\/ul>\n<\/li>\n<li data-sourcepos=\"13:1-15:82\"><strong>Transporte flexible:<\/strong>\n<ul data-sourcepos=\"14:5-15:82\">\n<li data-sourcepos=\"14:5-14:136\">Peso total (con equipamiento completo) de 42 toneladas, divisible en dos partes para un transporte m\u00e1s eficiente en dos remolques.<\/li>\n<li data-sourcepos=\"15:5-15:82\">Chasis y unidad de la gr\u00faa desmontables para superar limitaciones de altura.<\/li>\n<\/ul>\n<\/li>\n<li data-sourcepos=\"16:1-18:0\"><strong>Operaci\u00f3n ecol\u00f3gica:<\/strong>\n<ul data-sourcepos=\"17:5-18:0\">\n<li data-sourcepos=\"17:5-18:0\">Posibilidad de alimentaci\u00f3n mediante red el\u00e9ctrica, para un funcionamiento libre de emisiones.<\/li>\n<\/ul>\n<\/li>\n<\/ul>\n<p data-sourcepos=\"19:1-19:103\">\n<p data-sourcepos=\"19:1-19:103\"><strong>Palfinger PCC 115.002: Su soluci\u00f3n potente y adaptable para izajes complejos en espacios reducidos.<\/strong><\/p>","protected":false},"excerpt":{"rendered":"<h2 class=\"titulointerior\">Comprar Palfinger PCC 115.002<\/h2>\n<div class=\"elementor-element elementor-element-d18684c jedv-enabled--yes elementor-widget-divider--view-line elementor-widget elementor-widget-divider\" data-id=\"d18684c\" data-element_type=\"widget\" data-widget_type=\"divider.default\">\n<div class=\"elementor-widget-container\">\n<div class=\"elementor-divider\">\n\t\t\t<span class=\"elementor-divider-separator\"><br \/>\n\t\t\t\t\t\t<\/span>\n\t\t<\/div>\n<\/p><\/div>\n<\/p><\/div>\n<p>\t\t\t\u00bfEst\u00e1s interesado en comprar la Palfinger PCC 115.002 y optimizar tu proceso de trabajo y alcanzar nuevos niveles de productividad?<br \/>\n\t\t\tGr\u00faas y basculantes DAC vende maquinaria de Palfinger, en concreto la Palfinger PCC 115.002. Esta innovadora herramienta redefine los est\u00e1ndares de eficiencia y rendimiento.  <br \/>Esta m\u00e1quina cuenta con caracter\u00edsticas de vanguardia dise\u00f1adas para ofrecer resultados excepcionales. Desde su tecnolog\u00eda de \u00faltima generaci\u00f3n hasta su dise\u00f1o ergon\u00f3mico, cada detalle ha sido cuidadosamente considerado para satisfacer las demandas de los profesionales m\u00e1s exigentes.<br \/>Si est\u00e1s interesado en comprar la Palfinger PCC 115.002 no lo dudes, ll\u00e1manos o escr\u00edbenos para poder disfrutar de una maquinaria l\u00edder en el mercado <\/p>","protected":false},"featured_media":1577,"comment_status":"open","ping_status":"closed","template":"","meta":[],"product_brand":[],"product_cat":[26],"product_tag":[],"class_list":{"0":"post-1576","1":"product","2":"type-product","3":"status-publish","4":"has-post-thumbnail","6":"product_cat-gruas-sobre-orugas","8":"first","9":"instock","10":"shipping-taxable","11":"product-type-simple"},"_links":{"self":[{"href":"https:\/\/www.gruasybasculantesdac.com\/en\/wp-json\/wp\/v2\/product\/1576","targetHints":{"allow":["GET"]}}],"collection":[{"href":"https:\/\/www.gruasybasculantesdac.com\/en\/wp-json\/wp\/v2\/product"}],"about":[{"href":"https:\/\/www.gruasybasculantesdac.com\/en\/wp-json\/wp\/v2\/types\/product"}],"replies":[{"embeddable":true,"href":"https:\/\/www.gruasybasculantesdac.com\/en\/wp-json\/wp\/v2\/comments?post=1576"}],"wp:featuredmedia":[{"embeddable":true,"href":"https:\/\/www.gruasybasculantesdac.com\/en\/wp-json\/wp\/v2\/media\/1577"}],"wp:attachment":[{"href":"https:\/\/www.gruasybasculantesdac.com\/en\/wp-json\/wp\/v2\/media?parent=1576"}],"wp:term":[{"taxonomy":"product_brand","embeddable":true,"href":"https:\/\/www.gruasybasculantesdac.com\/en\/wp-json\/wp\/v2\/product_brand?post=1576"},{"taxonomy":"product_cat","embeddable":true,"href":"https:\/\/www.gruasybasculantesdac.com\/en\/wp-json\/wp\/v2\/product_cat?post=1576"},{"taxonomy":"product_tag","embeddable":true,"href":"https:\/\/www.gruasybasculantesdac.com\/en\/wp-json\/wp\/v2\/product_tag?post=1576"}],"curies":[{"name":"wp","href":"https:\/\/api.w.org\/{rel}","templated":true}]}}