{"id":1549,"date":"2024-03-28T18:35:58","date_gmt":"2024-03-28T17:35:58","guid":{"rendered":"https:\/\/www.gruasybasculantesdac.com\/?post_type=product&#038;p=1549"},"modified":"2024-03-28T18:35:58","modified_gmt":"2024-03-28T17:35:58","slug":"st-14","status":"publish","type":"product","link":"https:\/\/www.gruasybasculantesdac.com\/en\/st-14\/","title":{"rendered":"ST 14"},"content":{"rendered":"<h2 data-sourcepos=\"1:1-1:43\">Robusta y f\u00e1cil de usar<\/h2>\n<p data-sourcepos=\"3:1-3:115\">La gr\u00faa articulada Palfinger ST 14 est\u00e1 dise\u00f1ada para simplificar el trabajo del conductor en cualquier situaci\u00f3n.<\/p>\n<p data-sourcepos=\"5:1-5:32\">\n<p data-sourcepos=\"5:1-5:32\"><strong>Caracter\u00edsticas principales:<\/strong><\/p>\n<ul data-sourcepos=\"7:1-10:0\">\n<li data-sourcepos=\"7:1-7:83\"><strong>F\u00e1cil acceso a la plataforma y ajustes:<\/strong>\u00a0Permite un manejo c\u00f3modo y eficiente.<\/li>\n<li data-sourcepos=\"8:1-8:90\"><strong>Mandos ergon\u00f3micos:<\/strong>\u00a0Garantizan la comodidad del operador durante la jornada laboral.<\/li>\n<li data-sourcepos=\"9:1-10:0\"><strong>Pintura de f\u00e1brica y protecci\u00f3n contra bajos integrada:<\/strong>\u00a0Facilitan un montaje r\u00e1pido y sencillo en el cami\u00f3n.<\/li>\n<\/ul>\n<p data-sourcepos=\"11:1-11:33\">\n<p data-sourcepos=\"11:1-11:33\"><strong>Ventajas del Palfinger ST 14:<\/strong><\/p>\n<ul data-sourcepos=\"13:1-17:0\">\n<li data-sourcepos=\"13:1-13:107\"><strong>Topes de contenedor con sistema Autolock:<\/strong>\u00a0Permiten un enganche y desenganche f\u00e1cil con una sola mano.<\/li>\n<li data-sourcepos=\"14:1-14:92\"><strong>Suelo de acero resistente a la corrosi\u00f3n (Magnelis\u00ae):<\/strong>\u00a0Garantiza una mayor durabilidad.<\/li>\n<li data-sourcepos=\"15:1-15:82\"><strong>Sistema POP &amp; SAM:<\/strong>\u00a0Cumple con las normativas de seguridad m\u00e1s exigentes.<\/li>\n<li data-sourcepos=\"16:1-17:0\"><strong>M\u00faltiples opciones de control:<\/strong>\u00a0Permite elegir entre control externo, control desde la cabina o control remoto por radio, seg\u00fan las necesidades de la operaci\u00f3n.<\/li>\n<\/ul>\n<p data-sourcepos=\"18:1-18:24\">\n<p data-sourcepos=\"18:1-18:24\"><strong>Modelos disponibles:<\/strong><\/p>\n<ul data-sourcepos=\"20:1-23:0\">\n<li data-sourcepos=\"20:1-20:86\"><strong>SLD 1:<\/strong>\u00a0Ideal para usuarios que buscan sencillez y fiabilidad (No homologada CE).<\/li>\n<li data-sourcepos=\"21:1-21:74\"><strong>SLD 3:<\/strong>\u00a0Dise\u00f1ada para cubrir las necesidades b\u00e1sicas (Homologada CE).<\/li>\n<li data-sourcepos=\"22:1-23:0\"><strong>SLD 5:<\/strong>\u00a0Se adapta a cualquier necesidad gracias a su amplia gama de configuraciones (Homologada CE).<\/li>\n<\/ul>\n<p data-sourcepos=\"24:1-24:42\">\n<p data-sourcepos=\"24:1-24:42\"><strong>Palfinger ST 14: Perfecci\u00f3n en acci\u00f3n.<\/strong><\/p>","protected":false},"excerpt":{"rendered":"<h2 class=\"titulointerior\">Comprar Palfinger ST 14<\/h2>\n<div class=\"elementor-element elementor-element-d18684c jedv-enabled--yes elementor-widget-divider--view-line elementor-widget elementor-widget-divider\" data-id=\"d18684c\" data-element_type=\"widget\" data-widget_type=\"divider.default\">\n<div class=\"elementor-widget-container\">\n<div class=\"elementor-divider\">\n\t\t\t<span class=\"elementor-divider-separator\"><br \/>\n\t\t\t\t\t\t<\/span>\n\t\t<\/div>\n<\/p><\/div>\n<\/p><\/div>\n<p>\t\t\t\u00bfEst\u00e1s interesado en comprar la Palfinger ST 14 y optimizar tu proceso de trabajo y alcanzar nuevos niveles de productividad?<br \/>\n\t\t\tGr\u00faas y basculantes DAC vende maquinaria de Palfinger, en concreto la Palfinger ST 14. Esta innovadora herramienta redefine los est\u00e1ndares de eficiencia y rendimiento.  <br \/>Esta m\u00e1quina cuenta con caracter\u00edsticas de vanguardia dise\u00f1adas para ofrecer resultados excepcionales. Desde su tecnolog\u00eda de \u00faltima generaci\u00f3n hasta su dise\u00f1o ergon\u00f3mico, cada detalle ha sido cuidadosamente considerado para satisfacer las demandas de los profesionales m\u00e1s exigentes.<br \/>Si est\u00e1s interesado en comprar la Palfinger ST 14 no lo dudes, ll\u00e1manos o escr\u00edbenos para poder disfrutar de una maquinaria l\u00edder en el mercado <\/p>","protected":false},"featured_media":1550,"comment_status":"open","ping_status":"closed","template":"","meta":[],"product_brand":[],"product_cat":[23,56],"product_tag":[],"class_list":{"0":"post-1549","1":"product","2":"type-product","3":"status-publish","4":"has-post-thumbnail","6":"product_cat-polibrazos-y-equipos-de-cadenas","7":"product_cat-portacontenedores","9":"first","10":"instock","11":"shipping-taxable","12":"product-type-simple"},"_links":{"self":[{"href":"https:\/\/www.gruasybasculantesdac.com\/en\/wp-json\/wp\/v2\/product\/1549","targetHints":{"allow":["GET"]}}],"collection":[{"href":"https:\/\/www.gruasybasculantesdac.com\/en\/wp-json\/wp\/v2\/product"}],"about":[{"href":"https:\/\/www.gruasybasculantesdac.com\/en\/wp-json\/wp\/v2\/types\/product"}],"replies":[{"embeddable":true,"href":"https:\/\/www.gruasybasculantesdac.com\/en\/wp-json\/wp\/v2\/comments?post=1549"}],"wp:featuredmedia":[{"embeddable":true,"href":"https:\/\/www.gruasybasculantesdac.com\/en\/wp-json\/wp\/v2\/media\/1550"}],"wp:attachment":[{"href":"https:\/\/www.gruasybasculantesdac.com\/en\/wp-json\/wp\/v2\/media?parent=1549"}],"wp:term":[{"taxonomy":"product_brand","embeddable":true,"href":"https:\/\/www.gruasybasculantesdac.com\/en\/wp-json\/wp\/v2\/product_brand?post=1549"},{"taxonomy":"product_cat","embeddable":true,"href":"https:\/\/www.gruasybasculantesdac.com\/en\/wp-json\/wp\/v2\/product_cat?post=1549"},{"taxonomy":"product_tag","embeddable":true,"href":"https:\/\/www.gruasybasculantesdac.com\/en\/wp-json\/wp\/v2\/product_tag?post=1549"}],"curies":[{"name":"wp","href":"https:\/\/api.w.org\/{rel}","templated":true}]}}