{"id":1539,"date":"2024-03-28T18:26:33","date_gmt":"2024-03-28T17:26:33","guid":{"rendered":"https:\/\/www.gruasybasculantesdac.com\/?post_type=product&#038;p=1539"},"modified":"2024-03-28T18:26:34","modified_gmt":"2024-03-28T17:26:34","slug":"ht-26-ht-26-a","status":"publish","type":"product","link":"https:\/\/www.gruasybasculantesdac.com\/en\/ht-26-ht-26-a\/","title":{"rendered":"HT 26 \/ HT 26 A"},"content":{"rendered":"<h2 data-sourcepos=\"1:1-1:79\">Versatilidad y potencia para una mayor eficiencia<\/h2>\n<p data-sourcepos=\"3:1-3:274\"><strong>Las gr\u00faas articuladas Palfinger HT 26 y HT 26 A<\/strong> ofrecen una combinaci\u00f3n \u00fanica de versatilidad, potencia y facilidad de uso, lo que las convierte en la herramienta ideal para una amplia gama de aplicaciones en la industria, la construcci\u00f3n, el reciclaje y otros sectores.<\/p>\n<p data-sourcepos=\"5:1-5:32\">\n<p data-sourcepos=\"5:1-5:32\"><strong>Caracter\u00edsticas principales:<\/strong><\/p>\n<ul data-sourcepos=\"7:1-15:0\">\n<li data-sourcepos=\"7:1-10:80\"><strong>Versatilidad sin igual:<\/strong>\n<ul data-sourcepos=\"8:5-10:80\">\n<li data-sourcepos=\"8:5-8:76\"><strong>F\u00e1cil manejo:<\/strong>\u00a0Permite un control preciso y movimientos intuitivos.<\/li>\n<li data-sourcepos=\"9:5-9:128\"><strong>Capacidad para usar contenedores de diferentes longitudes:<\/strong>\u00a0Se adapta a las necesidades espec\u00edficas de cada aplicaci\u00f3n.<\/li>\n<li data-sourcepos=\"10:5-10:80\"><strong>Apta para la carga de semirremolques:<\/strong>\u00a0Ampl\u00eda su rango de aplicaciones.<\/li>\n<\/ul>\n<\/li>\n<li data-sourcepos=\"11:1-15:0\"><strong>Potencia y rendimiento:<\/strong>\n<ul data-sourcepos=\"12:5-15:0\">\n<li data-sourcepos=\"12:5-12:82\"><strong>Dos cilindros en el basculante:<\/strong>\u00a0Incrementan la capacidad de basculaci\u00f3n.<\/li>\n<li data-sourcepos=\"13:5-13:82\"><strong>Reducci\u00f3n de las fuerzas horizontales:<\/strong>\u00a0Menor desgaste de los casquillos.<\/li>\n<li data-sourcepos=\"14:5-15:0\"><strong>Dise\u00f1o robusto:<\/strong>\u00a0Construida para resistir el uso intensivo y durar en el tiempo.<\/li>\n<\/ul>\n<\/li>\n<\/ul>\n<p data-sourcepos=\"16:1-16:15\">\n<p data-sourcepos=\"16:1-16:15\"><strong>Beneficios:<\/strong><\/p>\n<ul data-sourcepos=\"18:1-21:0\">\n<li data-sourcepos=\"18:1-18:121\"><strong>Mayor productividad:<\/strong>\u00a0Las gr\u00faas HT 26 y HT 26 A permiten realizar el trabajo en menos tiempo y con mayor eficiencia.<\/li>\n<li data-sourcepos=\"19:1-19:103\"><strong>Mayor flexibilidad:<\/strong>\u00a0La versatilidad de las gr\u00faas las hace aptas para una gran variedad de tareas.<\/li>\n<li data-sourcepos=\"20:1-21:0\"><strong>Mayor rentabilidad:<\/strong>\u00a0La robustez de las gr\u00faas, la reducci\u00f3n del desgaste y la facilidad de mantenimiento reducen los costes operativos.<\/li>\n<\/ul>\n<p data-sourcepos=\"22:1-22:52\">\n<p data-sourcepos=\"22:1-22:52\"><strong>Palfinger HT 26 \/ HT 26 A: Perfecci\u00f3n en acci\u00f3n.<\/strong><\/p>","protected":false},"excerpt":{"rendered":"<h2 class=\"titulointerior\">Comprar Palfinger HT 26 \/ HT 26 A<\/h2>\n<div class=\"elementor-element elementor-element-d18684c jedv-enabled--yes elementor-widget-divider--view-line elementor-widget elementor-widget-divider\" data-id=\"d18684c\" data-element_type=\"widget\" data-widget_type=\"divider.default\">\n<div class=\"elementor-widget-container\">\n<div class=\"elementor-divider\">\n\t\t\t<span class=\"elementor-divider-separator\"><br \/>\n\t\t\t\t\t\t<\/span>\n\t\t<\/div>\n<\/p><\/div>\n<\/p><\/div>\n<p>\t\t\t\u00bfEst\u00e1s interesado en comprar la Palfinger HT 26 \/ HT 26 A y optimizar tu proceso de trabajo y alcanzar nuevos niveles de productividad?<br \/>\n\t\t\tGr\u00faas y basculantes DAC vende maquinaria de Palfinger, en concreto la Palfinger HT 26 \/ HT 26 A. Esta innovadora herramienta redefine los est\u00e1ndares de eficiencia y rendimiento.  <br \/>Esta m\u00e1quina cuenta con caracter\u00edsticas de vanguardia dise\u00f1adas para ofrecer resultados excepcionales. Desde su tecnolog\u00eda de \u00faltima generaci\u00f3n hasta su dise\u00f1o ergon\u00f3mico, cada detalle ha sido cuidadosamente considerado para satisfacer las demandas de los profesionales m\u00e1s exigentes.<br \/>Si est\u00e1s interesado en comprar la Palfinger HT 26 \/ HT 26 A no lo dudes, ll\u00e1manos o escr\u00edbenos para poder disfrutar de una maquinaria l\u00edder en el mercado <\/p>","protected":false},"featured_media":1540,"comment_status":"open","ping_status":"closed","template":"","meta":[],"product_brand":[],"product_cat":[23,55],"product_tag":[],"class_list":{"0":"post-1539","1":"product","2":"type-product","3":"status-publish","4":"has-post-thumbnail","6":"product_cat-polibrazos-y-equipos-de-cadenas","7":"product_cat-32-toneladas-o-mas","9":"first","10":"instock","11":"shipping-taxable","12":"product-type-simple"},"_links":{"self":[{"href":"https:\/\/www.gruasybasculantesdac.com\/en\/wp-json\/wp\/v2\/product\/1539","targetHints":{"allow":["GET"]}}],"collection":[{"href":"https:\/\/www.gruasybasculantesdac.com\/en\/wp-json\/wp\/v2\/product"}],"about":[{"href":"https:\/\/www.gruasybasculantesdac.com\/en\/wp-json\/wp\/v2\/types\/product"}],"replies":[{"embeddable":true,"href":"https:\/\/www.gruasybasculantesdac.com\/en\/wp-json\/wp\/v2\/comments?post=1539"}],"wp:featuredmedia":[{"embeddable":true,"href":"https:\/\/www.gruasybasculantesdac.com\/en\/wp-json\/wp\/v2\/media\/1540"}],"wp:attachment":[{"href":"https:\/\/www.gruasybasculantesdac.com\/en\/wp-json\/wp\/v2\/media?parent=1539"}],"wp:term":[{"taxonomy":"product_brand","embeddable":true,"href":"https:\/\/www.gruasybasculantesdac.com\/en\/wp-json\/wp\/v2\/product_brand?post=1539"},{"taxonomy":"product_cat","embeddable":true,"href":"https:\/\/www.gruasybasculantesdac.com\/en\/wp-json\/wp\/v2\/product_cat?post=1539"},{"taxonomy":"product_tag","embeddable":true,"href":"https:\/\/www.gruasybasculantesdac.com\/en\/wp-json\/wp\/v2\/product_tag?post=1539"}],"curies":[{"name":"wp","href":"https:\/\/api.w.org\/{rel}","templated":true}]}}