{"id":1519,"date":"2024-03-28T18:09:50","date_gmt":"2024-03-28T17:09:50","guid":{"rendered":"https:\/\/www.gruasybasculantesdac.com\/?post_type=product&#038;p=1519"},"modified":"2024-03-28T18:11:25","modified_gmt":"2024-03-28T17:11:25","slug":"ph-t-22-ph-t-22-a","status":"publish","type":"product","link":"https:\/\/www.gruasybasculantesdac.com\/en\/ph-t-22-ph-t-22-a\/","title":{"rendered":"PH T 22 \/ PH T 22 A"},"content":{"rendered":"<h2 data-sourcepos=\"1:1-1:70\">Versatilidad y rendimiento sin igual<\/h2>\n<p data-sourcepos=\"3:1-3:466\"><strong>Las gr\u00faas articuladas Palfinger PH T 22 y PH T 22 A<\/strong> representan un nuevo nivel de potencia, precisi\u00f3n y versatilidad en el mercado. Dise\u00f1adas para afrontar las tareas m\u00e1s desafiantes en la agricultura, la construcci\u00f3n, el reciclaje y otros sectores, estas gr\u00faas se distinguen por su mec\u00e1nica optimizada, su altura de transporte reducida, su peso propio ligero y una amplia gama de m\u00f3dulos de control que las adaptan a las necesidades espec\u00edficas de cada cliente.<\/p>\n<p data-sourcepos=\"5:1-5:32\"><strong>Caracter\u00edsticas principales:<\/strong><\/p>\n<ul data-sourcepos=\"7:1-19:0\">\n<li data-sourcepos=\"7:1-10:74\"><strong>Potencia y rendimiento:<\/strong>\n<ul data-sourcepos=\"8:5-10:74\">\n<li data-sourcepos=\"8:5-8:70\"><strong>Mec\u00e1nica optimizada:<\/strong>\u00a0Mayor capacidad de elevaci\u00f3n y alcance.<\/li>\n<li data-sourcepos=\"9:5-9:68\"><strong>Movimientos r\u00e1pidos y precisos:<\/strong>\u00a0Aumentan la productividad.<\/li>\n<li data-sourcepos=\"10:5-10:74\"><strong>Fiabilidad en la operaci\u00f3n:<\/strong>\u00a0Minimiza los tiempos de inactividad.<\/li>\n<\/ul>\n<\/li>\n<li data-sourcepos=\"11:1-14:73\"><strong>Versatilidad:<\/strong>\n<ul data-sourcepos=\"12:5-14:73\">\n<li data-sourcepos=\"12:5-12:85\"><strong>Altura de transporte reducida:<\/strong>\u00a0Facilita el transporte y la maniobrabilidad.<\/li>\n<li data-sourcepos=\"13:5-13:86\"><strong>Amplia gama de m\u00f3dulos de control:<\/strong>\u00a0Adapta la gr\u00faa a diferentes aplicaciones.<\/li>\n<li data-sourcepos=\"14:5-14:73\"><strong>Peso propio ligero:<\/strong>\u00a0Mayor eficiencia y econom\u00eda de combustible.<\/li>\n<\/ul>\n<\/li>\n<li data-sourcepos=\"15:1-19:0\"><strong>Facilidad de uso:<\/strong>\n<ul data-sourcepos=\"16:5-19:0\">\n<li data-sourcepos=\"16:5-16:82\"><strong>Interfaz intuitiva y ergon\u00f3mica:<\/strong>\u00a0Facilita el aprendizaje y la operaci\u00f3n.<\/li>\n<li data-sourcepos=\"17:5-17:82\"><strong>Excelente visibilidad desde la cabina:<\/strong>\u00a0Mejora la seguridad y el control.<\/li>\n<li data-sourcepos=\"18:5-19:0\"><strong>Mantenimiento sencillo:<\/strong>\u00a0Reduce los costes operativos.<\/li>\n<\/ul>\n<\/li>\n<\/ul>\n<p data-sourcepos=\"20:1-20:15\"><strong>Beneficios:<\/strong><\/p>\n<ul data-sourcepos=\"22:1-26:0\">\n<li data-sourcepos=\"22:1-22:125\"><strong>Mayor productividad:<\/strong>\u00a0Las gr\u00faas PH T 22 y PH T 22 A permiten realizar el trabajo en menos tiempo y con mayor eficiencia.<\/li>\n<li data-sourcepos=\"23:1-23:152\"><strong>Mayor rentabilidad:<\/strong>\u00a0El bajo peso propio, la eficiencia en el consumo de combustible y la facilidad de mantenimiento reducen los costes operativos.<\/li>\n<li data-sourcepos=\"24:1-24:137\"><strong>Mayor seguridad:<\/strong>\u00a0La estabilidad, la visibilidad y los sistemas de seguridad integrados minimizan los riesgos en el \u00e1rea de trabajo.<\/li>\n<li data-sourcepos=\"25:1-26:0\"><strong>Mayor flexibilidad:<\/strong>\u00a0La amplia gama de configuraciones y opciones disponibles permite adaptar la gr\u00faa a las necesidades espec\u00edficas de cada cliente.<\/li>\n<\/ul>\n<p data-sourcepos=\"27:1-27:56\"><strong>Palfinger PH T 22 \/ PH T 22 A: Perfecci\u00f3n en acci\u00f3n.<\/strong><\/p>","protected":false},"excerpt":{"rendered":"<h2 class=\"titulointerior\">Comprar Palfinger PH T 22 \/ PH T 22 A<\/h2>\n<div class=\"elementor-element elementor-element-d18684c jedv-enabled--yes elementor-widget-divider--view-line elementor-widget elementor-widget-divider\" data-id=\"d18684c\" data-element_type=\"widget\" data-widget_type=\"divider.default\">\n<div class=\"elementor-widget-container\">\n<div class=\"elementor-divider\"><span class=\"elementor-divider-separator\">\u00a0<\/span><\/div>\n<\/div>\n<\/div>\n<p>\u00bfEst\u00e1s interesado en comprar la Palfinger PH T 22 \/ PH T 22 A y optimizar tu proceso de trabajo y alcanzar nuevos niveles de productividad?<br \/>\nGr\u00faas y basculantes DAC vende maquinaria de Palfinger, en concreto la Palfinger PH T 22 \/ PH T 22 A. Esta innovadora herramienta redefine los est\u00e1ndares de eficiencia y rendimiento.<br \/>\nEsta m\u00e1quina cuenta con caracter\u00edsticas de vanguardia dise\u00f1adas para ofrecer resultados excepcionales. Desde su tecnolog\u00eda de \u00faltima generaci\u00f3n hasta su dise\u00f1o ergon\u00f3mico, cada detalle ha sido cuidadosamente considerado para satisfacer las demandas de los profesionales m\u00e1s exigentes.<br \/>\nSi est\u00e1s interesado en comprar la Palfinger PH T 22 \/ PH T 22 A no lo dudes, ll\u00e1manos o escr\u00edbenos para poder disfrutar de una maquinaria l\u00edder en el mercado<\/p>","protected":false},"featured_media":1520,"comment_status":"open","ping_status":"closed","template":"","meta":[],"product_brand":[],"product_cat":[23,54],"product_tag":[],"class_list":{"0":"post-1519","1":"product","2":"type-product","3":"status-publish","4":"has-post-thumbnail","6":"product_cat-polibrazos-y-equipos-de-cadenas","7":"product_cat-26-toneladas","9":"first","10":"instock","11":"shipping-taxable","12":"product-type-simple"},"_links":{"self":[{"href":"https:\/\/www.gruasybasculantesdac.com\/en\/wp-json\/wp\/v2\/product\/1519","targetHints":{"allow":["GET"]}}],"collection":[{"href":"https:\/\/www.gruasybasculantesdac.com\/en\/wp-json\/wp\/v2\/product"}],"about":[{"href":"https:\/\/www.gruasybasculantesdac.com\/en\/wp-json\/wp\/v2\/types\/product"}],"replies":[{"embeddable":true,"href":"https:\/\/www.gruasybasculantesdac.com\/en\/wp-json\/wp\/v2\/comments?post=1519"}],"wp:featuredmedia":[{"embeddable":true,"href":"https:\/\/www.gruasybasculantesdac.com\/en\/wp-json\/wp\/v2\/media\/1520"}],"wp:attachment":[{"href":"https:\/\/www.gruasybasculantesdac.com\/en\/wp-json\/wp\/v2\/media?parent=1519"}],"wp:term":[{"taxonomy":"product_brand","embeddable":true,"href":"https:\/\/www.gruasybasculantesdac.com\/en\/wp-json\/wp\/v2\/product_brand?post=1519"},{"taxonomy":"product_cat","embeddable":true,"href":"https:\/\/www.gruasybasculantesdac.com\/en\/wp-json\/wp\/v2\/product_cat?post=1519"},{"taxonomy":"product_tag","embeddable":true,"href":"https:\/\/www.gruasybasculantesdac.com\/en\/wp-json\/wp\/v2\/product_tag?post=1519"}],"curies":[{"name":"wp","href":"https:\/\/api.w.org\/{rel}","templated":true}]}}