{"id":1484,"date":"2024-03-28T14:09:23","date_gmt":"2024-03-28T13:09:23","guid":{"rendered":"https:\/\/www.gruasybasculantesdac.com\/?post_type=product&#038;p=1484"},"modified":"2024-03-28T14:09:23","modified_gmt":"2024-03-28T13:09:23","slug":"synchron-s17","status":"publish","type":"product","link":"https:\/\/www.gruasybasculantesdac.com\/en\/synchron-s17\/","title":{"rendered":"Synchron S17"},"content":{"rendered":"<h2 data-sourcepos=\"1:1-1:69\">Precisi\u00f3n y eficiencia con un dise\u00f1o \u00fanico<\/h2>\n<p data-sourcepos=\"3:1-3:361\"><strong>La gr\u00faa articulada Palfinger Synchron S17<\/strong> se distingue por su cinem\u00e1tica particular que ofrece un manejo sencillo, un bajo \u00e1ngulo de carga y una accesibilidad excepcional para el mantenimiento. Su dise\u00f1o innovador la convierte en una herramienta vers\u00e1til y potente para afrontar las tareas m\u00e1s exigentes en la industria, la construcci\u00f3n y el sector p\u00fablico.<\/p>\n<p data-sourcepos=\"5:1-5:32\">\n<p data-sourcepos=\"5:1-5:32\"><strong>Caracter\u00edsticas principales:<\/strong><\/p>\n<ul data-sourcepos=\"7:1-18:0\">\n<li data-sourcepos=\"7:1-10:80\"><strong>F\u00e1cil manejo:<\/strong>\n<ul data-sourcepos=\"8:5-10:80\">\n<li data-sourcepos=\"8:5-8:85\"><strong>Cinem\u00e1tica optimizada:<\/strong>\u00a0Permite un control preciso y movimientos intuitivos.<\/li>\n<li data-sourcepos=\"9:5-9:86\"><strong>Dise\u00f1o ergon\u00f3mico:<\/strong>\u00a0Reduce la fatiga del operador y aumenta la productividad.<\/li>\n<li data-sourcepos=\"10:5-10:80\"><strong>Interfaz intuitiva:<\/strong>\u00a0Facilita el aprendizaje y la operaci\u00f3n de la gr\u00faa.<\/li>\n<\/ul>\n<\/li>\n<li data-sourcepos=\"11:1-14:105\"><strong>Eficiencia y rendimiento:<\/strong>\n<ul data-sourcepos=\"12:5-14:105\">\n<li data-sourcepos=\"12:5-12:74\"><strong>Bajo \u00e1ngulo de carga:<\/strong>\u00a0Facilita el trabajo en espacios reducidos.<\/li>\n<li data-sourcepos=\"13:5-13:131\"><strong>Capacidad para manejar contenedores de diferentes longitudes:<\/strong>\u00a0Se adapta a las necesidades espec\u00edficas de cada aplicaci\u00f3n.<\/li>\n<li data-sourcepos=\"14:5-14:105\"><strong>Mantenimiento sencillo:<\/strong>\u00a0Minimiza los costes operativos y maximiza la disponibilidad del equipo.<\/li>\n<\/ul>\n<\/li>\n<li data-sourcepos=\"15:1-18:0\"><strong>Dise\u00f1o \u00fanico:<\/strong>\n<ul data-sourcepos=\"16:5-18:0\">\n<li data-sourcepos=\"16:5-16:105\"><strong>Accesibilidad total a todos los componentes:<\/strong>\u00a0Facilita las tareas de mantenimiento y reparaci\u00f3n.<\/li>\n<li data-sourcepos=\"17:5-18:0\"><strong>Soluci\u00f3n innovadora en el mercado:<\/strong>\u00a0Ofrece ventajas exclusivas para el usuario.<\/li>\n<\/ul>\n<\/li>\n<\/ul>\n<p data-sourcepos=\"19:1-19:15\">\n<p data-sourcepos=\"19:1-19:15\"><strong>Beneficios:<\/strong><\/p>\n<ul data-sourcepos=\"21:1-25:0\">\n<li data-sourcepos=\"21:1-21:100\"><strong>Mayor productividad:<\/strong>\u00a0La S17 permite realizar el trabajo en menos tiempo y con mayor precisi\u00f3n.<\/li>\n<li data-sourcepos=\"22:1-22:123\"><strong>Menores costes operativos:<\/strong>\u00a0El dise\u00f1o de la gr\u00faa reduce los costes de mantenimiento y aumenta la vida \u00fatil del equipo.<\/li>\n<li data-sourcepos=\"23:1-23:116\"><strong>Mayor seguridad:<\/strong>\u00a0El bajo \u00e1ngulo de carga y la facilidad de manejo minimizan los riesgos en el \u00e1rea de trabajo.<\/li>\n<li data-sourcepos=\"24:1-25:0\"><strong>Mayor flexibilidad:<\/strong>\u00a0La capacidad para manejar contenedores de diferentes longitudes la convierte en una herramienta adaptable a diferentes necesidades.<\/li>\n<\/ul>\n<p data-sourcepos=\"26:1-26:49\">\n<p data-sourcepos=\"26:1-26:49\"><strong>Palfinger Synchron S17: Perfecci\u00f3n en acci\u00f3n.<\/strong><\/p>","protected":false},"excerpt":{"rendered":"<h2 class=\"titulointerior\">Comprar Palfinger Synchron S17<\/h2>\n<div class=\"elementor-element elementor-element-d18684c jedv-enabled--yes elementor-widget-divider--view-line elementor-widget elementor-widget-divider\" data-id=\"d18684c\" data-element_type=\"widget\" data-widget_type=\"divider.default\">\n<div class=\"elementor-widget-container\">\n<div class=\"elementor-divider\">\n\t\t\t<span class=\"elementor-divider-separator\"><br \/>\n\t\t\t\t\t\t<\/span>\n\t\t<\/div>\n<\/p><\/div>\n<\/p><\/div>\n<p>\t\t\t\u00bfEst\u00e1s interesado en comprar la Palfinger Synchron S17 y optimizar tu proceso de trabajo y alcanzar nuevos niveles de productividad?<br \/>\n\t\t\tGr\u00faas y basculantes DAC vende maquinaria de Palfinger, en concreto la Palfinger Synchron S17. Esta innovadora herramienta redefine los est\u00e1ndares de eficiencia y rendimiento.  <br \/>Esta m\u00e1quina cuenta con caracter\u00edsticas de vanguardia dise\u00f1adas para ofrecer resultados excepcionales. Desde su tecnolog\u00eda de \u00faltima generaci\u00f3n hasta su dise\u00f1o ergon\u00f3mico, cada detalle ha sido cuidadosamente considerado para satisfacer las demandas de los profesionales m\u00e1s exigentes.<br \/>Si est\u00e1s interesado en comprar la Palfinger Synchron S17 no lo dudes, ll\u00e1manos o escr\u00edbenos para poder disfrutar de una maquinaria l\u00edder en el mercado <\/p>","protected":false},"featured_media":1485,"comment_status":"open","ping_status":"closed","template":"","meta":[],"product_brand":[],"product_cat":[23,53],"product_tag":[],"class_list":{"0":"post-1484","1":"product","2":"type-product","3":"status-publish","4":"has-post-thumbnail","6":"product_cat-polibrazos-y-equipos-de-cadenas","7":"product_cat-19-toneladas","9":"first","10":"instock","11":"shipping-taxable","12":"product-type-simple"},"_links":{"self":[{"href":"https:\/\/www.gruasybasculantesdac.com\/en\/wp-json\/wp\/v2\/product\/1484","targetHints":{"allow":["GET"]}}],"collection":[{"href":"https:\/\/www.gruasybasculantesdac.com\/en\/wp-json\/wp\/v2\/product"}],"about":[{"href":"https:\/\/www.gruasybasculantesdac.com\/en\/wp-json\/wp\/v2\/types\/product"}],"replies":[{"embeddable":true,"href":"https:\/\/www.gruasybasculantesdac.com\/en\/wp-json\/wp\/v2\/comments?post=1484"}],"wp:featuredmedia":[{"embeddable":true,"href":"https:\/\/www.gruasybasculantesdac.com\/en\/wp-json\/wp\/v2\/media\/1485"}],"wp:attachment":[{"href":"https:\/\/www.gruasybasculantesdac.com\/en\/wp-json\/wp\/v2\/media?parent=1484"}],"wp:term":[{"taxonomy":"product_brand","embeddable":true,"href":"https:\/\/www.gruasybasculantesdac.com\/en\/wp-json\/wp\/v2\/product_brand?post=1484"},{"taxonomy":"product_cat","embeddable":true,"href":"https:\/\/www.gruasybasculantesdac.com\/en\/wp-json\/wp\/v2\/product_cat?post=1484"},{"taxonomy":"product_tag","embeddable":true,"href":"https:\/\/www.gruasybasculantesdac.com\/en\/wp-json\/wp\/v2\/product_tag?post=1484"}],"curies":[{"name":"wp","href":"https:\/\/api.w.org\/{rel}","templated":true}]}}