{"id":1477,"date":"2024-03-28T14:01:02","date_gmt":"2024-03-28T13:01:02","guid":{"rendered":"https:\/\/www.gruasybasculantesdac.com\/?post_type=product&#038;p=1477"},"modified":"2024-03-28T14:01:03","modified_gmt":"2024-03-28T13:01:03","slug":"power-p17","status":"publish","type":"product","link":"https:\/\/www.gruasybasculantesdac.com\/en\/power-p17\/","title":{"rendered":"Power P17"},"content":{"rendered":"<h2 data-sourcepos=\"1:1-1:56\">Potencia y precisi\u00f3n sin l\u00edmites<\/h2>\n<p data-sourcepos=\"3:1-3:286\"><strong>La gr\u00faa articulada Palfinger Power P17<\/strong> representa un salto adelante en potencia, precisi\u00f3n y rendimiento. Con un dise\u00f1o innovador y tecnolog\u00eda de \u00faltima generaci\u00f3n, la P17 est\u00e1 construida para afrontar las tareas m\u00e1s desafiantes en la industria, la construcci\u00f3n y el sector p\u00fablico.<\/p>\n<p data-sourcepos=\"5:1-5:32\">\n<p data-sourcepos=\"5:1-5:32\"><strong>Caracter\u00edsticas principales:<\/strong><\/p>\n<ul data-sourcepos=\"7:1-17:0\">\n<li data-sourcepos=\"7:1-10:101\"><strong>Potencia y rendimiento:<\/strong>\n<ul data-sourcepos=\"8:5-10:101\">\n<li data-sourcepos=\"8:5-8:117\"><strong>Tri\u00e1ngulo de fuerzas perfecto en la posici\u00f3n de carga:<\/strong>\u00a0Maximiza la capacidad de elevaci\u00f3n y la estabilidad.<\/li>\n<li data-sourcepos=\"9:5-9:97\"><strong>Potencia sin igual:<\/strong>\u00a0Permite superar con facilidad los l\u00edmites de trabajo tradicionales.<\/li>\n<li data-sourcepos=\"10:5-10:101\"><strong>Dise\u00f1o de alta resistencia:<\/strong>\u00a0Construida para resistir el uso intensivo y durar en el tiempo.<\/li>\n<\/ul>\n<\/li>\n<li data-sourcepos=\"11:1-13:89\"><strong>Precisi\u00f3n y control:<\/strong>\n<ul data-sourcepos=\"12:5-13:89\">\n<li data-sourcepos=\"12:5-12:96\"><strong>Movimientos precisos y controlados:<\/strong>\u00a0Permiten un manejo seguro y eficiente de la carga.<\/li>\n<li data-sourcepos=\"13:5-13:89\"><strong>Capacidad de carga desde fosos:<\/strong>\u00a0Facilita el trabajo en zonas de dif\u00edcil acceso.<\/li>\n<\/ul>\n<\/li>\n<li data-sourcepos=\"14:1-17:0\"><strong>Fiabilidad y bajo mantenimiento:<\/strong>\n<ul data-sourcepos=\"15:5-17:0\">\n<li data-sourcepos=\"15:5-15:100\"><strong>Menos mantenimiento:<\/strong>\u00a0Reduce los costes operativos y maximiza la disponibilidad del equipo.<\/li>\n<li data-sourcepos=\"16:5-17:0\"><strong>Menor desgaste:<\/strong>\u00a0Aumenta la vida \u00fatil de la gr\u00faa.<\/li>\n<\/ul>\n<\/li>\n<\/ul>\n<p data-sourcepos=\"18:1-18:15\">\n<p data-sourcepos=\"18:1-18:15\"><strong>Beneficios:<\/strong><\/p>\n<ul data-sourcepos=\"20:1-23:0\">\n<li data-sourcepos=\"20:1-20:101\"><strong>Mayor productividad:<\/strong>\u00a0La P17 permite realizar el trabajo en menos tiempo y con mayor eficiencia.<\/li>\n<li data-sourcepos=\"21:1-21:185\"><strong>Mayor seguridad:<\/strong>\u00a0El dise\u00f1o robusto, el sistema de control preciso y la capacidad de carga desde fosos garantizan la seguridad del operador y de las personas en el \u00e1rea de trabajo.<\/li>\n<li data-sourcepos=\"22:1-23:0\"><strong>Mayor rentabilidad:<\/strong>\u00a0La baja necesidad de mantenimiento, la larga vida \u00fatil de la gr\u00faa y la mayor eficiencia en el trabajo reducen los costes operativos.<\/li>\n<\/ul>\n<p data-sourcepos=\"24:1-24:46\">\n<p data-sourcepos=\"24:1-24:46\"><strong>Palfinger Power P17: Perfecci\u00f3n en acci\u00f3n.<\/strong><\/p>","protected":false},"excerpt":{"rendered":"<h2 class=\"titulointerior\">Comprar Palfinger Power P17<\/h2>\n<div class=\"elementor-element elementor-element-d18684c jedv-enabled--yes elementor-widget-divider--view-line elementor-widget elementor-widget-divider\" data-id=\"d18684c\" data-element_type=\"widget\" data-widget_type=\"divider.default\">\n<div class=\"elementor-widget-container\">\n<div class=\"elementor-divider\">\n\t\t\t<span class=\"elementor-divider-separator\"><br \/>\n\t\t\t\t\t\t<\/span>\n\t\t<\/div>\n<\/p><\/div>\n<\/p><\/div>\n<p>\t\t\t\u00bfEst\u00e1s interesado en comprar la Palfinger Power P17 y optimizar tu proceso de trabajo y alcanzar nuevos niveles de productividad?<br \/>\n\t\t\tGr\u00faas y basculantes DAC vende maquinaria de Palfinger, en concreto la Palfinger Power P17. Esta innovadora herramienta redefine los est\u00e1ndares de eficiencia y rendimiento.  <br \/>Esta m\u00e1quina cuenta con caracter\u00edsticas de vanguardia dise\u00f1adas para ofrecer resultados excepcionales. Desde su tecnolog\u00eda de \u00faltima generaci\u00f3n hasta su dise\u00f1o ergon\u00f3mico, cada detalle ha sido cuidadosamente considerado para satisfacer las demandas de los profesionales m\u00e1s exigentes.<br \/>Si est\u00e1s interesado en comprar la Palfinger Power P17 no lo dudes, ll\u00e1manos o escr\u00edbenos para poder disfrutar de una maquinaria l\u00edder en el mercado <\/p>","protected":false},"featured_media":1478,"comment_status":"open","ping_status":"closed","template":"","meta":[],"product_brand":[],"product_cat":[23,53],"product_tag":[],"class_list":{"0":"post-1477","1":"product","2":"type-product","3":"status-publish","4":"has-post-thumbnail","6":"product_cat-polibrazos-y-equipos-de-cadenas","7":"product_cat-19-toneladas","9":"first","10":"instock","11":"shipping-taxable","12":"product-type-simple"},"_links":{"self":[{"href":"https:\/\/www.gruasybasculantesdac.com\/en\/wp-json\/wp\/v2\/product\/1477","targetHints":{"allow":["GET"]}}],"collection":[{"href":"https:\/\/www.gruasybasculantesdac.com\/en\/wp-json\/wp\/v2\/product"}],"about":[{"href":"https:\/\/www.gruasybasculantesdac.com\/en\/wp-json\/wp\/v2\/types\/product"}],"replies":[{"embeddable":true,"href":"https:\/\/www.gruasybasculantesdac.com\/en\/wp-json\/wp\/v2\/comments?post=1477"}],"wp:featuredmedia":[{"embeddable":true,"href":"https:\/\/www.gruasybasculantesdac.com\/en\/wp-json\/wp\/v2\/media\/1478"}],"wp:attachment":[{"href":"https:\/\/www.gruasybasculantesdac.com\/en\/wp-json\/wp\/v2\/media?parent=1477"}],"wp:term":[{"taxonomy":"product_brand","embeddable":true,"href":"https:\/\/www.gruasybasculantesdac.com\/en\/wp-json\/wp\/v2\/product_brand?post=1477"},{"taxonomy":"product_cat","embeddable":true,"href":"https:\/\/www.gruasybasculantesdac.com\/en\/wp-json\/wp\/v2\/product_cat?post=1477"},{"taxonomy":"product_tag","embeddable":true,"href":"https:\/\/www.gruasybasculantesdac.com\/en\/wp-json\/wp\/v2\/product_tag?post=1477"}],"curies":[{"name":"wp","href":"https:\/\/api.w.org\/{rel}","templated":true}]}}