{"id":1453,"date":"2024-03-28T12:38:49","date_gmt":"2024-03-28T11:38:49","guid":{"rendered":"https:\/\/www.gruasybasculantesdac.com\/?post_type=product&#038;p=1453"},"modified":"2024-03-28T12:38:50","modified_gmt":"2024-03-28T11:38:50","slug":"telescopic-t13","status":"publish","type":"product","link":"https:\/\/www.gruasybasculantesdac.com\/en\/telescopic-t13\/","title":{"rendered":"Telescopic T13"},"content":{"rendered":"<h2 data-sourcepos=\"1:1-1:82\">Versatilidad y potencia para las tareas m\u00e1s exigentes<\/h2>\n<p data-sourcepos=\"3:1-3:412\"><strong>La gr\u00faa articulada telesc\u00f3pica Palfinger Telescopic T13<\/strong> es una herramienta vers\u00e1til y potente dise\u00f1ada para afrontar con facilidad las tareas m\u00e1s exigentes en la industria, la construcci\u00f3n y el sector p\u00fablico. Su manejo sencillo, su capacidad para trabajar con contenedores de diferentes longitudes y su mayor capacidad de basculaci\u00f3n la convierten en una soluci\u00f3n ideal para una amplia gama de aplicaciones.<\/p>\n<p data-sourcepos=\"5:1-5:32\">\n<p data-sourcepos=\"5:1-5:32\"><strong>Caracter\u00edsticas principales:<\/strong><\/p>\n<ul data-sourcepos=\"7:1-18:0\">\n<li data-sourcepos=\"7:1-10:84\"><strong>Versatilidad:<\/strong>\n<ul data-sourcepos=\"8:5-10:84\">\n<li data-sourcepos=\"8:5-8:80\"><strong>F\u00e1cil de manejar:<\/strong>\u00a0Permite un control preciso y movimientos intuitivos.<\/li>\n<li data-sourcepos=\"9:5-9:128\"><strong>Capacidad para usar contenedores de diferentes longitudes:<\/strong>\u00a0Se adapta a las necesidades espec\u00edficas de cada aplicaci\u00f3n.<\/li>\n<li data-sourcepos=\"10:5-10:84\"><strong>Adecuada para la carga de semirremolques:<\/strong>\u00a0Ampl\u00eda su rango de aplicaciones.<\/li>\n<\/ul>\n<\/li>\n<li data-sourcepos=\"11:1-14:90\"><strong>Potencia y rendimiento:<\/strong>\n<ul data-sourcepos=\"12:5-14:90\">\n<li data-sourcepos=\"12:5-12:107\"><strong>Dos cilindros en el basculante:<\/strong>\u00a0Incrementan la capacidad de basculaci\u00f3n y la fuerza de elevaci\u00f3n.<\/li>\n<li data-sourcepos=\"13:5-13:89\"><strong>Dise\u00f1o robusto:<\/strong>\u00a0Construida para resistir el uso intensivo y durar en el tiempo.<\/li>\n<li data-sourcepos=\"14:5-14:90\"><strong>Mayor alcance y capacidad de elevaci\u00f3n:<\/strong>\u00a0Permite realizar trabajos m\u00e1s complejos.<\/li>\n<\/ul>\n<\/li>\n<li data-sourcepos=\"15:1-18:0\"><strong>Fiabilidad y bajo mantenimiento:<\/strong>\n<ul data-sourcepos=\"16:5-18:0\">\n<li data-sourcepos=\"16:5-16:122\"><strong>Reducci\u00f3n de las fuerzas horizontales:<\/strong>\u00a0Minimiza el desgaste de los casquillos y aumenta la vida \u00fatil de la gr\u00faa.<\/li>\n<li data-sourcepos=\"17:5-18:0\"><strong>Mantenimiento sencillo:<\/strong>\u00a0Reduce los costes operativos y maximiza la disponibilidad del equipo.<\/li>\n<\/ul>\n<\/li>\n<\/ul>\n<p data-sourcepos=\"19:1-19:15\">\n<p data-sourcepos=\"19:1-19:15\"><strong>Beneficios:<\/strong><\/p>\n<ul data-sourcepos=\"21:1-25:0\">\n<li data-sourcepos=\"21:1-21:101\"><strong>Mayor productividad:<\/strong>\u00a0La T13 permite realizar el trabajo en menos tiempo y con mayor eficiencia.<\/li>\n<li data-sourcepos=\"22:1-22:120\"><strong>Mayor flexibilidad:<\/strong>\u00a0La versatilidad de la gr\u00faa la convierte en una herramienta adaptable a diferentes necesidades.<\/li>\n<li data-sourcepos=\"23:1-23:110\"><strong>Mayor seguridad:<\/strong>\u00a0El dise\u00f1o robusto y la facilidad de manejo minimizan los riesgos en el \u00e1rea de trabajo.<\/li>\n<li data-sourcepos=\"24:1-25:0\"><strong>Mayor rentabilidad:<\/strong>\u00a0La baja necesidad de mantenimiento, la larga vida \u00fatil de la gr\u00faa y la mayor eficiencia en el trabajo reducen los costes operativos.<\/li>\n<\/ul>\n<p data-sourcepos=\"26:1-26:51\">\n<p data-sourcepos=\"26:1-26:51\"><strong>Palfinger Telescopic T13: Perfecci\u00f3n en acci\u00f3n.<\/strong><\/p>","protected":false},"excerpt":{"rendered":"<h2 class=\"titulointerior\">Comprar Palfinger Telescopic T13<\/h2>\n<div class=\"elementor-element elementor-element-d18684c jedv-enabled--yes elementor-widget-divider--view-line elementor-widget elementor-widget-divider\" data-id=\"d18684c\" data-element_type=\"widget\" data-widget_type=\"divider.default\">\n<div class=\"elementor-widget-container\">\n<div class=\"elementor-divider\">\n\t\t\t<span class=\"elementor-divider-separator\"><br \/>\n\t\t\t\t\t\t<\/span>\n\t\t<\/div>\n<\/p><\/div>\n<\/p><\/div>\n<p>\t\t\t\u00bfEst\u00e1s interesado en comprar la Palfinger Telescopic T13 y optimizar tu proceso de trabajo y alcanzar nuevos niveles de productividad?<br \/>\n\t\t\tGr\u00faas y basculantes DAC vende maquinaria de Palfinger, en concreto la Palfinger Telescopic T13. Esta innovadora herramienta redefine los est\u00e1ndares de eficiencia y rendimiento.  <br \/>Esta m\u00e1quina cuenta con caracter\u00edsticas de vanguardia dise\u00f1adas para ofrecer resultados excepcionales. Desde su tecnolog\u00eda de \u00faltima generaci\u00f3n hasta su dise\u00f1o ergon\u00f3mico, cada detalle ha sido cuidadosamente considerado para satisfacer las demandas de los profesionales m\u00e1s exigentes.<br \/>Si est\u00e1s interesado en comprar la Palfinger Telescopic T13 no lo dudes, ll\u00e1manos o escr\u00edbenos para poder disfrutar de una maquinaria l\u00edder en el mercado <\/p>","protected":false},"featured_media":1454,"comment_status":"open","ping_status":"closed","template":"","meta":[],"product_brand":[],"product_cat":[23,53],"product_tag":[],"class_list":{"0":"post-1453","1":"product","2":"type-product","3":"status-publish","4":"has-post-thumbnail","6":"product_cat-polibrazos-y-equipos-de-cadenas","7":"product_cat-19-toneladas","9":"first","10":"instock","11":"shipping-taxable","12":"product-type-simple"},"_links":{"self":[{"href":"https:\/\/www.gruasybasculantesdac.com\/en\/wp-json\/wp\/v2\/product\/1453","targetHints":{"allow":["GET"]}}],"collection":[{"href":"https:\/\/www.gruasybasculantesdac.com\/en\/wp-json\/wp\/v2\/product"}],"about":[{"href":"https:\/\/www.gruasybasculantesdac.com\/en\/wp-json\/wp\/v2\/types\/product"}],"replies":[{"embeddable":true,"href":"https:\/\/www.gruasybasculantesdac.com\/en\/wp-json\/wp\/v2\/comments?post=1453"}],"wp:featuredmedia":[{"embeddable":true,"href":"https:\/\/www.gruasybasculantesdac.com\/en\/wp-json\/wp\/v2\/media\/1454"}],"wp:attachment":[{"href":"https:\/\/www.gruasybasculantesdac.com\/en\/wp-json\/wp\/v2\/media?parent=1453"}],"wp:term":[{"taxonomy":"product_brand","embeddable":true,"href":"https:\/\/www.gruasybasculantesdac.com\/en\/wp-json\/wp\/v2\/product_brand?post=1453"},{"taxonomy":"product_cat","embeddable":true,"href":"https:\/\/www.gruasybasculantesdac.com\/en\/wp-json\/wp\/v2\/product_cat?post=1453"},{"taxonomy":"product_tag","embeddable":true,"href":"https:\/\/www.gruasybasculantesdac.com\/en\/wp-json\/wp\/v2\/product_tag?post=1453"}],"curies":[{"name":"wp","href":"https:\/\/api.w.org\/{rel}","templated":true}]}}