{"id":1431,"date":"2024-03-27T19:44:24","date_gmt":"2024-03-27T18:44:24","guid":{"rendered":"https:\/\/www.gruasybasculantesdac.com\/?post_type=product&#038;p=1431"},"modified":"2024-03-27T19:44:25","modified_gmt":"2024-03-27T18:44:25","slug":"telescopic-t10-duo","status":"publish","type":"product","link":"https:\/\/www.gruasybasculantesdac.com\/en\/telescopic-t10-duo\/","title":{"rendered":"Telescopic T10 Duo"},"content":{"rendered":"<h2 data-sourcepos=\"1:1-1:73\">Doble potencia para una mayor eficiencia<\/h2>\n<p data-sourcepos=\"3:1-3:297\"><strong>La gr\u00faa articulada telesc\u00f3pica Palfinger Telescopic T10 Duo<\/strong> representa un nuevo nivel de rendimiento y versatilidad en la elevaci\u00f3n. Con su innovador sistema de doble brazo, la T10 Duo ofrece una mayor capacidad de carga, un alcance m\u00e1s amplio y una mayor precisi\u00f3n en el manejo de materiales.<\/p>\n<p data-sourcepos=\"5:1-5:32\">\n<p data-sourcepos=\"5:1-5:32\"><strong>Caracter\u00edsticas principales:<\/strong><\/p>\n<ul data-sourcepos=\"7:1-19:0\">\n<li data-sourcepos=\"7:1-10:95\"><strong>Potencia y rendimiento:<\/strong>\n<ul data-sourcepos=\"8:5-10:95\">\n<li data-sourcepos=\"8:5-8:107\"><strong>Sistema de doble brazo:<\/strong>\u00a0Duplica la fuerza de elevaci\u00f3n y permite trabajar con cargas m\u00e1s pesadas.<\/li>\n<li data-sourcepos=\"9:5-9:87\"><strong>Mayor alcance:<\/strong>\u00a0Permite acceder a zonas de dif\u00edcil acceso con mayor facilidad.<\/li>\n<li data-sourcepos=\"10:5-10:95\"><strong>Elevada capacidad de elevaci\u00f3n:<\/strong>\u00a0Permite levantar cargas pesadas con mayor eficiencia.<\/li>\n<\/ul>\n<\/li>\n<li data-sourcepos=\"11:1-14:100\"><strong>Precisi\u00f3n y control:<\/strong>\n<ul data-sourcepos=\"12:5-14:100\">\n<li data-sourcepos=\"12:5-12:83\"><strong>Controles intuitivos:<\/strong>\u00a0Facilitan el aprendizaje y la operaci\u00f3n de la gr\u00faa.<\/li>\n<li data-sourcepos=\"13:5-13:82\"><strong>Movimientos precisos:<\/strong>\u00a0Permiten un manejo seguro y eficiente de la carga.<\/li>\n<li data-sourcepos=\"14:5-14:100\"><strong>Sistema de seguridad integral:<\/strong>\u00a0Protege al operador y a las personas en el \u00e1rea de trabajo.<\/li>\n<\/ul>\n<\/li>\n<li data-sourcepos=\"15:1-19:0\"><strong>Versatilidad y adaptabilidad:<\/strong>\n<ul data-sourcepos=\"16:5-19:0\">\n<li data-sourcepos=\"16:5-16:128\"><strong>Capacidad para usar contenedores de diferentes longitudes:<\/strong>\u00a0Se adapta a las necesidades espec\u00edficas de cada aplicaci\u00f3n.<\/li>\n<li data-sourcepos=\"17:5-17:83\"><strong>Amplio rango de movimiento:<\/strong>\u00a0Permite realizar una gran variedad de tareas.<\/li>\n<li data-sourcepos=\"18:5-19:0\"><strong>Dise\u00f1o compacto:<\/strong>\u00a0Facilita la maniobrabilidad en espacios reducidos.<\/li>\n<\/ul>\n<\/li>\n<\/ul>\n<p data-sourcepos=\"20:1-20:15\">\n<p data-sourcepos=\"20:1-20:15\"><strong>Beneficios:<\/strong><\/p>\n<ul data-sourcepos=\"22:1-25:0\">\n<li data-sourcepos=\"22:1-22:127\"><strong>Mayor productividad:<\/strong>\u00a0La T10 Duo permite realizar el trabajo en menos tiempo, lo que se traduce en una mayor rentabilidad.<\/li>\n<li data-sourcepos=\"23:1-23:108\"><strong>Mayor eficiencia:<\/strong>\u00a0La capacidad de carga y el alcance de la gr\u00faa permiten optimizar el uso de recursos.<\/li>\n<li data-sourcepos=\"24:1-25:0\"><strong>Mayor seguridad:<\/strong>\u00a0El sistema de seguridad integral de la gr\u00faa protege al operador y a las personas en el \u00e1rea de trabajo.<\/li>\n<\/ul>\n<p data-sourcepos=\"26:1-26:55\">\n<p data-sourcepos=\"26:1-26:55\"><strong>Palfinger Telescopic T10 Duo: Perfecci\u00f3n en acci\u00f3n.<\/strong><\/p>","protected":false},"excerpt":{"rendered":"<h2 class=\"titulointerior\">Comprar Palfinger Telescopic T10 Duo<\/h2>\n<div class=\"elementor-element elementor-element-d18684c jedv-enabled--yes elementor-widget-divider--view-line elementor-widget elementor-widget-divider\" data-id=\"d18684c\" data-element_type=\"widget\" data-widget_type=\"divider.default\">\n<div class=\"elementor-widget-container\">\n<div class=\"elementor-divider\">\n\t\t\t<span class=\"elementor-divider-separator\"><br \/>\n\t\t\t\t\t\t<\/span>\n\t\t<\/div>\n<\/p><\/div>\n<\/p><\/div>\n<p>\t\t\t\u00bfEst\u00e1s interesado en comprar la Palfinger Telescopic T10 Duo y optimizar tu proceso de trabajo y alcanzar nuevos niveles de productividad?<br \/>\n\t\t\tGr\u00faas y basculantes DAC vende maquinaria de Palfinger, en concreto la Palfinger Telescopic T10 Duo. Esta innovadora herramienta redefine los est\u00e1ndares de eficiencia y rendimiento.  <br \/>Esta m\u00e1quina cuenta con caracter\u00edsticas de vanguardia dise\u00f1adas para ofrecer resultados excepcionales. Desde su tecnolog\u00eda de \u00faltima generaci\u00f3n hasta su dise\u00f1o ergon\u00f3mico, cada detalle ha sido cuidadosamente considerado para satisfacer las demandas de los profesionales m\u00e1s exigentes.<br \/>Si est\u00e1s interesado en comprar la Palfinger Telescopic T10 Duo no lo dudes, ll\u00e1manos o escr\u00edbenos para poder disfrutar de una maquinaria l\u00edder en el mercado <\/p>","protected":false},"featured_media":1432,"comment_status":"open","ping_status":"closed","template":"","meta":[],"product_brand":[],"product_cat":[23,52],"product_tag":[],"class_list":{"0":"post-1431","1":"product","2":"type-product","3":"status-publish","4":"has-post-thumbnail","6":"product_cat-polibrazos-y-equipos-de-cadenas","7":"product_cat-peso-medio","9":"first","10":"instock","11":"shipping-taxable","12":"product-type-simple"},"_links":{"self":[{"href":"https:\/\/www.gruasybasculantesdac.com\/en\/wp-json\/wp\/v2\/product\/1431","targetHints":{"allow":["GET"]}}],"collection":[{"href":"https:\/\/www.gruasybasculantesdac.com\/en\/wp-json\/wp\/v2\/product"}],"about":[{"href":"https:\/\/www.gruasybasculantesdac.com\/en\/wp-json\/wp\/v2\/types\/product"}],"replies":[{"embeddable":true,"href":"https:\/\/www.gruasybasculantesdac.com\/en\/wp-json\/wp\/v2\/comments?post=1431"}],"wp:featuredmedia":[{"embeddable":true,"href":"https:\/\/www.gruasybasculantesdac.com\/en\/wp-json\/wp\/v2\/media\/1432"}],"wp:attachment":[{"href":"https:\/\/www.gruasybasculantesdac.com\/en\/wp-json\/wp\/v2\/media?parent=1431"}],"wp:term":[{"taxonomy":"product_brand","embeddable":true,"href":"https:\/\/www.gruasybasculantesdac.com\/en\/wp-json\/wp\/v2\/product_brand?post=1431"},{"taxonomy":"product_cat","embeddable":true,"href":"https:\/\/www.gruasybasculantesdac.com\/en\/wp-json\/wp\/v2\/product_cat?post=1431"},{"taxonomy":"product_tag","embeddable":true,"href":"https:\/\/www.gruasybasculantesdac.com\/en\/wp-json\/wp\/v2\/product_tag?post=1431"}],"curies":[{"name":"wp","href":"https:\/\/api.w.org\/{rel}","templated":true}]}}