{"id":1424,"date":"2024-03-27T19:41:15","date_gmt":"2024-03-27T18:41:15","guid":{"rendered":"https:\/\/www.gruasybasculantesdac.com\/?post_type=product&#038;p=1424"},"modified":"2024-03-27T19:41:15","modified_gmt":"2024-03-27T18:41:15","slug":"telescopic-t10","status":"publish","type":"product","link":"https:\/\/www.gruasybasculantesdac.com\/en\/telescopic-t10\/","title":{"rendered":"Telescopic T10"},"content":{"rendered":"<h2 data-sourcepos=\"1:1-1:76\">Versatilidad y facilidad de uso en la elevaci\u00f3n<\/h2>\n<p data-sourcepos=\"3:1-3:314\"><strong>La gr\u00faa articulada telesc\u00f3pica Palfinger Telescopic T10<\/strong> se distingue por su manejo sencillo y su capacidad para trabajar con contenedores de diferentes longitudes. Esta versatilidad la convierte en una herramienta ideal para una amplia gama de aplicaciones en la industria, la construcci\u00f3n y el sector p\u00fablico.<\/p>\n<p data-sourcepos=\"5:1-5:32\">\n<p data-sourcepos=\"5:1-5:32\"><strong>Caracter\u00edsticas principales:<\/strong><\/p>\n<ul data-sourcepos=\"7:1-15:0\">\n<li data-sourcepos=\"7:1-10:105\"><strong>Facilidad de uso:<\/strong>\n<ul data-sourcepos=\"8:5-10:105\">\n<li data-sourcepos=\"8:5-8:83\"><strong>Controles intuitivos:<\/strong>\u00a0Facilitan el aprendizaje y la operaci\u00f3n de la gr\u00faa.<\/li>\n<li data-sourcepos=\"9:5-9:86\"><strong>Dise\u00f1o ergon\u00f3mico:<\/strong>\u00a0Reduce la fatiga del operador y aumenta la productividad.<\/li>\n<li data-sourcepos=\"10:5-10:105\"><strong>Mantenimiento sencillo:<\/strong>\u00a0Minimiza los costes operativos y maximiza la disponibilidad del equipo.<\/li>\n<\/ul>\n<\/li>\n<li data-sourcepos=\"11:1-15:0\"><strong>Versatilidad:<\/strong>\n<ul data-sourcepos=\"12:5-15:0\">\n<li data-sourcepos=\"12:5-12:128\"><strong>Capacidad para usar contenedores de diferentes longitudes:<\/strong>\u00a0Se adapta a las necesidades espec\u00edficas de cada aplicaci\u00f3n.<\/li>\n<li data-sourcepos=\"13:5-13:80\"><strong>Amplio rango de movimiento:<\/strong>\u00a0Permite acceder a zonas de dif\u00edcil acceso.<\/li>\n<li data-sourcepos=\"14:5-15:0\"><strong>Elevada capacidad de carga:<\/strong>\u00a0Permite levantar cargas pesadas con mayor eficiencia.<\/li>\n<\/ul>\n<\/li>\n<\/ul>\n<p data-sourcepos=\"16:1-16:15\"><strong>Beneficios:<\/strong><\/p>\n<ul data-sourcepos=\"18:1-21:0\">\n<li data-sourcepos=\"18:1-18:157\"><strong>Soluci\u00f3n universal:<\/strong>\u00a0La T10 se adapta a una gran variedad de tareas, desde la carga y descarga de materiales hasta el mantenimiento de infraestructuras.<\/li>\n<li data-sourcepos=\"19:1-19:150\"><strong>Eficiencia y productividad:<\/strong>\u00a0La facilidad de uso y la versatilidad de la gr\u00faa permiten optimizar el tiempo de trabajo y aumentar la rentabilidad.<\/li>\n<li data-sourcepos=\"20:1-21:0\"><strong>Fiabilidad y seguridad:<\/strong>\u00a0La T10 est\u00e1 construida con componentes de alta calidad y cuenta con un sistema de seguridad integral que protege al operador y a las personas en el \u00e1rea de trabajo.<\/li>\n<\/ul>\n<p data-sourcepos=\"22:1-22:51\">\n<p data-sourcepos=\"22:1-22:51\"><strong>Palfinger Telescopic T10: Perfecci\u00f3n en acci\u00f3n.<\/strong><\/p>","protected":false},"excerpt":{"rendered":"<h2 class=\"titulointerior\">Comprar Palfinger Telescopic T10<\/h2>\n<div class=\"elementor-element elementor-element-d18684c jedv-enabled--yes elementor-widget-divider--view-line elementor-widget elementor-widget-divider\" data-id=\"d18684c\" data-element_type=\"widget\" data-widget_type=\"divider.default\">\n<div class=\"elementor-widget-container\">\n<div class=\"elementor-divider\">\n\t\t\t<span class=\"elementor-divider-separator\"><br \/>\n\t\t\t\t\t\t<\/span>\n\t\t<\/div>\n<\/p><\/div>\n<\/p><\/div>\n<p>\t\t\t\u00bfEst\u00e1s interesado en comprar la Palfinger Telescopic T10 y optimizar tu proceso de trabajo y alcanzar nuevos niveles de productividad?<br \/>\n\t\t\tGr\u00faas y basculantes DAC vende maquinaria de Palfinger, en concreto la Palfinger Telescopic T10. Esta innovadora herramienta redefine los est\u00e1ndares de eficiencia y rendimiento.  <br \/>Esta m\u00e1quina cuenta con caracter\u00edsticas de vanguardia dise\u00f1adas para ofrecer resultados excepcionales. Desde su tecnolog\u00eda de \u00faltima generaci\u00f3n hasta su dise\u00f1o ergon\u00f3mico, cada detalle ha sido cuidadosamente considerado para satisfacer las demandas de los profesionales m\u00e1s exigentes.<br \/>Si est\u00e1s interesado en comprar la Palfinger Telescopic T10 no lo dudes, ll\u00e1manos o escr\u00edbenos para poder disfrutar de una maquinaria l\u00edder en el mercado <\/p>","protected":false},"featured_media":1425,"comment_status":"open","ping_status":"closed","template":"","meta":[],"product_brand":[],"product_cat":[23,52],"product_tag":[],"class_list":{"0":"post-1424","1":"product","2":"type-product","3":"status-publish","4":"has-post-thumbnail","6":"product_cat-polibrazos-y-equipos-de-cadenas","7":"product_cat-peso-medio","9":"first","10":"instock","11":"shipping-taxable","12":"product-type-simple"},"_links":{"self":[{"href":"https:\/\/www.gruasybasculantesdac.com\/en\/wp-json\/wp\/v2\/product\/1424","targetHints":{"allow":["GET"]}}],"collection":[{"href":"https:\/\/www.gruasybasculantesdac.com\/en\/wp-json\/wp\/v2\/product"}],"about":[{"href":"https:\/\/www.gruasybasculantesdac.com\/en\/wp-json\/wp\/v2\/types\/product"}],"replies":[{"embeddable":true,"href":"https:\/\/www.gruasybasculantesdac.com\/en\/wp-json\/wp\/v2\/comments?post=1424"}],"wp:featuredmedia":[{"embeddable":true,"href":"https:\/\/www.gruasybasculantesdac.com\/en\/wp-json\/wp\/v2\/media\/1425"}],"wp:attachment":[{"href":"https:\/\/www.gruasybasculantesdac.com\/en\/wp-json\/wp\/v2\/media?parent=1424"}],"wp:term":[{"taxonomy":"product_brand","embeddable":true,"href":"https:\/\/www.gruasybasculantesdac.com\/en\/wp-json\/wp\/v2\/product_brand?post=1424"},{"taxonomy":"product_cat","embeddable":true,"href":"https:\/\/www.gruasybasculantesdac.com\/en\/wp-json\/wp\/v2\/product_cat?post=1424"},{"taxonomy":"product_tag","embeddable":true,"href":"https:\/\/www.gruasybasculantesdac.com\/en\/wp-json\/wp\/v2\/product_tag?post=1424"}],"curies":[{"name":"wp","href":"https:\/\/api.w.org\/{rel}","templated":true}]}}