{"id":1412,"date":"2024-03-27T19:28:56","date_gmt":"2024-03-27T18:28:56","guid":{"rendered":"https:\/\/www.gruasybasculantesdac.com\/?post_type=product&#038;p=1412"},"modified":"2024-03-28T12:10:39","modified_gmt":"2024-03-28T11:10:39","slug":"ht-07-s","status":"publish","type":"product","link":"https:\/\/www.gruasybasculantesdac.com\/en\/ht-07-s\/","title":{"rendered":"HT 07 S"},"content":{"rendered":"<h2 data-sourcepos=\"1:1-1:62\">La nueva generaci\u00f3n de gr\u00faas articuladas<\/h2>\n<p data-sourcepos=\"3:1-3:371\"><strong>El Palfinger HT 07 S<\/strong> es la \u00faltima incorporaci\u00f3n a la familia de gr\u00faas articuladas telesc\u00f3picas de Palfinger. Dise\u00f1ado para ofrecer un rendimiento superior, facilidad de uso y una amplia gama de opciones, el HT 07 S es la soluci\u00f3n ideal para una gran variedad de aplicaciones en los sectores de la construcci\u00f3n, el medio ambiente, los servicios p\u00fablicos y la chatarra.<\/p>\n<p data-sourcepos=\"5:1-5:32\"><strong>Caracter\u00edsticas principales:<\/strong><\/p>\n<ul data-sourcepos=\"7:1-19:0\">\n<li data-sourcepos=\"7:1-10:108\"><strong>Mayor rendimiento y eficiencia:<\/strong>\n<ul data-sourcepos=\"8:5-10:108\">\n<li data-sourcepos=\"8:5-8:126\"><strong>Relaci\u00f3n capacidad de elevaci\u00f3n\/peso muerto optimizada:<\/strong>\u00a0Permite transportar cargas m\u00e1s pesadas con mayor eficiencia.<\/li>\n<li data-sourcepos=\"9:5-9:90\"><strong>Mayor alcance y altura de trabajo:<\/strong>\u00a0Facilita el acceso a zonas de dif\u00edcil acceso.<\/li>\n<li data-sourcepos=\"10:5-10:108\"><strong>Control de velocidad y funci\u00f3n de parada suave:<\/strong>\u00a0Garantizan un manejo preciso y seguro de la carga.<\/li>\n<\/ul>\n<\/li>\n<li data-sourcepos=\"11:1-14:108\"><strong>Facilidad de montaje y uso:<\/strong>\n<ul data-sourcepos=\"12:5-14:108\">\n<li data-sourcepos=\"12:5-12:122\"><strong>Adecuado para una gran variedad de camiones de 8 a 12 t GVW:<\/strong>\u00a0Se adapta a las necesidades de diferentes empresas.<\/li>\n<li data-sourcepos=\"13:5-13:99\"><strong>Bajo mantenimiento:<\/strong>\u00a0Reduce los costes operativos y maximiza la disponibilidad del equipo.<\/li>\n<li data-sourcepos=\"14:5-14:108\"><strong>Interfaz intuitiva para controlar el polibrazo:<\/strong>\u00a0Facilita el aprendizaje y la operaci\u00f3n de la gr\u00faa.<\/li>\n<\/ul>\n<\/li>\n<li data-sourcepos=\"15:1-19:0\"><strong>Versatilidad y opciones:<\/strong>\n<ul data-sourcepos=\"16:5-19:0\">\n<li data-sourcepos=\"16:5-16:106\"><strong>Amplia gama de opciones disponibles:<\/strong>\u00a0Permite personalizar la gr\u00faa para aplicaciones espec\u00edficas.<\/li>\n<li data-sourcepos=\"17:5-17:120\"><strong>Dise\u00f1ado para alturas de gancho de contenedores de 900 a 920 mm:<\/strong>\u00a0Se adapta a diferentes tipos de contenedores.<\/li>\n<li data-sourcepos=\"18:5-19:0\"><strong>Nueva forma de gancho para facilitar el agarre de las barras de contenedores:<\/strong>\u00a0Mayor seguridad y eficiencia en la carga y descarga.<\/li>\n<\/ul>\n<\/li>\n<\/ul>\n<p data-sourcepos=\"20:1-20:17\"><strong>Aplicaciones:<\/strong><\/p>\n<ul data-sourcepos=\"22:1-26:0\">\n<li data-sourcepos=\"22:1-22:73\"><strong>Construcci\u00f3n:<\/strong>\u00a0Elevaci\u00f3n de materiales, montaje de estructuras, etc.<\/li>\n<li data-sourcepos=\"23:1-23:79\"><strong>Medio ambiente:<\/strong>\u00a0Recogida de residuos, limpieza de espacios p\u00fablicos, etc.<\/li>\n<li data-sourcepos=\"24:1-24:92\"><strong>Servicios p\u00fablicos:<\/strong>\u00a0Mantenimiento de infraestructuras, limpieza de alcantarillas, etc.<\/li>\n<li data-sourcepos=\"25:1-26:0\"><strong>Chatarra:<\/strong>\u00a0Carga y descarga de materiales, clasificaci\u00f3n de residuos, etc.<\/li>\n<\/ul>\n<p data-sourcepos=\"27:1-27:44\"><strong>Palfinger HT 07 S: Perfecci\u00f3n en acci\u00f3n.<\/strong><\/p>","protected":false},"excerpt":{"rendered":"<h2 class=\"titulointerior\">Comprar Palfinger HT 07 S<\/h2>\n<div class=\"elementor-element elementor-element-d18684c jedv-enabled--yes elementor-widget-divider--view-line elementor-widget elementor-widget-divider\" data-id=\"d18684c\" data-element_type=\"widget\" data-widget_type=\"divider.default\">\n<div class=\"elementor-widget-container\">\n<div class=\"elementor-divider\"><span class=\"elementor-divider-separator\">\u00a0<\/span><\/div>\n<\/div>\n<\/div>\n<p>\u00bfEst\u00e1s interesado en comprar la Palfinger HT 07 S y optimizar tu proceso de trabajo y alcanzar nuevos niveles de productividad?<br \/>\nGr\u00faas y basculantes DAC vende maquinaria de Palfinger, en concreto la Palfinger HT 07 S. Esta innovadora herramienta redefine los est\u00e1ndares de eficiencia y rendimiento.<br \/>\nEsta m\u00e1quina cuenta con caracter\u00edsticas de vanguardia dise\u00f1adas para ofrecer resultados excepcionales. Desde su tecnolog\u00eda de \u00faltima generaci\u00f3n hasta su dise\u00f1o ergon\u00f3mico, cada detalle ha sido cuidadosamente considerado para satisfacer las demandas de los profesionales m\u00e1s exigentes.<br \/>\nSi est\u00e1s interesado en comprar la Palfinger HT 07 S no lo dudes, ll\u00e1manos o escr\u00edbenos para poder disfrutar de una maquinaria l\u00edder en el mercado<\/p>","protected":false},"featured_media":1413,"comment_status":"open","ping_status":"closed","template":"","meta":[],"product_brand":[],"product_cat":[23,52],"product_tag":[],"class_list":{"0":"post-1412","1":"product","2":"type-product","3":"status-publish","4":"has-post-thumbnail","6":"product_cat-polibrazos-y-equipos-de-cadenas","7":"product_cat-peso-medio","9":"first","10":"instock","11":"shipping-taxable","12":"product-type-simple"},"_links":{"self":[{"href":"https:\/\/www.gruasybasculantesdac.com\/en\/wp-json\/wp\/v2\/product\/1412","targetHints":{"allow":["GET"]}}],"collection":[{"href":"https:\/\/www.gruasybasculantesdac.com\/en\/wp-json\/wp\/v2\/product"}],"about":[{"href":"https:\/\/www.gruasybasculantesdac.com\/en\/wp-json\/wp\/v2\/types\/product"}],"replies":[{"embeddable":true,"href":"https:\/\/www.gruasybasculantesdac.com\/en\/wp-json\/wp\/v2\/comments?post=1412"}],"wp:featuredmedia":[{"embeddable":true,"href":"https:\/\/www.gruasybasculantesdac.com\/en\/wp-json\/wp\/v2\/media\/1413"}],"wp:attachment":[{"href":"https:\/\/www.gruasybasculantesdac.com\/en\/wp-json\/wp\/v2\/media?parent=1412"}],"wp:term":[{"taxonomy":"product_brand","embeddable":true,"href":"https:\/\/www.gruasybasculantesdac.com\/en\/wp-json\/wp\/v2\/product_brand?post=1412"},{"taxonomy":"product_cat","embeddable":true,"href":"https:\/\/www.gruasybasculantesdac.com\/en\/wp-json\/wp\/v2\/product_cat?post=1412"},{"taxonomy":"product_tag","embeddable":true,"href":"https:\/\/www.gruasybasculantesdac.com\/en\/wp-json\/wp\/v2\/product_tag?post=1412"}],"curies":[{"name":"wp","href":"https:\/\/api.w.org\/{rel}","templated":true}]}}