{"id":1406,"date":"2024-03-27T19:22:44","date_gmt":"2024-03-27T18:22:44","guid":{"rendered":"https:\/\/www.gruasybasculantesdac.com\/?post_type=product&#038;p=1406"},"modified":"2024-03-27T19:22:44","modified_gmt":"2024-03-27T18:22:44","slug":"ph-t-05-sld3","status":"publish","type":"product","link":"https:\/\/www.gruasybasculantesdac.com\/en\/ph-t-05-sld3\/","title":{"rendered":"PH T 05 SLD3"},"content":{"rendered":"<h2 data-sourcepos=\"1:1-1:75\">Versatilidad y eficiencia en la carga y descarga<\/h2>\n<p data-sourcepos=\"3:1-3:313\"><strong>El nuevo portacontenedores Palfinger PH T 05 SLD3<\/strong> se une a nuestra gama de soluciones vers\u00e1tiles para la carga y descarga de materiales. Su facilidad de uso, su amplia gama de contenedores compatibles y su alta capacidad de carga lo convierten en la opci\u00f3n ideal para satisfacer las necesidades m\u00e1s exigentes.<\/p>\n<p data-sourcepos=\"5:1-5:32\">\n<p data-sourcepos=\"5:1-5:32\"><strong>Caracter\u00edsticas principales:<\/strong><\/p>\n<ul data-sourcepos=\"7:1-18:0\">\n<li data-sourcepos=\"7:1-10:77\"><strong>Versatilidad y eficiencia:<\/strong>\n<ul data-sourcepos=\"8:5-10:77\">\n<li data-sourcepos=\"8:5-8:108\"><strong>Amplia gama de contenedores compatibles:<\/strong>\u00a0Se adapta a diferentes tipos de materiales y operaciones.<\/li>\n<li data-sourcepos=\"9:5-9:91\"><strong>Alta capacidad de carga:<\/strong>\u00a0Permite transportar cargas pesadas con mayor eficiencia.<\/li>\n<li data-sourcepos=\"10:5-10:77\"><strong>Dise\u00f1o compacto:<\/strong>\u00a0Facilita la maniobrabilidad en espacios reducidos.<\/li>\n<\/ul>\n<\/li>\n<li data-sourcepos=\"11:1-14:100\"><strong>Facilidad de uso y seguridad:<\/strong>\n<ul data-sourcepos=\"12:5-14:100\">\n<li data-sourcepos=\"12:5-12:97\"><strong>Control de cabina ergon\u00f3mico e intuitivo:<\/strong>\u00a0Ofrece un manejo c\u00f3modo y preciso del equipo.<\/li>\n<li data-sourcepos=\"13:5-13:100\"><strong>Sistema de seguridad integral:<\/strong>\u00a0Protege al operador y a las personas en el \u00e1rea de trabajo.<\/li>\n<li data-sourcepos=\"14:5-14:100\"><strong>F\u00e1cil mantenimiento:<\/strong>\u00a0Reduce los costes operativos y maximiza la disponibilidad del equipo.<\/li>\n<\/ul>\n<\/li>\n<li data-sourcepos=\"15:1-18:0\"><strong>Fiabilidad comprobada:<\/strong>\n<ul data-sourcepos=\"16:5-18:0\">\n<li data-sourcepos=\"16:5-16:104\"><strong>Componentes de alta calidad:<\/strong>\u00a0Garantizan una larga vida \u00fatil y un funcionamiento sin problemas.<\/li>\n<li data-sourcepos=\"17:5-18:0\"><strong>Reputaci\u00f3n de Palfinger:<\/strong>\u00a0Respaldada por una amplia experiencia en la fabricaci\u00f3n de gr\u00faas y equipos de elevaci\u00f3n.<\/li>\n<\/ul>\n<\/li>\n<\/ul>\n<p data-sourcepos=\"19:1-19:49\">\n<p data-sourcepos=\"19:1-19:49\"><strong>Palfinger PH T 05 SLD3: Perfecci\u00f3n en acci\u00f3n.<\/strong><\/p>","protected":false},"excerpt":{"rendered":"<h2 class=\"titulointerior\">Comprar Palfinger PH T 05 SLD3<\/h2>\n<div class=\"elementor-element elementor-element-d18684c jedv-enabled--yes elementor-widget-divider--view-line elementor-widget elementor-widget-divider\" data-id=\"d18684c\" data-element_type=\"widget\" data-widget_type=\"divider.default\">\n<div class=\"elementor-widget-container\">\n<div class=\"elementor-divider\">\n\t\t\t<span class=\"elementor-divider-separator\"><br \/>\n\t\t\t\t\t\t<\/span>\n\t\t<\/div>\n<\/p><\/div>\n<\/p><\/div>\n<p>\t\t\t\u00bfEst\u00e1s interesado en comprar la Palfinger PH T 05 SLD3 y optimizar tu proceso de trabajo y alcanzar nuevos niveles de productividad?<br \/>\n\t\t\tGr\u00faas y basculantes DAC vende maquinaria de Palfinger, en concreto la Palfinger PH T 05 SLD3. Esta innovadora herramienta redefine los est\u00e1ndares de eficiencia y rendimiento.  <br \/>Esta m\u00e1quina cuenta con caracter\u00edsticas de vanguardia dise\u00f1adas para ofrecer resultados excepcionales. Desde su tecnolog\u00eda de \u00faltima generaci\u00f3n hasta su dise\u00f1o ergon\u00f3mico, cada detalle ha sido cuidadosamente considerado para satisfacer las demandas de los profesionales m\u00e1s exigentes.<br \/>Si est\u00e1s interesado en comprar la Palfinger PH T 05 SLD3 no lo dudes, ll\u00e1manos o escr\u00edbenos para poder disfrutar de una maquinaria l\u00edder en el mercado <\/p>","protected":false},"featured_media":1407,"comment_status":"open","ping_status":"closed","template":"","meta":[],"product_brand":[],"product_cat":[23,52],"product_tag":[],"class_list":{"0":"post-1406","1":"product","2":"type-product","3":"status-publish","4":"has-post-thumbnail","6":"product_cat-polibrazos-y-equipos-de-cadenas","7":"product_cat-peso-medio","9":"first","10":"instock","11":"shipping-taxable","12":"product-type-simple"},"_links":{"self":[{"href":"https:\/\/www.gruasybasculantesdac.com\/en\/wp-json\/wp\/v2\/product\/1406","targetHints":{"allow":["GET"]}}],"collection":[{"href":"https:\/\/www.gruasybasculantesdac.com\/en\/wp-json\/wp\/v2\/product"}],"about":[{"href":"https:\/\/www.gruasybasculantesdac.com\/en\/wp-json\/wp\/v2\/types\/product"}],"replies":[{"embeddable":true,"href":"https:\/\/www.gruasybasculantesdac.com\/en\/wp-json\/wp\/v2\/comments?post=1406"}],"wp:featuredmedia":[{"embeddable":true,"href":"https:\/\/www.gruasybasculantesdac.com\/en\/wp-json\/wp\/v2\/media\/1407"}],"wp:attachment":[{"href":"https:\/\/www.gruasybasculantesdac.com\/en\/wp-json\/wp\/v2\/media?parent=1406"}],"wp:term":[{"taxonomy":"product_brand","embeddable":true,"href":"https:\/\/www.gruasybasculantesdac.com\/en\/wp-json\/wp\/v2\/product_brand?post=1406"},{"taxonomy":"product_cat","embeddable":true,"href":"https:\/\/www.gruasybasculantesdac.com\/en\/wp-json\/wp\/v2\/product_cat?post=1406"},{"taxonomy":"product_tag","embeddable":true,"href":"https:\/\/www.gruasybasculantesdac.com\/en\/wp-json\/wp\/v2\/product_tag?post=1406"}],"curies":[{"name":"wp","href":"https:\/\/api.w.org\/{rel}","templated":true}]}}