{"id":1381,"date":"2024-03-27T18:29:39","date_gmt":"2024-03-27T17:29:39","guid":{"rendered":"https:\/\/www.gruasybasculantesdac.com\/?post_type=product&#038;p=1381"},"modified":"2024-03-27T18:29:40","modified_gmt":"2024-03-27T17:29:40","slug":"todoterreno-black-edition-at-18-m-23-m-25-m","status":"publish","type":"product","link":"https:\/\/www.gruasybasculantesdac.com\/en\/todoterreno-black-edition-at-18-m-23-m-25-m\/","title":{"rendered":"Todoterreno \u00abBlack Edition\u00bb AT 18 M, 23 M, 25 M"},"content":{"rendered":"<p data-sourcepos=\"3:1-3:291\"><strong>La serie Palfinger Todoterreno \u00abBlack Edition\u00bb AT 18 M, 23 M, 25 M<\/strong> combina la legendaria capacidad todoterreno del Unimog con la potencia y el alcance de una plataforma elevadora PALFINGER. El resultado es una soluci\u00f3n inigualable para trabajos en terrenos dif\u00edciles y de dif\u00edcil acceso.<\/p>\n<p data-sourcepos=\"5:1-5:32\">\n<p data-sourcepos=\"5:1-5:32\"><strong>Caracter\u00edsticas principales:<\/strong><\/p>\n<ul data-sourcepos=\"7:1-24:0\">\n<li data-sourcepos=\"7:1-10:53\"><strong>Capacidad todoterreno:<\/strong>\n<ul data-sourcepos=\"8:5-10:53\">\n<li data-sourcepos=\"8:5-8:77\">Chasis Unimog con tracci\u00f3n en las cuatro ruedas y suspensi\u00f3n neum\u00e1tica.<\/li>\n<li data-sourcepos=\"9:5-9:53\">\u00c1ngulos de aproximaci\u00f3n y salida excepcionales.<\/li>\n<li data-sourcepos=\"10:5-10:53\">Capacidad para vadear hasta 1,2 metros de agua.<\/li>\n<\/ul>\n<\/li>\n<li data-sourcepos=\"11:1-15:67\"><strong>Alcance y flexibilidad:<\/strong>\n<ul data-sourcepos=\"12:5-15:67\">\n<li data-sourcepos=\"12:5-12:58\">Altura de trabajo de hasta 25 metros (seg\u00fan modelo).<\/li>\n<li data-sourcepos=\"13:5-13:44\">Alcance lateral de hasta 16,90 metros.<\/li>\n<li data-sourcepos=\"14:5-14:41\">Rotaci\u00f3n de la cesta de 360 grados.<\/li>\n<li data-sourcepos=\"15:5-15:67\">Subestructura plana para un acceso m\u00e1s cercano a los objetos.<\/li>\n<\/ul>\n<\/li>\n<li data-sourcepos=\"16:1-20:62\"><strong>Eficiencia y productividad:<\/strong>\n<ul data-sourcepos=\"17:5-20:62\">\n<li data-sourcepos=\"17:5-17:69\">Estabilizadores verticales con una anchura de solo 2,40 metros.<\/li>\n<li data-sourcepos=\"18:5-18:72\">Carrera del estabilizador de 1.300 mm para trabajar en pendientes.<\/li>\n<li data-sourcepos=\"19:5-19:56\">Manejo del estabilizador desde la base o la cesta.<\/li>\n<li data-sourcepos=\"20:5-20:62\">Control simult\u00e1neo de varios movimientos desde la cesta.<\/li>\n<\/ul>\n<\/li>\n<li data-sourcepos=\"21:1-24:0\"><strong>Versatilidad y seguridad:<\/strong>\n<ul data-sourcepos=\"22:5-24:0\">\n<li data-sourcepos=\"22:5-22:131\">Ideal para trabajos en l\u00edneas el\u00e9ctricas, telecomunicaciones, mantenimiento de v\u00edas f\u00e9rreas, limpieza de bosques y mucho m\u00e1s.<\/li>\n<li data-sourcepos=\"23:5-24:0\">Cumple con las normas de seguridad m\u00e1s exigentes.<\/li>\n<\/ul>\n<\/li>\n<\/ul>\n<p data-sourcepos=\"25:1-25:84\">\n<p data-sourcepos=\"25:1-25:84\"><strong>Palfinger Todoterreno \u00abBlack Edition\u00bb AT 18 M, 23 M, 25 M: Perfecci\u00f3n en acci\u00f3n.<\/strong><\/p>","protected":false},"excerpt":{"rendered":"<h2 class=\"titulointerior\">Comprar Palfinger Todoterreno \u00abBlack Edition\u00bb AT 18 M, 23 M, 25 M<\/h2>\n<div class=\"elementor-element elementor-element-d18684c jedv-enabled--yes elementor-widget-divider--view-line elementor-widget elementor-widget-divider\" data-id=\"d18684c\" data-element_type=\"widget\" data-widget_type=\"divider.default\">\n<div class=\"elementor-widget-container\">\n<div class=\"elementor-divider\">\n\t\t\t<span class=\"elementor-divider-separator\"><br \/>\n\t\t\t\t\t\t<\/span>\n\t\t<\/div>\n<\/p><\/div>\n<\/p><\/div>\n<p>\t\t\t\u00bfEst\u00e1s interesado en comprar la Palfinger Todoterreno \u00abBlack Edition\u00bb AT 18 M, 23 M, 25 M y optimizar tu proceso de trabajo y alcanzar nuevos niveles de productividad?<br \/>\n\t\t\tGr\u00faas y basculantes DAC vende maquinaria de Palfinger, en concreto la Palfinger Todoterreno \u00abBlack Edition\u00bb AT 18 M, 23 M, 25 M. Esta innovadora herramienta redefine los est\u00e1ndares de eficiencia y rendimiento.  <br \/>Esta m\u00e1quina cuenta con caracter\u00edsticas de vanguardia dise\u00f1adas para ofrecer resultados excepcionales. Desde su tecnolog\u00eda de \u00faltima generaci\u00f3n hasta su dise\u00f1o ergon\u00f3mico, cada detalle ha sido cuidadosamente considerado para satisfacer las demandas de los profesionales m\u00e1s exigentes.<br \/>Si est\u00e1s interesado en comprar la Palfinger Todoterreno \u00abBlack Edition\u00bb AT 18 M, 23 M, 25 M no lo dudes, ll\u00e1manos o escr\u00edbenos para poder disfrutar de una maquinaria l\u00edder en el mercado <\/p>","protected":false},"featured_media":1382,"comment_status":"open","ping_status":"closed","template":"","meta":[],"product_brand":[],"product_cat":[22,50],"product_tag":[],"class_list":{"0":"post-1381","1":"product","2":"type-product","3":"status-publish","4":"has-post-thumbnail","6":"product_cat-plataformas-aereas-sobre-camion","7":"product_cat-aplicaciones-especiales","9":"first","10":"instock","11":"shipping-taxable","12":"product-type-simple"},"_links":{"self":[{"href":"https:\/\/www.gruasybasculantesdac.com\/en\/wp-json\/wp\/v2\/product\/1381","targetHints":{"allow":["GET"]}}],"collection":[{"href":"https:\/\/www.gruasybasculantesdac.com\/en\/wp-json\/wp\/v2\/product"}],"about":[{"href":"https:\/\/www.gruasybasculantesdac.com\/en\/wp-json\/wp\/v2\/types\/product"}],"replies":[{"embeddable":true,"href":"https:\/\/www.gruasybasculantesdac.com\/en\/wp-json\/wp\/v2\/comments?post=1381"}],"wp:featuredmedia":[{"embeddable":true,"href":"https:\/\/www.gruasybasculantesdac.com\/en\/wp-json\/wp\/v2\/media\/1382"}],"wp:attachment":[{"href":"https:\/\/www.gruasybasculantesdac.com\/en\/wp-json\/wp\/v2\/media?parent=1381"}],"wp:term":[{"taxonomy":"product_brand","embeddable":true,"href":"https:\/\/www.gruasybasculantesdac.com\/en\/wp-json\/wp\/v2\/product_brand?post=1381"},{"taxonomy":"product_cat","embeddable":true,"href":"https:\/\/www.gruasybasculantesdac.com\/en\/wp-json\/wp\/v2\/product_cat?post=1381"},{"taxonomy":"product_tag","embeddable":true,"href":"https:\/\/www.gruasybasculantesdac.com\/en\/wp-json\/wp\/v2\/product_tag?post=1381"}],"curies":[{"name":"wp","href":"https:\/\/api.w.org\/{rel}","templated":true}]}}