{"id":1376,"date":"2024-03-27T18:23:51","date_gmt":"2024-03-27T17:23:51","guid":{"rendered":"https:\/\/www.gruasybasculantesdac.com\/?post_type=product&#038;p=1376"},"modified":"2024-03-27T18:23:52","modified_gmt":"2024-03-27T17:23:52","slug":"tunlift","status":"publish","type":"product","link":"https:\/\/www.gruasybasculantesdac.com\/en\/tunlift\/","title":{"rendered":"TUNLIFT"},"content":{"rendered":"<p data-sourcepos=\"3:1-3:282\"><strong>El Palfinger TUNLIFT<\/strong> es una soluci\u00f3n innovadora que combina las ventajas de una plataforma a\u00e9rea con la amplia plataforma de trabajo de una plataforma de tijera. El resultado es un taller en altura autosuficiente, perfecto para trabajos de mantenimiento e inspecci\u00f3n en t\u00faneles.<\/p>\n<p data-sourcepos=\"5:1-5:32\">\n<p data-sourcepos=\"5:1-5:32\"><strong>Caracter\u00edsticas principales:<\/strong><\/p>\n<ul data-sourcepos=\"7:1-20:0\">\n<li data-sourcepos=\"7:1-11:117\"><strong>Eficiencia y versatilidad:<\/strong>\n<ul data-sourcepos=\"8:5-11:117\">\n<li data-sourcepos=\"8:5-8:104\"><strong>Plataforma de trabajo amplia:<\/strong>\u00a0Permite un espacio de trabajo c\u00f3modo y seguro para dos personas.<\/li>\n<li data-sourcepos=\"9:5-9:121\"><strong>Acceso a zonas elevadas:<\/strong>\u00a0Altura de trabajo de hasta 10 metros para acceder a las zonas m\u00e1s dif\u00edciles del t\u00fanel.<\/li>\n<li data-sourcepos=\"10:5-10:100\"><strong>Elevaci\u00f3n r\u00e1pida y precisa:<\/strong>\u00a0Minimiza el tiempo de inactividad y optimiza la productividad.<\/li>\n<li data-sourcepos=\"11:5-11:117\"><strong>Autosuficiencia:<\/strong>\u00a0Equipado con generador, compresor y herramientas neum\u00e1ticas para un trabajo independiente.<\/li>\n<\/ul>\n<\/li>\n<li data-sourcepos=\"12:1-15:95\"><strong>Facilidad de uso y seguridad:<\/strong>\n<ul data-sourcepos=\"13:5-15:95\">\n<li data-sourcepos=\"13:5-13:100\"><strong>Controles intuitivos:<\/strong>\u00a0F\u00e1ciles de usar para operadores de todos los niveles de experiencia.<\/li>\n<li data-sourcepos=\"14:5-14:104\"><strong>Sistema de seguridad integral:<\/strong>\u00a0Protege al operador y a los trabajadores en el \u00e1rea de trabajo.<\/li>\n<li data-sourcepos=\"15:5-15:95\"><strong>Dise\u00f1o compacto:<\/strong>\u00a0Permite un f\u00e1cil transporte y maniobrabilidad en espacios reducidos.<\/li>\n<\/ul>\n<\/li>\n<li data-sourcepos=\"16:1-20:0\"><strong>Mantenimiento e inspecci\u00f3n:<\/strong>\n<ul data-sourcepos=\"17:5-20:0\">\n<li data-sourcepos=\"17:5-17:92\"><strong>Acceso optimizado a los componentes:<\/strong>\u00a0Facilita el mantenimiento y las reparaciones.<\/li>\n<li data-sourcepos=\"18:5-18:98\"><strong>Plataforma de trabajo estable:<\/strong>\u00a0Ideal para realizar trabajos de inspecci\u00f3n con precisi\u00f3n.<\/li>\n<li data-sourcepos=\"19:5-20:0\"><strong>Iluminaci\u00f3n LED:<\/strong>\u00a0Proporciona una visibilidad \u00f3ptima en condiciones de poca luz.<\/li>\n<\/ul>\n<\/li>\n<\/ul>\n<p data-sourcepos=\"21:1-21:44\">\n<p data-sourcepos=\"21:1-21:44\"><strong>Palfinger TUNLIFT: Perfecci\u00f3n en acci\u00f3n.<\/strong><\/p>","protected":false},"excerpt":{"rendered":"<h2 class=\"titulointerior\">Comprar Palfinger TUNLIFT<\/h2>\n<div class=\"elementor-element elementor-element-d18684c jedv-enabled--yes elementor-widget-divider--view-line elementor-widget elementor-widget-divider\" data-id=\"d18684c\" data-element_type=\"widget\" data-widget_type=\"divider.default\">\n<div class=\"elementor-widget-container\">\n<div class=\"elementor-divider\">\n\t\t\t<span class=\"elementor-divider-separator\"><br \/>\n\t\t\t\t\t\t<\/span>\n\t\t<\/div>\n<\/p><\/div>\n<\/p><\/div>\n<p>\t\t\t\u00bfEst\u00e1s interesado en comprar la Palfinger TUNLIFT y optimizar tu proceso de trabajo y alcanzar nuevos niveles de productividad?<br \/>\n\t\t\tGr\u00faas y basculantes DAC vende maquinaria de Palfinger, en concreto la Palfinger TUNLIFT. Esta innovadora herramienta redefine los est\u00e1ndares de eficiencia y rendimiento.  <br \/>Esta m\u00e1quina cuenta con caracter\u00edsticas de vanguardia dise\u00f1adas para ofrecer resultados excepcionales. Desde su tecnolog\u00eda de \u00faltima generaci\u00f3n hasta su dise\u00f1o ergon\u00f3mico, cada detalle ha sido cuidadosamente considerado para satisfacer las demandas de los profesionales m\u00e1s exigentes.<br \/>Si est\u00e1s interesado en comprar la Palfinger TUNLIFT no lo dudes, ll\u00e1manos o escr\u00edbenos para poder disfrutar de una maquinaria l\u00edder en el mercado <\/p>","protected":false},"featured_media":1377,"comment_status":"open","ping_status":"closed","template":"","meta":[],"product_brand":[],"product_cat":[22,50],"product_tag":[],"class_list":{"0":"post-1376","1":"product","2":"type-product","3":"status-publish","4":"has-post-thumbnail","6":"product_cat-plataformas-aereas-sobre-camion","7":"product_cat-aplicaciones-especiales","9":"first","10":"instock","11":"shipping-taxable","12":"product-type-simple"},"_links":{"self":[{"href":"https:\/\/www.gruasybasculantesdac.com\/en\/wp-json\/wp\/v2\/product\/1376","targetHints":{"allow":["GET"]}}],"collection":[{"href":"https:\/\/www.gruasybasculantesdac.com\/en\/wp-json\/wp\/v2\/product"}],"about":[{"href":"https:\/\/www.gruasybasculantesdac.com\/en\/wp-json\/wp\/v2\/types\/product"}],"replies":[{"embeddable":true,"href":"https:\/\/www.gruasybasculantesdac.com\/en\/wp-json\/wp\/v2\/comments?post=1376"}],"wp:featuredmedia":[{"embeddable":true,"href":"https:\/\/www.gruasybasculantesdac.com\/en\/wp-json\/wp\/v2\/media\/1377"}],"wp:attachment":[{"href":"https:\/\/www.gruasybasculantesdac.com\/en\/wp-json\/wp\/v2\/media?parent=1376"}],"wp:term":[{"taxonomy":"product_brand","embeddable":true,"href":"https:\/\/www.gruasybasculantesdac.com\/en\/wp-json\/wp\/v2\/product_brand?post=1376"},{"taxonomy":"product_cat","embeddable":true,"href":"https:\/\/www.gruasybasculantesdac.com\/en\/wp-json\/wp\/v2\/product_cat?post=1376"},{"taxonomy":"product_tag","embeddable":true,"href":"https:\/\/www.gruasybasculantesdac.com\/en\/wp-json\/wp\/v2\/product_tag?post=1376"}],"curies":[{"name":"wp","href":"https:\/\/api.w.org\/{rel}","templated":true}]}}