{"id":1368,"date":"2024-03-27T18:19:33","date_gmt":"2024-03-27T17:19:33","guid":{"rendered":"https:\/\/www.gruasybasculantesdac.com\/?post_type=product&#038;p=1368"},"modified":"2024-03-27T18:19:33","modified_gmt":"2024-03-27T17:19:33","slug":"p-900","status":"publish","type":"product","link":"https:\/\/www.gruasybasculantesdac.com\/en\/p-900\/","title":{"rendered":"P 900"},"content":{"rendered":"<p data-sourcepos=\"3:1-3:357\">La <strong>Palfinger P 900<\/strong> redefine el significado de rendimiento en gr\u00faas articuladas. Con una altura de trabajo de hasta 90 metros y un alcance de 32,5 metros con una carga en cesta de 530 kg, esta gr\u00faa ofrece una combinaci\u00f3n inigualable de potencia, precisi\u00f3n y facilidad de uso, convirti\u00e9ndola en la soluci\u00f3n ideal para los trabajos m\u00e1s exigentes en altura.<\/p>\n<p data-sourcepos=\"5:1-5:32\">\n<p data-sourcepos=\"5:1-5:32\"><strong>Caracter\u00edsticas principales:<\/strong><\/p>\n<ul data-sourcepos=\"7:1-22:0\">\n<li data-sourcepos=\"7:1-12:112\"><strong>Rendimiento sin igual:<\/strong>\n<ul data-sourcepos=\"8:5-12:112\">\n<li data-sourcepos=\"8:5-8:110\"><strong>Altura de trabajo de 90 metros:<\/strong>\u00a0Permite acceder a las zonas m\u00e1s elevadas de estructuras y edificios.<\/li>\n<li data-sourcepos=\"9:5-9:96\"><strong>Alcance de 32,5 metros:<\/strong>\u00a0Amplio rango de trabajo sin necesidad de reposicionar la gr\u00faa.<\/li>\n<li data-sourcepos=\"10:5-10:103\"><strong>Capacidad de carga en cesta de 530 kg:<\/strong>\u00a0Permite transportar herramientas y materiales pesados.<\/li>\n<li data-sourcepos=\"11:5-11:150\"><strong>Sistema GPD-Gravity Powered Drive:<\/strong>\u00a0Permite la operaci\u00f3n incluso con los motores apagados y un descenso seguro al suelo en cualquier momento.<\/li>\n<li data-sourcepos=\"12:5-12:112\"><strong>Velocidad de viento 7:<\/strong>\u00a0Permite trabajar en condiciones clim\u00e1ticas adversas que antes no eran posibles.<\/li>\n<\/ul>\n<\/li>\n<li data-sourcepos=\"13:1-18:101\"><strong>Facilidad de uso y seguridad:<\/strong>\n<ul data-sourcepos=\"14:5-18:101\">\n<li data-sourcepos=\"14:5-14:138\"><strong>Control secundario con pantalla a color y asiento:<\/strong>\u00a0Ofrece una segunda estaci\u00f3n de operaci\u00f3n completa en la plataforma giratoria.<\/li>\n<li data-sourcepos=\"15:5-15:118\"><strong>Tanque hidr\u00e1ulico integrado en el bastidor base:<\/strong>\u00a0Garantiza un centro de gravedad bajo durante la conducci\u00f3n.<\/li>\n<li data-sourcepos=\"16:5-16:103\"><strong>Plataforma telesc\u00f3pica:<\/strong>\u00a0Permite un ajuste preciso de la altura de trabajo dentro de la cesta.<\/li>\n<li data-sourcepos=\"17:5-17:123\"><strong>Preparada para sistema Powerlift (opcional):<\/strong>\u00a0Aumenta la capacidad de carga en la cesta para trabajos espec\u00edficos.<\/li>\n<li data-sourcepos=\"18:5-18:101\"><strong>Carrera estabilizadora de 930 mm:<\/strong>\u00a0Compensa terrenos irregulares para una mayor estabilidad.<\/li>\n<\/ul>\n<\/li>\n<li data-sourcepos=\"19:1-22:0\"><strong>Versatilidad y espacio de almacenamiento:<\/strong>\n<ul data-sourcepos=\"20:5-22:0\">\n<li data-sourcepos=\"20:5-20:98\"><strong>Rotaci\u00f3n horizontal de la pluma con cesta en 180\u00b0:<\/strong>\u00a0Facilita el acceso a zonas dif\u00edciles.<\/li>\n<li data-sourcepos=\"21:5-22:0\"><strong>Espacio de almacenamiento extragrande y cajas de herramientas iluminadas:<\/strong>\u00a0Ofrecen espacio para todo el equipo de trabajo.<\/li>\n<\/ul>\n<\/li>\n<\/ul>\n<p data-sourcepos=\"23:1-23:42\">\n<p data-sourcepos=\"23:1-23:42\"><strong>Palfinger P 900: Perfecci\u00f3n en acci\u00f3n.<\/strong><\/p>","protected":false},"excerpt":{"rendered":"<h2 class=\"titulointerior\">Comprar Palfinger P 900<\/h2>\n<div class=\"elementor-element elementor-element-d18684c jedv-enabled--yes elementor-widget-divider--view-line elementor-widget elementor-widget-divider\" data-id=\"d18684c\" data-element_type=\"widget\" data-widget_type=\"divider.default\">\n<div class=\"elementor-widget-container\">\n<div class=\"elementor-divider\">\n\t\t\t<span class=\"elementor-divider-separator\"><br \/>\n\t\t\t\t\t\t<\/span>\n\t\t<\/div>\n<\/p><\/div>\n<\/p><\/div>\n<p>\t\t\t\u00bfEst\u00e1s interesado en comprar la Palfinger P 900 y optimizar tu proceso de trabajo y alcanzar nuevos niveles de productividad?<br \/>\n\t\t\tGr\u00faas y basculantes DAC vende maquinaria de Palfinger, en concreto la Palfinger P 900. Esta innovadora herramienta redefine los est\u00e1ndares de eficiencia y rendimiento.  <br \/>Esta m\u00e1quina cuenta con caracter\u00edsticas de vanguardia dise\u00f1adas para ofrecer resultados excepcionales. Desde su tecnolog\u00eda de \u00faltima generaci\u00f3n hasta su dise\u00f1o ergon\u00f3mico, cada detalle ha sido cuidadosamente considerado para satisfacer las demandas de los profesionales m\u00e1s exigentes.<br \/>Si est\u00e1s interesado en comprar la Palfinger P 900 no lo dudes, ll\u00e1manos o escr\u00edbenos para poder disfrutar de una maquinaria l\u00edder en el mercado <\/p>","protected":false},"featured_media":1369,"comment_status":"open","ping_status":"closed","template":"","meta":[],"product_brand":[],"product_cat":[22,48],"product_tag":[],"class_list":{"0":"post-1368","1":"product","2":"type-product","3":"status-publish","4":"has-post-thumbnail","6":"product_cat-plataformas-aereas-sobre-camion","7":"product_cat-clase-top","9":"first","10":"instock","11":"shipping-taxable","12":"product-type-simple"},"_links":{"self":[{"href":"https:\/\/www.gruasybasculantesdac.com\/en\/wp-json\/wp\/v2\/product\/1368","targetHints":{"allow":["GET"]}}],"collection":[{"href":"https:\/\/www.gruasybasculantesdac.com\/en\/wp-json\/wp\/v2\/product"}],"about":[{"href":"https:\/\/www.gruasybasculantesdac.com\/en\/wp-json\/wp\/v2\/types\/product"}],"replies":[{"embeddable":true,"href":"https:\/\/www.gruasybasculantesdac.com\/en\/wp-json\/wp\/v2\/comments?post=1368"}],"wp:featuredmedia":[{"embeddable":true,"href":"https:\/\/www.gruasybasculantesdac.com\/en\/wp-json\/wp\/v2\/media\/1369"}],"wp:attachment":[{"href":"https:\/\/www.gruasybasculantesdac.com\/en\/wp-json\/wp\/v2\/media?parent=1368"}],"wp:term":[{"taxonomy":"product_brand","embeddable":true,"href":"https:\/\/www.gruasybasculantesdac.com\/en\/wp-json\/wp\/v2\/product_brand?post=1368"},{"taxonomy":"product_cat","embeddable":true,"href":"https:\/\/www.gruasybasculantesdac.com\/en\/wp-json\/wp\/v2\/product_cat?post=1368"},{"taxonomy":"product_tag","embeddable":true,"href":"https:\/\/www.gruasybasculantesdac.com\/en\/wp-json\/wp\/v2\/product_tag?post=1368"}],"curies":[{"name":"wp","href":"https:\/\/api.w.org\/{rel}","templated":true}]}}