{"id":1359,"date":"2024-03-27T12:08:16","date_gmt":"2024-03-27T11:08:16","guid":{"rendered":"https:\/\/www.gruasybasculantesdac.com\/?post_type=product&#038;p=1359"},"modified":"2024-03-27T18:11:53","modified_gmt":"2024-03-27T17:11:53","slug":"p-750","status":"publish","type":"product","link":"https:\/\/www.gruasybasculantesdac.com\/en\/p-750\/","title":{"rendered":"P 750"},"content":{"rendered":"<h2 data-sourcepos=\"1:1-1:86\">Alcance m\u00e1ximo y maniobrabilidad excepcional en trabajos en altura<\/h2>\n<p data-sourcepos=\"3:1-3:380\">La <strong>Palfinger P 750<\/strong> redefine el concepto de plataforma a\u00e9rea con su sensacional altura de trabajo de 75 metros, la mayor en su categor\u00eda. Esta gr\u00faa articulada ofrece una combinaci\u00f3n imbatible de alcance y maniobrabilidad, lo que la convierte en la soluci\u00f3n ideal para proyectos de gran envergadura en fachadas de edificios, inspecciones de estructuras industriales y mucho m\u00e1s.<\/p>\n<p data-sourcepos=\"5:1-5:32\"><strong>Caracter\u00edsticas principales:<\/strong><\/p>\n<ul data-sourcepos=\"7:1-20:0\">\n<li data-sourcepos=\"7:1-14:105\"><strong>Alcance y flexibilidad insuperables:<\/strong>\n<ul data-sourcepos=\"8:5-14:105\">\n<li data-sourcepos=\"8:5-8:110\"><strong>Altura de trabajo de 75 metros:<\/strong>\u00a0Permite acceder a las zonas m\u00e1s elevadas de edificios y estructuras.<\/li>\n<li data-sourcepos=\"9:5-9:102\"><strong>Alcance lateral de 39 metros:<\/strong>\u00a0Amplio rango de trabajo sin necesidad de mover el cami\u00f3n base.<\/li>\n<li data-sourcepos=\"10:5-10:105\"><strong>X-jib de 240\u00b0:<\/strong>\u00a0Aumenta significativamente el \u00e1rea de trabajo para maniobras precisas en altura.<\/li>\n<li data-sourcepos=\"11:5-11:115\"><strong>Rotaci\u00f3n de la cesta de 2 x 200\u00b0:<\/strong>\u00a0Facilita el posicionamiento exacto del operario en cualquier direcci\u00f3n.<\/li>\n<li data-sourcepos=\"12:5-12:109\"><strong>Pluma telesc\u00f3pica superior de hasta 19 m:<\/strong>\u00a0Aumenta el alcance operativo para una mayor versatilidad.<\/li>\n<li data-sourcepos=\"13:5-13:98\"><strong>Cesta telesc\u00f3pica:<\/strong>\u00a0Permite un ajuste preciso de la altura de trabajo dentro de la cesta.<\/li>\n<li data-sourcepos=\"14:5-14:105\"><strong>Cesta colgante (opcional):<\/strong>\u00a0Permite un acercamiento a\u00fan mayor a objetos y estructuras complejas.<\/li>\n<\/ul>\n<\/li>\n<li data-sourcepos=\"15:1-17:130\"><strong>Rendimiento y capacidad de carga:<\/strong>\n<ul data-sourcepos=\"16:5-17:130\">\n<li data-sourcepos=\"16:5-16:106\"><strong>Capacidad de carga de la cesta de 600 kg:<\/strong>\u00a0Permite transportar herramientas y materiales pesados.<\/li>\n<li data-sourcepos=\"17:5-17:130\"><strong>Sistema de lubricaci\u00f3n autom\u00e1tica de la pluma telesc\u00f3pica:<\/strong>\u00a0Reduce el mantenimiento y garantiza un funcionamiento \u00f3ptimo.<\/li>\n<\/ul>\n<\/li>\n<li data-sourcepos=\"18:1-20:0\"><strong>Facilidad de uso y seguridad:<\/strong>\n<ul data-sourcepos=\"19:5-20:0\">\n<li data-sourcepos=\"19:5-20:0\"><strong>Preparada para sistema Powerlift (opcional):<\/strong>\u00a0Aumenta la capacidad de carga en la cesta para trabajos espec\u00edficos.<\/li>\n<\/ul>\n<\/li>\n<\/ul>\n<p data-sourcepos=\"21:1-21:42\">\n<p data-sourcepos=\"21:1-21:42\"><strong>Palfinger P 750: Perfecci\u00f3n en acci\u00f3n.<\/strong><\/p>","protected":false},"excerpt":{"rendered":"<h2 class=\"titulointerior\">Comprar Palfinger P 750<\/h2>\n<div class=\"elementor-element elementor-element-d18684c jedv-enabled--yes elementor-widget-divider--view-line elementor-widget elementor-widget-divider\" data-id=\"d18684c\" data-element_type=\"widget\" data-widget_type=\"divider.default\">\n<div class=\"elementor-widget-container\">\n<div class=\"elementor-divider\"><span class=\"elementor-divider-separator\">\u00a0<\/span><\/div>\n<\/div>\n<\/div>\n<p>\u00bfEst\u00e1s interesado en comprar la Palfinger P 750 y optimizar tu proceso de trabajo y alcanzar nuevos niveles de productividad?<br \/>\nGr\u00faas y basculantes DAC vende maquinaria de Palfinger, en concreto la Palfinger P 750. Esta innovadora herramienta redefine los est\u00e1ndares de eficiencia y rendimiento.<br \/>\nEsta m\u00e1quina cuenta con caracter\u00edsticas de vanguardia dise\u00f1adas para ofrecer resultados excepcionales. Desde su tecnolog\u00eda de \u00faltima generaci\u00f3n hasta su dise\u00f1o ergon\u00f3mico, cada detalle ha sido cuidadosamente considerado para satisfacer las demandas de los profesionales m\u00e1s exigentes.<br \/>\nSi est\u00e1s interesado en comprar la Palfinger P 750 no lo dudes, ll\u00e1manos o escr\u00edbenos para poder disfrutar de una maquinaria l\u00edder en el mercado<\/p>","protected":false},"featured_media":1360,"comment_status":"open","ping_status":"closed","template":"","meta":[],"product_brand":[],"product_cat":[22,47],"product_tag":[],"class_list":{"0":"post-1359","1":"product","2":"type-product","3":"status-publish","4":"has-post-thumbnail","6":"product_cat-plataformas-aereas-sobre-camion","7":"product_cat-clase-jumbo","9":"first","10":"instock","11":"shipping-taxable","12":"product-type-simple"},"_links":{"self":[{"href":"https:\/\/www.gruasybasculantesdac.com\/en\/wp-json\/wp\/v2\/product\/1359","targetHints":{"allow":["GET"]}}],"collection":[{"href":"https:\/\/www.gruasybasculantesdac.com\/en\/wp-json\/wp\/v2\/product"}],"about":[{"href":"https:\/\/www.gruasybasculantesdac.com\/en\/wp-json\/wp\/v2\/types\/product"}],"replies":[{"embeddable":true,"href":"https:\/\/www.gruasybasculantesdac.com\/en\/wp-json\/wp\/v2\/comments?post=1359"}],"wp:featuredmedia":[{"embeddable":true,"href":"https:\/\/www.gruasybasculantesdac.com\/en\/wp-json\/wp\/v2\/media\/1360"}],"wp:attachment":[{"href":"https:\/\/www.gruasybasculantesdac.com\/en\/wp-json\/wp\/v2\/media?parent=1359"}],"wp:term":[{"taxonomy":"product_brand","embeddable":true,"href":"https:\/\/www.gruasybasculantesdac.com\/en\/wp-json\/wp\/v2\/product_brand?post=1359"},{"taxonomy":"product_cat","embeddable":true,"href":"https:\/\/www.gruasybasculantesdac.com\/en\/wp-json\/wp\/v2\/product_cat?post=1359"},{"taxonomy":"product_tag","embeddable":true,"href":"https:\/\/www.gruasybasculantesdac.com\/en\/wp-json\/wp\/v2\/product_tag?post=1359"}],"curies":[{"name":"wp","href":"https:\/\/api.w.org\/{rel}","templated":true}]}}