{"id":1338,"date":"2024-03-27T11:57:19","date_gmt":"2024-03-27T10:57:19","guid":{"rendered":"https:\/\/www.gruasybasculantesdac.com\/?post_type=product&#038;p=1338"},"modified":"2024-03-27T11:57:21","modified_gmt":"2024-03-27T10:57:21","slug":"p-570","status":"publish","type":"product","link":"https:\/\/www.gruasybasculantesdac.com\/en\/p-570\/","title":{"rendered":"P 570"},"content":{"rendered":"<p data-sourcepos=\"3:1-3:64\"><strong>Alcance y flexibilidad excepcionales para trabajos en altura<\/strong><\/p>\n<p data-sourcepos=\"5:1-5:260\">La <strong>Palfinger P 570<\/strong> redefine la productividad en trabajos de gran altura. Esta gr\u00faa articulada ofrece una altura de trabajo de 57 metros y un alcance de 41 metros, lo que la convierte en una soluci\u00f3n ideal para acceder a zonas elevadas y de dif\u00edcil acceso.<\/p>\n<p data-sourcepos=\"7:1-7:32\">\n<p data-sourcepos=\"7:1-7:32\"><strong>Caracter\u00edsticas principales:<\/strong><\/p>\n<ul data-sourcepos=\"9:1-23:0\">\n<li data-sourcepos=\"9:1-14:105\"><strong>Flexibilidad insuperable:<\/strong>\n<ul data-sourcepos=\"10:5-14:105\">\n<li data-sourcepos=\"10:5-10:114\"><strong>X-jib adicional:<\/strong>\u00a0Ampl\u00eda significativamente el \u00e1rea de trabajo, permitiendo maniobras precisas en altura.<\/li>\n<li data-sourcepos=\"11:5-11:102\"><strong>Rotaci\u00f3n de la cesta de 2 x 200\u00b0:<\/strong>\u00a0Facilita el posicionamiento exacto en cualquier direcci\u00f3n.<\/li>\n<li data-sourcepos=\"12:5-12:109\"><strong>Pluma telesc\u00f3pica superior de hasta 19 m:<\/strong>\u00a0Aumenta el alcance operativo para una mayor versatilidad.<\/li>\n<li data-sourcepos=\"13:5-13:98\"><strong>Cesta telesc\u00f3pica:<\/strong>\u00a0Permite un ajuste preciso de la altura de trabajo dentro de la cesta.<\/li>\n<li data-sourcepos=\"14:5-14:105\"><strong>Cesta colgante (opcional):<\/strong>\u00a0Permite un acercamiento a\u00fan mayor a objetos y estructuras complejas.<\/li>\n<\/ul>\n<\/li>\n<li data-sourcepos=\"15:1-19:130\"><strong>Rendimiento y capacidad de carga:<\/strong>\n<ul data-sourcepos=\"16:5-19:130\">\n<li data-sourcepos=\"16:5-16:86\"><strong>Altura de trabajo de 57 metros:<\/strong>\u00a0Acceso a las zonas m\u00e1s elevadas de la obra.<\/li>\n<li data-sourcepos=\"17:5-17:82\"><strong>Alcance de 41 metros:<\/strong>\u00a0Amplio rango de trabajo para cubrir grandes \u00e1reas.<\/li>\n<li data-sourcepos=\"18:5-18:106\"><strong>Capacidad de carga de la cesta de 600 kg:<\/strong>\u00a0Permite transportar herramientas y materiales pesados.<\/li>\n<li data-sourcepos=\"19:5-19:130\"><strong>Sistema de lubricaci\u00f3n autom\u00e1tica de la pluma telesc\u00f3pica:<\/strong>\u00a0Reduce el mantenimiento y garantiza un funcionamiento \u00f3ptimo.<\/li>\n<\/ul>\n<\/li>\n<li data-sourcepos=\"20:1-23:0\"><strong>Estabilidad y seguridad:<\/strong>\n<ul data-sourcepos=\"21:5-23:0\">\n<li data-sourcepos=\"21:5-21:105\"><strong>Recorrido de estabilizaci\u00f3n de 900 mm:<\/strong>\u00a0Proporciona estabilidad incluso en terrenos irregulares.<\/li>\n<li data-sourcepos=\"22:5-23:0\"><strong>Preparada para sistema Powerlift (opcional):<\/strong>\u00a0Aumenta la capacidad de carga en la cesta para trabajos espec\u00edficos.<\/li>\n<\/ul>\n<\/li>\n<\/ul>\n<p data-sourcepos=\"24:1-24:42\">\n<p data-sourcepos=\"24:1-24:42\"><strong>Palfinger P 570: Perfecci\u00f3n en acci\u00f3n.<\/strong><\/p>","protected":false},"excerpt":{"rendered":"<h2 class=\"titulointerior\">Comprar Palfinger P 570<\/h2>\n<div class=\"elementor-element elementor-element-d18684c jedv-enabled--yes elementor-widget-divider--view-line elementor-widget elementor-widget-divider\" data-id=\"d18684c\" data-element_type=\"widget\" data-widget_type=\"divider.default\">\n<div class=\"elementor-widget-container\">\n<div class=\"elementor-divider\">\n\t\t\t<span class=\"elementor-divider-separator\"><br \/>\n\t\t\t\t\t\t<\/span>\n\t\t<\/div>\n<\/p><\/div>\n<\/p><\/div>\n<p>\t\t\t\u00bfEst\u00e1s interesado en comprar la Palfinger P 570 y optimizar tu proceso de trabajo y alcanzar nuevos niveles de productividad?<br \/>\n\t\t\tGr\u00faas y basculantes DAC vende maquinaria de Palfinger, en concreto la Palfinger P 570. Esta innovadora herramienta redefine los est\u00e1ndares de eficiencia y rendimiento.  <br \/>Esta m\u00e1quina cuenta con caracter\u00edsticas de vanguardia dise\u00f1adas para ofrecer resultados excepcionales. Desde su tecnolog\u00eda de \u00faltima generaci\u00f3n hasta su dise\u00f1o ergon\u00f3mico, cada detalle ha sido cuidadosamente considerado para satisfacer las demandas de los profesionales m\u00e1s exigentes.<br \/>Si est\u00e1s interesado en comprar la Palfinger P 570 no lo dudes, ll\u00e1manos o escr\u00edbenos para poder disfrutar de una maquinaria l\u00edder en el mercado <\/p>","protected":false},"featured_media":1339,"comment_status":"open","ping_status":"closed","template":"","meta":[],"product_brand":[],"product_cat":[22,47],"product_tag":[],"class_list":{"0":"post-1338","1":"product","2":"type-product","3":"status-publish","4":"has-post-thumbnail","6":"product_cat-plataformas-aereas-sobre-camion","7":"product_cat-clase-jumbo","9":"first","10":"instock","11":"shipping-taxable","12":"product-type-simple"},"_links":{"self":[{"href":"https:\/\/www.gruasybasculantesdac.com\/en\/wp-json\/wp\/v2\/product\/1338","targetHints":{"allow":["GET"]}}],"collection":[{"href":"https:\/\/www.gruasybasculantesdac.com\/en\/wp-json\/wp\/v2\/product"}],"about":[{"href":"https:\/\/www.gruasybasculantesdac.com\/en\/wp-json\/wp\/v2\/types\/product"}],"replies":[{"embeddable":true,"href":"https:\/\/www.gruasybasculantesdac.com\/en\/wp-json\/wp\/v2\/comments?post=1338"}],"wp:featuredmedia":[{"embeddable":true,"href":"https:\/\/www.gruasybasculantesdac.com\/en\/wp-json\/wp\/v2\/media\/1339"}],"wp:attachment":[{"href":"https:\/\/www.gruasybasculantesdac.com\/en\/wp-json\/wp\/v2\/media?parent=1338"}],"wp:term":[{"taxonomy":"product_brand","embeddable":true,"href":"https:\/\/www.gruasybasculantesdac.com\/en\/wp-json\/wp\/v2\/product_brand?post=1338"},{"taxonomy":"product_cat","embeddable":true,"href":"https:\/\/www.gruasybasculantesdac.com\/en\/wp-json\/wp\/v2\/product_cat?post=1338"},{"taxonomy":"product_tag","embeddable":true,"href":"https:\/\/www.gruasybasculantesdac.com\/en\/wp-json\/wp\/v2\/product_tag?post=1338"}],"curies":[{"name":"wp","href":"https:\/\/api.w.org\/{rel}","templated":true}]}}