{"id":1328,"date":"2024-03-27T11:50:59","date_gmt":"2024-03-27T10:50:59","guid":{"rendered":"https:\/\/www.gruasybasculantesdac.com\/?post_type=product&#038;p=1328"},"modified":"2024-03-27T11:51:00","modified_gmt":"2024-03-27T10:51:00","slug":"p-480","status":"publish","type":"product","link":"https:\/\/www.gruasybasculantesdac.com\/en\/p-480\/","title":{"rendered":"P 480"},"content":{"rendered":"<p data-sourcepos=\"3:1-3:61\"><strong>Precisi\u00f3n y rendimiento sin igual en una plataforma a\u00e9rea<\/strong><\/p>\n<p data-sourcepos=\"5:1-5:296\">La <strong>Palfinger P 480<\/strong> redefine el trabajo en altura con su dise\u00f1o innovador y su tecnolog\u00eda de \u00faltima generaci\u00f3n. Esta gr\u00faa articulada ofrece una precisi\u00f3n excepcional, un amplio rango de trabajo y una gran capacidad de carga, convirti\u00e9ndola en la soluci\u00f3n ideal para los trabajos m\u00e1s exigentes.<\/p>\n<p data-sourcepos=\"7:1-7:32\">\n<p data-sourcepos=\"7:1-7:32\"><strong>Caracter\u00edsticas principales:<\/strong><\/p>\n<ul data-sourcepos=\"9:1-22:0\">\n<li data-sourcepos=\"9:1-12:90\"><strong>Precisi\u00f3n incomparable:<\/strong>\n<ul data-sourcepos=\"10:5-12:90\">\n<li data-sourcepos=\"10:5-10:106\"><strong>Rotaci\u00f3n de la cesta de 2 x 200\u00b0:<\/strong>\u00a0Permite un posicionamiento milim\u00e9trico en cualquier direcci\u00f3n.<\/li>\n<li data-sourcepos=\"11:5-11:103\"><strong>X-jib 240\u00b0:<\/strong>\u00a0Ampl\u00eda significativamente el \u00e1rea de trabajo, incluso en zonas de dif\u00edcil acceso.<\/li>\n<li data-sourcepos=\"12:5-12:90\"><strong>Prolonga superior de m\u00e1s de 17 m:<\/strong>\u00a0Mayor alcance para trabajos en altura extrema.<\/li>\n<\/ul>\n<\/li>\n<li data-sourcepos=\"13:1-16:94\"><strong>Rendimiento excepcional:<\/strong>\n<ul data-sourcepos=\"14:5-16:94\">\n<li data-sourcepos=\"14:5-14:74\"><strong>Altura de trabajo de 48 metros:<\/strong>\u00a0Acceso a las zonas m\u00e1s elevadas.<\/li>\n<li data-sourcepos=\"15:5-15:94\"><strong>Capacidad de carga de 600 kg:<\/strong>\u00a0Permite transportar herramientas y materiales pesados.<\/li>\n<li data-sourcepos=\"16:5-16:94\"><strong>Sistema de optimizaci\u00f3n del alcance PALFINGER:<\/strong>\u00a0Maximiza la eficiencia en cada tarea.<\/li>\n<\/ul>\n<\/li>\n<li data-sourcepos=\"17:1-22:0\"><strong>Facilidad de uso y seguridad:<\/strong>\n<ul data-sourcepos=\"18:5-22:0\">\n<li data-sourcepos=\"18:5-18:71\"><strong>Gatos de 1.000 mm:<\/strong>\u00a0Mayor estabilidad en terrenos irregulares.<\/li>\n<li data-sourcepos=\"19:5-19:81\"><strong>Platos de apoyo horizontales:<\/strong>\u00a0Facilitan la nivelaci\u00f3n de la plataforma.<\/li>\n<li data-sourcepos=\"20:5-20:100\"><strong>Cajas de almacenamiento integradas:<\/strong>\u00a0Optimizan el espacio y el despliegue del equipamiento.<\/li>\n<li data-sourcepos=\"21:5-22:0\"><strong>Sistema Powerlift:<\/strong>\u00a0Aumenta la capacidad de carga en la cesta.<\/li>\n<\/ul>\n<\/li>\n<\/ul>\n<p data-sourcepos=\"23:1-23:42\">\n<p data-sourcepos=\"23:1-23:42\"><strong>Palfinger P 480: Perfecci\u00f3n en acci\u00f3n.<\/strong><\/p>","protected":false},"excerpt":{"rendered":"<h2 class=\"titulointerior\">Comprar Palfinger P 480<\/h2>\n<div class=\"elementor-element elementor-element-d18684c jedv-enabled--yes elementor-widget-divider--view-line elementor-widget elementor-widget-divider\" data-id=\"d18684c\" data-element_type=\"widget\" data-widget_type=\"divider.default\">\n<div class=\"elementor-widget-container\">\n<div class=\"elementor-divider\">\n\t\t\t<span class=\"elementor-divider-separator\"><br \/>\n\t\t\t\t\t\t<\/span>\n\t\t<\/div>\n<\/p><\/div>\n<\/p><\/div>\n<p>\t\t\t\u00bfEst\u00e1s interesado en comprar la Palfinger P 480 y optimizar tu proceso de trabajo y alcanzar nuevos niveles de productividad?<br \/>\n\t\t\tGr\u00faas y basculantes DAC vende maquinaria de Palfinger, en concreto la Palfinger P 480. Esta innovadora herramienta redefine los est\u00e1ndares de eficiencia y rendimiento.  <br \/>Esta m\u00e1quina cuenta con caracter\u00edsticas de vanguardia dise\u00f1adas para ofrecer resultados excepcionales. Desde su tecnolog\u00eda de \u00faltima generaci\u00f3n hasta su dise\u00f1o ergon\u00f3mico, cada detalle ha sido cuidadosamente considerado para satisfacer las demandas de los profesionales m\u00e1s exigentes.<br \/>Si est\u00e1s interesado en comprar la Palfinger P 480 no lo dudes, ll\u00e1manos o escr\u00edbenos para poder disfrutar de una maquinaria l\u00edder en el mercado <\/p>","protected":false},"featured_media":1329,"comment_status":"open","ping_status":"closed","template":"","meta":[],"product_brand":[],"product_cat":[22,47],"product_tag":[],"class_list":{"0":"post-1328","1":"product","2":"type-product","3":"status-publish","4":"has-post-thumbnail","6":"product_cat-plataformas-aereas-sobre-camion","7":"product_cat-clase-jumbo","9":"first","10":"instock","11":"shipping-taxable","12":"product-type-simple"},"_links":{"self":[{"href":"https:\/\/www.gruasybasculantesdac.com\/en\/wp-json\/wp\/v2\/product\/1328","targetHints":{"allow":["GET"]}}],"collection":[{"href":"https:\/\/www.gruasybasculantesdac.com\/en\/wp-json\/wp\/v2\/product"}],"about":[{"href":"https:\/\/www.gruasybasculantesdac.com\/en\/wp-json\/wp\/v2\/types\/product"}],"replies":[{"embeddable":true,"href":"https:\/\/www.gruasybasculantesdac.com\/en\/wp-json\/wp\/v2\/comments?post=1328"}],"wp:featuredmedia":[{"embeddable":true,"href":"https:\/\/www.gruasybasculantesdac.com\/en\/wp-json\/wp\/v2\/media\/1329"}],"wp:attachment":[{"href":"https:\/\/www.gruasybasculantesdac.com\/en\/wp-json\/wp\/v2\/media?parent=1328"}],"wp:term":[{"taxonomy":"product_brand","embeddable":true,"href":"https:\/\/www.gruasybasculantesdac.com\/en\/wp-json\/wp\/v2\/product_brand?post=1328"},{"taxonomy":"product_cat","embeddable":true,"href":"https:\/\/www.gruasybasculantesdac.com\/en\/wp-json\/wp\/v2\/product_cat?post=1328"},{"taxonomy":"product_tag","embeddable":true,"href":"https:\/\/www.gruasybasculantesdac.com\/en\/wp-json\/wp\/v2\/product_tag?post=1328"}],"curies":[{"name":"wp","href":"https:\/\/api.w.org\/{rel}","templated":true}]}}