{"id":1318,"date":"2024-03-26T18:46:41","date_gmt":"2024-03-26T17:46:41","guid":{"rendered":"https:\/\/www.gruasybasculantesdac.com\/?post_type=product&#038;p=1318"},"modified":"2024-03-26T18:46:41","modified_gmt":"2024-03-26T17:46:41","slug":"p-370-ks","status":"publish","type":"product","link":"https:\/\/www.gruasybasculantesdac.com\/en\/p-370-ks\/","title":{"rendered":"P 370 KS"},"content":{"rendered":"<p data-sourcepos=\"3:1-3:81\"><strong>El modelo superior en la clase Premium: potencia y versatilidad excepcionales<\/strong><\/p>\n<p data-sourcepos=\"5:1-5:371\">La <strong>Palfinger P 370 KS<\/strong> es una gr\u00faa articulada que representa lo mejor de dos mundos. Combina la impresionante flexibilidad de la serie WT con el dise\u00f1o compacto y el reconocido sistema de giro contrapuesto de la serie KS. El resultado es una plataforma \u00e1gil, vers\u00e1til, compacta y extremadamente potente, ideal para una amplia gama de aplicaciones de trabajo en altura.<\/p>\n<p data-sourcepos=\"7:1-7:32\">\n<p data-sourcepos=\"7:1-7:32\"><strong>Caracter\u00edsticas principales:<\/strong><\/p>\n<ul data-sourcepos=\"9:1-21:0\">\n<li data-sourcepos=\"9:1-11:107\"><strong>Maniobrabilidad y versatilidad superiores:<\/strong>\n<ul data-sourcepos=\"10:5-11:107\">\n<li data-sourcepos=\"10:5-10:163\"><strong>Sistema patentado de giro contrapuesto:<\/strong>\u00a0Permite un giro completo dentro del ancho de los retrovisores del veh\u00edculo, evitando la interrupci\u00f3n del tr\u00e1fico.<\/li>\n<li data-sourcepos=\"11:5-11:107\"><strong>Hereda la flexibilidad de la serie WT:<\/strong>\u00a0Amplio rango de movimiento para acceder a zonas dif\u00edciles.<\/li>\n<\/ul>\n<\/li>\n<li data-sourcepos=\"12:1-15:104\"><strong>Rendimiento excepcional:<\/strong>\n<ul data-sourcepos=\"13:5-15:104\">\n<li data-sourcepos=\"13:5-13:84\"><strong>Altura de trabajo de 37 metros:<\/strong>\u00a0Acceso a zonas elevadas de dif\u00edcil acceso.<\/li>\n<li data-sourcepos=\"14:5-14:106\"><strong>Capacidad de carga de la cesta de 500 kg:<\/strong>\u00a0Permite transportar herramientas y materiales pesados.<\/li>\n<li data-sourcepos=\"15:5-15:104\"><strong>Base de aluminio robusta de 2 metros de ancho:<\/strong>\u00a0Mayor estabilidad y comodidad para el operador.<\/li>\n<\/ul>\n<\/li>\n<li data-sourcepos=\"16:1-21:0\"><strong>Facilidad de uso y seguridad:<\/strong>\n<ul data-sourcepos=\"17:5-21:0\">\n<li data-sourcepos=\"17:5-17:93\"><strong>Sistema de posicionamiento autom\u00e1tico:<\/strong>\u00a0Configura la gr\u00faa de forma r\u00e1pida y precisa.<\/li>\n<li data-sourcepos=\"18:5-18:91\"><strong>Recorrido de estabilizaci\u00f3n de 1000 mm:<\/strong>\u00a0Permite trabajar en terrenos irregulares.<\/li>\n<li data-sourcepos=\"19:5-19:86\"><strong>Panel de control Premium en la cesta:<\/strong>\u00a0Facilita la operaci\u00f3n segura y c\u00f3moda.<\/li>\n<li data-sourcepos=\"20:5-21:0\"><strong>Sistema de informaci\u00f3n al conductor:<\/strong>\u00a0Muestra informaci\u00f3n clave en la cabina.<\/li>\n<\/ul>\n<\/li>\n<\/ul>\n<p data-sourcepos=\"22:1-22:45\">\n<p data-sourcepos=\"22:1-22:45\"><strong>Palfinger P 370 KS: Perfecci\u00f3n en acci\u00f3n.<\/strong><\/p>","protected":false},"excerpt":{"rendered":"<h2 class=\"titulointerior\">Comprar Palfinger P 370 KS<\/h2>\n<div class=\"elementor-element elementor-element-d18684c jedv-enabled--yes elementor-widget-divider--view-line elementor-widget elementor-widget-divider\" data-id=\"d18684c\" data-element_type=\"widget\" data-widget_type=\"divider.default\">\n<div class=\"elementor-widget-container\">\n<div class=\"elementor-divider\">\n\t\t\t<span class=\"elementor-divider-separator\"><br \/>\n\t\t\t\t\t\t<\/span>\n\t\t<\/div>\n<\/p><\/div>\n<\/p><\/div>\n<p>\t\t\t\u00bfEst\u00e1s interesado en comprar la Palfinger P 370 KS y optimizar tu proceso de trabajo y alcanzar nuevos niveles de productividad?<br \/>\n\t\t\tGr\u00faas y basculantes DAC vende maquinaria de Palfinger, en concreto la Palfinger P 370 KS. Esta innovadora herramienta redefine los est\u00e1ndares de eficiencia y rendimiento.  <br \/>Esta m\u00e1quina cuenta con caracter\u00edsticas de vanguardia dise\u00f1adas para ofrecer resultados excepcionales. Desde su tecnolog\u00eda de \u00faltima generaci\u00f3n hasta su dise\u00f1o ergon\u00f3mico, cada detalle ha sido cuidadosamente considerado para satisfacer las demandas de los profesionales m\u00e1s exigentes.<br \/>Si est\u00e1s interesado en comprar la Palfinger P 370 KS no lo dudes, ll\u00e1manos o escr\u00edbenos para poder disfrutar de una maquinaria l\u00edder en el mercado <\/p>","protected":false},"featured_media":1319,"comment_status":"open","ping_status":"closed","template":"","meta":[],"product_brand":[],"product_cat":[22,46],"product_tag":[],"class_list":{"0":"post-1318","1":"product","2":"type-product","3":"status-publish","4":"has-post-thumbnail","6":"product_cat-plataformas-aereas-sobre-camion","7":"product_cat-clase-premium","9":"first","10":"instock","11":"shipping-taxable","12":"product-type-simple"},"_links":{"self":[{"href":"https:\/\/www.gruasybasculantesdac.com\/en\/wp-json\/wp\/v2\/product\/1318","targetHints":{"allow":["GET"]}}],"collection":[{"href":"https:\/\/www.gruasybasculantesdac.com\/en\/wp-json\/wp\/v2\/product"}],"about":[{"href":"https:\/\/www.gruasybasculantesdac.com\/en\/wp-json\/wp\/v2\/types\/product"}],"replies":[{"embeddable":true,"href":"https:\/\/www.gruasybasculantesdac.com\/en\/wp-json\/wp\/v2\/comments?post=1318"}],"wp:featuredmedia":[{"embeddable":true,"href":"https:\/\/www.gruasybasculantesdac.com\/en\/wp-json\/wp\/v2\/media\/1319"}],"wp:attachment":[{"href":"https:\/\/www.gruasybasculantesdac.com\/en\/wp-json\/wp\/v2\/media?parent=1318"}],"wp:term":[{"taxonomy":"product_brand","embeddable":true,"href":"https:\/\/www.gruasybasculantesdac.com\/en\/wp-json\/wp\/v2\/product_brand?post=1318"},{"taxonomy":"product_cat","embeddable":true,"href":"https:\/\/www.gruasybasculantesdac.com\/en\/wp-json\/wp\/v2\/product_cat?post=1318"},{"taxonomy":"product_tag","embeddable":true,"href":"https:\/\/www.gruasybasculantesdac.com\/en\/wp-json\/wp\/v2\/product_tag?post=1318"}],"curies":[{"name":"wp","href":"https:\/\/api.w.org\/{rel}","templated":true}]}}