{"id":1309,"date":"2024-03-26T18:37:21","date_gmt":"2024-03-26T17:37:21","guid":{"rendered":"https:\/\/www.gruasybasculantesdac.com\/?post_type=product&#038;p=1309"},"modified":"2024-03-26T18:37:22","modified_gmt":"2024-03-26T17:37:22","slug":"p-300-ks","status":"publish","type":"product","link":"https:\/\/www.gruasybasculantesdac.com\/en\/p-300-ks\/","title":{"rendered":"P 300 KS"},"content":{"rendered":"<p data-sourcepos=\"3:1-3:71\"><strong>La gr\u00faa articulada que redefine la maniobrabilidad y el rendimiento<\/strong><\/p>\n<p data-sourcepos=\"5:1-5:306\">La <strong>Palfinger P 300 KS<\/strong> no solo cautiva por su dise\u00f1o elegante y moderno, sino que tambi\u00e9n conquista a los usuarios experimentados por su excepcional compacidad, rendimiento y radio de trabajo. Esta gr\u00faa articulada establece un nuevo est\u00e1ndar en su clase, ofreciendo una experiencia de trabajo sin igual.<\/p>\n<p data-sourcepos=\"7:1-7:32\">\n<p data-sourcepos=\"7:1-7:32\"><strong>Caracter\u00edsticas principales:<\/strong><\/p>\n<ul data-sourcepos=\"9:1-19:0\">\n<li data-sourcepos=\"9:1-11:72\"><strong>Maniobrabilidad sin igual:<\/strong>\n<ul data-sourcepos=\"10:5-11:72\">\n<li data-sourcepos=\"10:5-10:150\"><strong>Sistema contrarrotativo de giro:<\/strong>\u00a0Permite un giro completo de la plataforma dentro del ancho de los retrovisores, sin interrumpir el tr\u00e1fico.<\/li>\n<li data-sourcepos=\"11:5-11:72\"><strong>Dise\u00f1o compacto:<\/strong>\u00a0Facilita la navegaci\u00f3n en espacios estrechos.<\/li>\n<\/ul>\n<\/li>\n<li data-sourcepos=\"12:1-15:73\"><strong>Rendimiento superior:<\/strong>\n<ul data-sourcepos=\"13:5-15:73\">\n<li data-sourcepos=\"13:5-13:84\"><strong>Altura de trabajo de 30 metros:<\/strong>\u00a0Acceso a zonas elevadas de dif\u00edcil acceso.<\/li>\n<li data-sourcepos=\"14:5-14:94\"><strong>Capacidad de carga de 400 kg:<\/strong>\u00a0Permite transportar herramientas y materiales pesados.<\/li>\n<li data-sourcepos=\"15:5-15:73\"><strong>Amplio radio de trabajo:<\/strong>\u00a0Gran alcance para una mayor cobertura.<\/li>\n<\/ul>\n<\/li>\n<li data-sourcepos=\"16:1-19:0\"><strong>Facilidad de uso:<\/strong>\n<ul data-sourcepos=\"17:5-19:0\">\n<li data-sourcepos=\"17:5-17:65\"><strong>Funciones de confort:<\/strong>\u00a0Mayor comodidad para el operador.<\/li>\n<li data-sourcepos=\"18:5-19:0\"><strong>Panel de control moderno e intuitivo:<\/strong>\u00a0Facilita la operaci\u00f3n.<\/li>\n<\/ul>\n<\/li>\n<\/ul>\n<p data-sourcepos=\"20:1-20:45\">\n<p data-sourcepos=\"20:1-20:45\"><strong>Palfinger P 300 KS: Perfecci\u00f3n en acci\u00f3n.<\/strong><\/p>","protected":false},"excerpt":{"rendered":"<h2 class=\"titulointerior\">Comprar Palfinger P 300 KS<\/h2>\n<div class=\"elementor-element elementor-element-d18684c jedv-enabled--yes elementor-widget-divider--view-line elementor-widget elementor-widget-divider\" data-id=\"d18684c\" data-element_type=\"widget\" data-widget_type=\"divider.default\">\n<div class=\"elementor-widget-container\">\n<div class=\"elementor-divider\">\n\t\t\t<span class=\"elementor-divider-separator\"><br \/>\n\t\t\t\t\t\t<\/span>\n\t\t<\/div>\n<\/p><\/div>\n<\/p><\/div>\n<p>\t\t\t\u00bfEst\u00e1s interesado en comprar la Palfinger P 300 KS y optimizar tu proceso de trabajo y alcanzar nuevos niveles de productividad?<br \/>\n\t\t\tGr\u00faas y basculantes DAC vende maquinaria de Palfinger, en concreto la Palfinger P 300 KS. Esta innovadora herramienta redefine los est\u00e1ndares de eficiencia y rendimiento.  <br \/>Esta m\u00e1quina cuenta con caracter\u00edsticas de vanguardia dise\u00f1adas para ofrecer resultados excepcionales. Desde su tecnolog\u00eda de \u00faltima generaci\u00f3n hasta su dise\u00f1o ergon\u00f3mico, cada detalle ha sido cuidadosamente considerado para satisfacer las demandas de los profesionales m\u00e1s exigentes.<br \/>Si est\u00e1s interesado en comprar la Palfinger P 300 KS no lo dudes, ll\u00e1manos o escr\u00edbenos para poder disfrutar de una maquinaria l\u00edder en el mercado <\/p>","protected":false},"featured_media":1310,"comment_status":"open","ping_status":"closed","template":"","meta":[],"product_brand":[],"product_cat":[22,46],"product_tag":[],"class_list":{"0":"post-1309","1":"product","2":"type-product","3":"status-publish","4":"has-post-thumbnail","6":"product_cat-plataformas-aereas-sobre-camion","7":"product_cat-clase-premium","9":"first","10":"instock","11":"shipping-taxable","12":"product-type-simple"},"_links":{"self":[{"href":"https:\/\/www.gruasybasculantesdac.com\/en\/wp-json\/wp\/v2\/product\/1309","targetHints":{"allow":["GET"]}}],"collection":[{"href":"https:\/\/www.gruasybasculantesdac.com\/en\/wp-json\/wp\/v2\/product"}],"about":[{"href":"https:\/\/www.gruasybasculantesdac.com\/en\/wp-json\/wp\/v2\/types\/product"}],"replies":[{"embeddable":true,"href":"https:\/\/www.gruasybasculantesdac.com\/en\/wp-json\/wp\/v2\/comments?post=1309"}],"wp:featuredmedia":[{"embeddable":true,"href":"https:\/\/www.gruasybasculantesdac.com\/en\/wp-json\/wp\/v2\/media\/1310"}],"wp:attachment":[{"href":"https:\/\/www.gruasybasculantesdac.com\/en\/wp-json\/wp\/v2\/media?parent=1309"}],"wp:term":[{"taxonomy":"product_brand","embeddable":true,"href":"https:\/\/www.gruasybasculantesdac.com\/en\/wp-json\/wp\/v2\/product_brand?post=1309"},{"taxonomy":"product_cat","embeddable":true,"href":"https:\/\/www.gruasybasculantesdac.com\/en\/wp-json\/wp\/v2\/product_cat?post=1309"},{"taxonomy":"product_tag","embeddable":true,"href":"https:\/\/www.gruasybasculantesdac.com\/en\/wp-json\/wp\/v2\/product_tag?post=1309"}],"curies":[{"name":"wp","href":"https:\/\/api.w.org\/{rel}","templated":true}]}}